{"id":2598,"date":"2012-11-06T11:30:55","date_gmt":"2012-11-06T11:30:55","guid":{"rendered":"https:\/\/www.dosimetria.com\/empresa\/estructura-e-instalaciones\/"},"modified":"2014-10-16T17:10:34","modified_gmt":"2014-10-16T15:10:34","slug":"estructura-e-instalaciones","status":"publish","type":"page","link":"https:\/\/www.dosimetria.com\/gl\/empresa\/estructura-e-instalaciones\/","title":{"rendered":"Estrutura e instalaci\u00f3ns"},"content":{"rendered":"<ul>\n<li style=\"text-align: justify;\">PEME<\/li>\n<li style=\"text-align: justify;\">Instalaci\u00f3ns:\n<ul>\n<li>Sede central\u00a0en Barcelona: Laboratorio<\/li>\n<li>Delegaci\u00f3n Madrid:\u00a0 Procesos de xesti\u00f3n de clientes e punto de distribuci\u00f3n lox\u00edstica<\/li>\n<li>Delegaci\u00f3n Lisboa: Procesos de xesti\u00f3n de clientes e punto de distribuci\u00f3n lox\u00edstica<\/li>\n<\/ul>\n<\/li>\n<li>Factores clave:\n<ul>\n<li style=\"text-align: justify;\">Recursos humanos capacitados e cualificados en \u00e1rea t\u00e9cnica, de xesti\u00f3n\u00a0e de\u00a0soporte<\/li>\n<li style=\"text-align: justify;\">Tecnolox\u00edas e sistemas da informaci\u00f3n\u00a0\u00a0(ERP e CRM)<\/li>\n<li style=\"text-align: justify;\">Equipamento de laboratorio certificado e calibrado segundo a normativa e as esixencias de fabricantes<\/li>\n<li style=\"text-align: justify;\">Sistema integral de xesti\u00f3n QMS \u2013 Calidade, Medio ambiente e Seguridade implantado para o desenvolvemento da actividade e procesos<\/li>\n<\/ul>\n<\/li>\n<\/ul>\n","protected":false},"excerpt":{"rendered":"<p>PEME Instalaci\u00f3ns: Sede central\u00a0en Barcelona: Laboratorio Delegaci\u00f3n Madrid:\u00a0 Procesos de xesti\u00f3n de clientes e punto de distribuci\u00f3n lox\u00edstica Delegaci\u00f3n Lisboa: Procesos de xesti\u00f3n de clientes e punto de distribuci\u00f3n lox\u00edstica Factores clave: Recursos humanos capacitados e cualificados en \u00e1rea t\u00e9cnica, de xesti\u00f3n\u00a0e de\u00a0soporte Tecnolox\u00edas e sistemas da informaci\u00f3n\u00a0\u00a0(ERP e CRM) Equipamento de laboratorio certificado e [&hellip;]<\/p>\n","protected":false},"author":22,"featured_media":0,"parent":2591,"menu_order":3,"comment_status":"closed","ping_status":"open","template":"","meta":{"_acf_changed":false,"footnotes":""},"class_list":["post-2598","page","type-page","status-publish","hentry"],"acf":[],"_links":{"self":[{"href":"https:\/\/www.dosimetria.com\/gl\/wp-json\/wp\/v2\/pages\/2598"}],"collection":[{"href":"https:\/\/www.dosimetria.com\/gl\/wp-json\/wp\/v2\/pages"}],"about":[{"href":"https:\/\/www.dosimetria.com\/gl\/wp-json\/wp\/v2\/types\/page"}],"author":[{"embeddable":true,"href":"https:\/\/www.dosimetria.com\/gl\/wp-json\/wp\/v2\/users\/22"}],"replies":[{"embeddable":true,"href":"https:\/\/www.dosimetria.com\/gl\/wp-json\/wp\/v2\/comments?post=2598"}],"version-history":[{"count":0,"href":"https:\/\/www.dosimetria.com\/gl\/wp-json\/wp\/v2\/pages\/2598\/revisions"}],"up":[{"embeddable":true,"href":"https:\/\/www.dosimetria.com\/gl\/wp-json\/wp\/v2\/pages\/2591"}],"wp:attachment":[{"href":"https:\/\/www.dosimetria.com\/gl\/wp-json\/wp\/v2\/media?parent=2598"}],"curies":[{"name":"wp","href":"https:\/\/api.w.org\/{rel}","templated":true}]}}