{"id":2602,"date":"2012-11-06T11:31:50","date_gmt":"2012-11-06T11:31:50","guid":{"rendered":"https:\/\/www.dosimetria.com\/empresa\/colaboradores\/"},"modified":"2014-10-16T17:12:26","modified_gmt":"2014-10-16T15:12:26","slug":"colaboradores","status":"publish","type":"page","link":"https:\/\/www.dosimetria.com\/gl\/empresa\/colaboradores\/","title":{"rendered":"Colaboradores"},"content":{"rendered":"<p>A colaboraci\u00f3n foi, \u00e9 e ser\u00e1\u00a0sempre unha das prioridades do <strong>centro de dosimetr\u00eda<\/strong> coa finalidade de maximizar a calidade do SDP e, polo tanto, a satisfacci\u00f3n do cliente final. Os principais eixes sobre os que se desenvolveron proxectos de colaboraci\u00f3n son:<\/p>\n<ul>\n<li>Organismo regulador (CSN)\u00a0e outras organizaci\u00f3ns de \u00e1mbito nacional e internacional<\/li>\n<li>Clientes tales como Hospitais, Centros de investigaci\u00f3n<\/li>\n<li>Empresas do sector que ofrecen servizos relacionados:\n<ul>\n<li>Unidades T\u00e9cnicas de Protecci\u00f3n Radiol\u00f3xica (UTPR)<\/li>\n<li>Empresas de formaci\u00f3n<\/li>\n<li>Desenvolvemento de novas tecnolox\u00edas<\/li>\n<\/ul>\n<\/li>\n<li>Provedores de lox\u00edstica\u00a0integrantes na cadea de subministraci\u00f3n do servizo<\/li>\n<\/ul>\n","protected":false},"excerpt":{"rendered":"<p>A colaboraci\u00f3n foi, \u00e9 e ser\u00e1\u00a0sempre unha das prioridades do centro de dosimetr\u00eda coa finalidade de maximizar a calidade do SDP e, polo tanto, a satisfacci\u00f3n do cliente final. Os principais eixes sobre os que se desenvolveron proxectos de colaboraci\u00f3n son: Organismo regulador (CSN)\u00a0e outras organizaci\u00f3ns de \u00e1mbito nacional e internacional Clientes tales como Hospitais, [&hellip;]<\/p>\n","protected":false},"author":22,"featured_media":0,"parent":2591,"menu_order":5,"comment_status":"closed","ping_status":"open","template":"","meta":{"_acf_changed":false,"footnotes":""},"class_list":["post-2602","page","type-page","status-publish","hentry"],"acf":[],"_links":{"self":[{"href":"https:\/\/www.dosimetria.com\/gl\/wp-json\/wp\/v2\/pages\/2602"}],"collection":[{"href":"https:\/\/www.dosimetria.com\/gl\/wp-json\/wp\/v2\/pages"}],"about":[{"href":"https:\/\/www.dosimetria.com\/gl\/wp-json\/wp\/v2\/types\/page"}],"author":[{"embeddable":true,"href":"https:\/\/www.dosimetria.com\/gl\/wp-json\/wp\/v2\/users\/22"}],"replies":[{"embeddable":true,"href":"https:\/\/www.dosimetria.com\/gl\/wp-json\/wp\/v2\/comments?post=2602"}],"version-history":[{"count":0,"href":"https:\/\/www.dosimetria.com\/gl\/wp-json\/wp\/v2\/pages\/2602\/revisions"}],"up":[{"embeddable":true,"href":"https:\/\/www.dosimetria.com\/gl\/wp-json\/wp\/v2\/pages\/2591"}],"wp:attachment":[{"href":"https:\/\/www.dosimetria.com\/gl\/wp-json\/wp\/v2\/media?parent=2602"}],"curies":[{"name":"wp","href":"https:\/\/api.w.org\/{rel}","templated":true}]}}