{"id":2604,"date":"2012-11-06T11:31:15","date_gmt":"2012-11-06T11:31:15","guid":{"rendered":"https:\/\/www.dosimetria.com\/empresa\/organizacion\/"},"modified":"2014-10-16T17:13:36","modified_gmt":"2014-10-16T15:13:36","slug":"organizacion","status":"publish","type":"page","link":"https:\/\/www.dosimetria.com\/gl\/empresa\/organizacion\/","title":{"rendered":"Organizaci\u00f3n"},"content":{"rendered":"<p>&nbsp;<\/p>\n<p><strong>Funci\u00f3ns e Responsabilidades<\/strong><\/p>\n<ul>\n<li><strong>Direcci\u00f3n: <\/strong>Definici\u00f3n da estratexia de empresa tanto na \u00e1rea t\u00e9cnica (laboratorio) coma nas \u00e1reas de xesti\u00f3n e soporte<\/li>\n<li><strong>Comit\u00e9 QMS: <\/strong>Integrado por persoal de cada unha das \u00e1reas, e responsable de avaliar que a empresa cumpre cos criterios establecidos de Calidade, Medio Ambiente e Seguridade<\/li>\n<li><strong>\u00c1rea t\u00e9cnica: <\/strong>\n<ul>\n<li>Xesti\u00f3n co organismo regulador (Consello Seguridade Nuclear)<\/li>\n<li>Asegurar a calidade do ensaio (Lecturas dosim\u00e9tricas) e dos resultados (Informes)<\/li>\n<li>Xesti\u00f3n e control dos procesos operativos do\u00a0laboratorio<\/li>\n<li>Mantemento dos equipos do laboratorio<\/li>\n<\/ul>\n<\/li>\n<li><strong>\u00c1reas de xesti\u00f3n: <\/strong>Xesti\u00f3n e seguimento dos procesos operativos propios da xesti\u00f3n do servizo\n<ul>\n<li>Xesti\u00f3n dos clientes<\/li>\n<li>Distribuci\u00f3n dos dos\u00edmetros (Env\u00edos, rexistro e manipulaci\u00f3n interna)<\/li>\n<li>Xesti\u00f3n da facturaci\u00f3n<\/li>\n<\/ul>\n<\/li>\n<li><strong>\u00c1reas de soporte:\u00a0\u00a0<\/strong>\u00c1reas\u00a0cuxa finalidade \u00e9\u00a0fomentar\u00a0a mellora continua do SDP desenvolvendo\n<ul>\n<li>Implantaci\u00f3n de proxectos internos e con clientes<\/li>\n<li>Aplicaci\u00f3n de sistemas e tecnolox\u00edas da informaci\u00f3n de \u00faltima xeraci\u00f3n<\/li>\n<\/ul>\n<\/li>\n<\/ul>\n","protected":false},"excerpt":{"rendered":"<p>&nbsp; Funci\u00f3ns e Responsabilidades Direcci\u00f3n: Definici\u00f3n da estratexia de empresa tanto na \u00e1rea t\u00e9cnica (laboratorio) coma nas \u00e1reas de xesti\u00f3n e soporte Comit\u00e9 QMS: Integrado por persoal de cada unha das \u00e1reas, e responsable de avaliar que a empresa cumpre cos criterios establecidos de Calidade, Medio Ambiente e Seguridade \u00c1rea t\u00e9cnica: Xesti\u00f3n co organismo regulador [&hellip;]<\/p>\n","protected":false},"author":22,"featured_media":0,"parent":2591,"menu_order":4,"comment_status":"closed","ping_status":"closed","template":"","meta":{"_acf_changed":false,"footnotes":""},"class_list":["post-2604","page","type-page","status-publish","hentry"],"acf":[],"_links":{"self":[{"href":"https:\/\/www.dosimetria.com\/gl\/wp-json\/wp\/v2\/pages\/2604"}],"collection":[{"href":"https:\/\/www.dosimetria.com\/gl\/wp-json\/wp\/v2\/pages"}],"about":[{"href":"https:\/\/www.dosimetria.com\/gl\/wp-json\/wp\/v2\/types\/page"}],"author":[{"embeddable":true,"href":"https:\/\/www.dosimetria.com\/gl\/wp-json\/wp\/v2\/users\/22"}],"replies":[{"embeddable":true,"href":"https:\/\/www.dosimetria.com\/gl\/wp-json\/wp\/v2\/comments?post=2604"}],"version-history":[{"count":0,"href":"https:\/\/www.dosimetria.com\/gl\/wp-json\/wp\/v2\/pages\/2604\/revisions"}],"up":[{"embeddable":true,"href":"https:\/\/www.dosimetria.com\/gl\/wp-json\/wp\/v2\/pages\/2591"}],"wp:attachment":[{"href":"https:\/\/www.dosimetria.com\/gl\/wp-json\/wp\/v2\/media?parent=2604"}],"curies":[{"name":"wp","href":"https:\/\/api.w.org\/{rel}","templated":true}]}}