{"id":2606,"date":"2012-11-06T10:24:59","date_gmt":"2012-11-06T10:24:59","guid":{"rendered":"https:\/\/www.dosimetria.com\/servicio\/"},"modified":"2016-06-27T11:50:52","modified_gmt":"2016-06-27T09:50:52","slug":"servicios-sdp","status":"publish","type":"page","link":"https:\/\/www.dosimetria.com\/gl\/servicios-sdp\/","title":{"rendered":"Servizo"},"content":{"rendered":"<p>A contrataci\u00f3n do SDP\u00a0incl\u00fae como prestaci\u00f3ns b\u00e1sicas: a asignaci\u00f3n, distribuci\u00f3n e an\u00e1lise dos dos\u00edmetros; a elaboraci\u00f3n e env\u00edo de informes dosim\u00e9tricos; a comunicaci\u00f3n de doses aos organismos reguladores.<\/p>\n<p>Como especialista en SDP, <strong>centro de dosimetr\u00eda<\/strong> fomenta a mellora continua en cada unha das facetas do servizo,\u00a0desenvolvendo prestaci\u00f3ns adicionais\u00a0e\u00a0ferramentas\u00a0 \u201cad-hoc\u201d <em>(*1)<\/em> \u00a0acorde coas necesidades espec\u00edficas de cada sector e cliente.<\/p>\n<p>No\u00a0folleto de \u201cBenvida &#8211; SDP\u201d\u00a0 res\u00famese\u00a0o servizo e as s\u00faas condici\u00f3ns de uso. (Que \u00e9 un servizo de dosimetr\u00eda? Que \u00e9 un dos\u00edmetro? Cando e como levar os dos\u00edmetros? Como se miden as doses? etc.)<\/p>\n<p><em>\u00a0(*1) <\/em><strong><em>Ad hoc<\/em><\/strong><em> \u00e9 unha\u00a0locuci\u00f3n latina\u00a0que significa literalmente \u00abpara isto\u00bb. Xeralmente, ref\u00edrese a unha soluci\u00f3n elaborada especificamente para un problema ou fin preciso e, polo tanto, non \u00e9 xeneralizable nin utilizable para outros prop\u00f3sitos.<\/em><\/p>\n","protected":false},"excerpt":{"rendered":"<p>A contrataci\u00f3n do SDP\u00a0incl\u00fae como prestaci\u00f3ns b\u00e1sicas: a asignaci\u00f3n, distribuci\u00f3n e an\u00e1lise dos dos\u00edmetros; a elaboraci\u00f3n e env\u00edo de informes dosim\u00e9tricos; a comunicaci\u00f3n de doses aos organismos reguladores. Como especialista en SDP, centro de dosimetr\u00eda fomenta a mellora continua en cada unha das facetas do servizo,\u00a0desenvolvendo prestaci\u00f3ns adicionais\u00a0e\u00a0ferramentas\u00a0 \u201cad-hoc\u201d (*1) \u00a0acorde coas necesidades espec\u00edficas de [&hellip;]<\/p>\n","protected":false},"author":22,"featured_media":0,"parent":0,"menu_order":3,"comment_status":"closed","ping_status":"closed","template":"page-imagensuperior.php","meta":{"_acf_changed":false,"footnotes":""},"class_list":["post-2606","page","type-page","status-publish","hentry"],"acf":[],"_links":{"self":[{"href":"https:\/\/www.dosimetria.com\/gl\/wp-json\/wp\/v2\/pages\/2606"}],"collection":[{"href":"https:\/\/www.dosimetria.com\/gl\/wp-json\/wp\/v2\/pages"}],"about":[{"href":"https:\/\/www.dosimetria.com\/gl\/wp-json\/wp\/v2\/types\/page"}],"author":[{"embeddable":true,"href":"https:\/\/www.dosimetria.com\/gl\/wp-json\/wp\/v2\/users\/22"}],"replies":[{"embeddable":true,"href":"https:\/\/www.dosimetria.com\/gl\/wp-json\/wp\/v2\/comments?post=2606"}],"version-history":[{"count":0,"href":"https:\/\/www.dosimetria.com\/gl\/wp-json\/wp\/v2\/pages\/2606\/revisions"}],"wp:attachment":[{"href":"https:\/\/www.dosimetria.com\/gl\/wp-json\/wp\/v2\/media?parent=2606"}],"curies":[{"name":"wp","href":"https:\/\/api.w.org\/{rel}","templated":true}]}}