{"id":2608,"date":"2012-11-06T11:37:02","date_gmt":"2012-11-06T11:37:02","guid":{"rendered":"https:\/\/www.dosimetria.com\/servicios-sdp\/contratacion-servicio\/"},"modified":"2014-10-16T17:16:07","modified_gmt":"2014-10-16T15:16:07","slug":"contratacion-servicio","status":"publish","type":"page","link":"https:\/\/www.dosimetria.com\/gl\/servicios-sdp\/contratacion-servicio\/","title":{"rendered":"Contrataci\u00f3n servizo"},"content":{"rendered":"<p>Fases do proceso de contrataci\u00f3n:<\/p>\n<p>1.-\u00a0 Solicitude\u00a0de orzamento<\/p>\n<ul>\n<li>Utilice o\u00a0formulario\u00a0web \u201cPetici\u00f3n de orzamento\u201d<\/li>\n<li>Ou \u201cEnv\u00edanos un mail\u201d para que contactemos con vostede<\/li>\n<li>Ou\u00a0\u201cContacta con n\u00f3s\u201d nos tel\u00e9fonos indicados<\/li>\n<\/ul>\n<p>2.- Proposta de servizo<\/p>\n<p>Enviar\u00e9moslle un\u00a0orzamento segundo\u00a0as tarifas e xuntaremos:<\/p>\n<ul>\n<li>Documentaci\u00f3n\u00a0t\u00e9cnica b\u00e1sica de\u00a0presentaci\u00f3n do servizo<\/li>\n<li>Formulario de inscrici\u00f3n ao Servizo<\/li>\n<\/ul>\n<p>3- Activaci\u00f3n do servizo e asignaci\u00f3n de dos\u00edmetros:\u00a0No caso de interese na contrataci\u00f3n<\/p>\n<ul>\n<li>Remita cuberto o formulario de inscrici\u00f3n<\/li>\n<li>Contactaremos con vostede\u00a0para informalo da alta e das condici\u00f3ns de uso do servizo<\/li>\n<li>Procederase\u00a0ao rexistro de inscrici\u00f3n, asignaci\u00f3n da dotaci\u00f3n de dos\u00edmetros e env\u00edo aos centros de traballo mediante a lox\u00edstica elixida<\/li>\n<\/ul>\n<p>4.- Actualizaci\u00f3n do contrato<\/p>\n<ul>\n<li>Emisi\u00f3n do certificado de alta no servizo<\/li>\n<li>Segundo a tipolox\u00eda do contratante, prepararase un contrato adicional ao formulario de inscrici\u00f3n<\/li>\n<li>Actualizarase a dotaci\u00f3n de dos\u00edmetros e datos do usuario mediante as comunicaci\u00f3ns documentadas\u00a0ao departamento de clientes das alteraci\u00f3ns requiridas polo contratante ou\u00a0polo responsable asignado\u00a0durante a execuci\u00f3n deste<\/li>\n<\/ul>\n<p>&nbsp;<\/p>\n","protected":false},"excerpt":{"rendered":"<p>Fases do proceso de contrataci\u00f3n: 1.-\u00a0 Solicitude\u00a0de orzamento Utilice o\u00a0formulario\u00a0web \u201cPetici\u00f3n de orzamento\u201d Ou \u201cEnv\u00edanos un mail\u201d para que contactemos con vostede Ou\u00a0\u201cContacta con n\u00f3s\u201d nos tel\u00e9fonos indicados 2.- Proposta de servizo Enviar\u00e9moslle un\u00a0orzamento segundo\u00a0as tarifas e xuntaremos: Documentaci\u00f3n\u00a0t\u00e9cnica b\u00e1sica de\u00a0presentaci\u00f3n do servizo Formulario de inscrici\u00f3n ao Servizo 3- Activaci\u00f3n do servizo e asignaci\u00f3n de [&hellip;]<\/p>\n","protected":false},"author":22,"featured_media":0,"parent":2606,"menu_order":1,"comment_status":"closed","ping_status":"open","template":"","meta":{"_acf_changed":false,"footnotes":""},"class_list":["post-2608","page","type-page","status-publish","hentry"],"acf":[],"_links":{"self":[{"href":"https:\/\/www.dosimetria.com\/gl\/wp-json\/wp\/v2\/pages\/2608"}],"collection":[{"href":"https:\/\/www.dosimetria.com\/gl\/wp-json\/wp\/v2\/pages"}],"about":[{"href":"https:\/\/www.dosimetria.com\/gl\/wp-json\/wp\/v2\/types\/page"}],"author":[{"embeddable":true,"href":"https:\/\/www.dosimetria.com\/gl\/wp-json\/wp\/v2\/users\/22"}],"replies":[{"embeddable":true,"href":"https:\/\/www.dosimetria.com\/gl\/wp-json\/wp\/v2\/comments?post=2608"}],"version-history":[{"count":0,"href":"https:\/\/www.dosimetria.com\/gl\/wp-json\/wp\/v2\/pages\/2608\/revisions"}],"up":[{"embeddable":true,"href":"https:\/\/www.dosimetria.com\/gl\/wp-json\/wp\/v2\/pages\/2606"}],"wp:attachment":[{"href":"https:\/\/www.dosimetria.com\/gl\/wp-json\/wp\/v2\/media?parent=2608"}],"curies":[{"name":"wp","href":"https:\/\/api.w.org\/{rel}","templated":true}]}}