{"id":2610,"date":"2012-11-06T11:37:45","date_gmt":"2012-11-06T11:37:45","guid":{"rendered":"https:\/\/www.dosimetria.com\/servicios-sdp\/envios-dosimetros\/"},"modified":"2016-06-27T11:52:34","modified_gmt":"2016-06-27T09:52:34","slug":"envios-dosimetros","status":"publish","type":"page","link":"https:\/\/www.dosimetria.com\/gl\/servicios-sdp\/envios-dosimetros\/","title":{"rendered":"Env\u00edos dos\u00edmetros"},"content":{"rendered":"<p>A <strong>lox\u00edstica<\/strong> \u00e9 un proceso fundamental no bo funcionamento do servizo. Os env\u00edos dos dos\u00edmetros aos clientes e o seu retorno deben permitir a trazabilidade e seguimento destes. \u00c9 por iso que <strong>centro de dosimetr\u00eda<\/strong> traballa en estreita colaboraci\u00f3n con empresas de distribuci\u00f3n a nivel nacional nos seguintes aspectos:<\/p>\n<ul>\n<li>Contrato anual con empresas distribuidoras<\/li>\n<li>Revisi\u00f3n anual de tarifas<\/li>\n<li>Codificaci\u00f3n dos env\u00edos<\/li>\n<li>Integraci\u00f3n de bases de datos que permitan o seguimento (tracking) do env\u00edo e identificaci\u00f3n do motivo de perda<\/li>\n<li>Aboamento ou eliminaci\u00f3n do cargo por perda dos dos\u00edmetros, se o motivo \u00e9 alleo ao cliente e se cumpre as especificaci\u00f3ns contratadas.<\/li>\n<\/ul>\n<p>Posibilidade de contratar\u00a0diferentes<strong>\u00a0modalidades\u00a0de env\u00edos <\/strong>segundo necesidades do cliente:<\/p>\n<ul>\n<li>Correo certificado<\/li>\n<li>Mensaxar\u00eda por un provedor de <strong>centro de dosimetr\u00eda<\/strong><\/li>\n<li>Mensaxar\u00eda cliente<\/li>\n<li>Env\u00edos especiais<\/li>\n<\/ul>\n<p>Os <strong>provedores<\/strong> utilizados por <strong>centro de dosimetr\u00eda<\/strong> son:<\/p>\n<ul>\n<li>CORREOS E TEL\u00c9GRAFOS S. A.<\/li>\n<li>Mensaxar\u00eda a nivel pen\u00ednsula ib\u00e9rica<\/li>\n<\/ul>\n<p>A <strong>embalaxe<\/strong> utilizada para estes env\u00edos \u00e9 outro factor fundamental para asegurar o bo tratamento dos paquetes durante o transporte. Por iso,<strong> centro de dosimetr\u00eda<\/strong> prov\u00e9 diferentes tipos tanto da embalaxe de ida coma da de volta, que se diferencian segundo a tipolox\u00eda do cliente\/env\u00edo e todas elas marcadas co s\u00edmbolo de \u201cNon Irradiar\u201d.<\/p>\n","protected":false},"excerpt":{"rendered":"<p>A lox\u00edstica \u00e9 un proceso fundamental no bo funcionamento do servizo. Os env\u00edos dos dos\u00edmetros aos clientes e o seu retorno deben permitir a trazabilidade e seguimento destes. \u00c9 por iso que centro de dosimetr\u00eda traballa en estreita colaboraci\u00f3n con empresas de distribuci\u00f3n a nivel nacional nos seguintes aspectos: Contrato anual con empresas distribuidoras Revisi\u00f3n [&hellip;]<\/p>\n","protected":false},"author":22,"featured_media":0,"parent":2606,"menu_order":2,"comment_status":"closed","ping_status":"open","template":"page-imagensuperior.php","meta":{"_acf_changed":false,"footnotes":""},"class_list":["post-2610","page","type-page","status-publish","hentry"],"acf":[],"_links":{"self":[{"href":"https:\/\/www.dosimetria.com\/gl\/wp-json\/wp\/v2\/pages\/2610"}],"collection":[{"href":"https:\/\/www.dosimetria.com\/gl\/wp-json\/wp\/v2\/pages"}],"about":[{"href":"https:\/\/www.dosimetria.com\/gl\/wp-json\/wp\/v2\/types\/page"}],"author":[{"embeddable":true,"href":"https:\/\/www.dosimetria.com\/gl\/wp-json\/wp\/v2\/users\/22"}],"replies":[{"embeddable":true,"href":"https:\/\/www.dosimetria.com\/gl\/wp-json\/wp\/v2\/comments?post=2610"}],"version-history":[{"count":0,"href":"https:\/\/www.dosimetria.com\/gl\/wp-json\/wp\/v2\/pages\/2610\/revisions"}],"up":[{"embeddable":true,"href":"https:\/\/www.dosimetria.com\/gl\/wp-json\/wp\/v2\/pages\/2606"}],"wp:attachment":[{"href":"https:\/\/www.dosimetria.com\/gl\/wp-json\/wp\/v2\/media?parent=2610"}],"curies":[{"name":"wp","href":"https:\/\/api.w.org\/{rel}","templated":true}]}}