{"id":2612,"date":"2012-11-06T11:38:05","date_gmt":"2012-11-06T11:38:05","guid":{"rendered":"https:\/\/www.dosimetria.com\/servicios-sdp\/informes-dosimetricos\/"},"modified":"2017-06-14T13:31:58","modified_gmt":"2017-06-14T11:31:58","slug":"informes-dosimetricos","status":"publish","type":"page","link":"https:\/\/www.dosimetria.com\/gl\/servicios-sdp\/informes-dosimetricos\/","title":{"rendered":"Informes dosim\u00e9tricos"},"content":{"rendered":"<p><img loading=\"lazy\" decoding=\"async\" class=\"alignnone size-full wp-image-328\" title=\"INFDOSIMETRICOS_muntatge_v2\" src=\"https:\/\/www.dosimetria.com\/wp-content\/uploads\/2012\/11\/INFDOSIMETRICOS_muntatge_v2.jpg\" alt=\"\" width=\"280\" height=\"214\" srcset=\"https:\/\/www.dosimetria.com\/wp-content\/uploads\/2012\/11\/INFDOSIMETRICOS_muntatge_v2.jpg 280w, https:\/\/www.dosimetria.com\/wp-content\/uploads\/2012\/11\/INFDOSIMETRICOS_muntatge_v2-170x129.jpg 170w\" sizes=\"(max-width: 280px) 100vw, 280px\" \/><\/p>\n<p><strong>Informe mensual<\/strong><\/p>\n<ul>\n<li>O informe mensual de dosimetr\u00eda persoal cont\u00e9n as doses equivalentes recibidas por cada usuario da instalaci\u00f3n.<\/li>\n<li>Incl\u00faense as doses equivalentes calculadas, asignadas e informaci\u00f3n adicional se procede, como por exemplo as \u201cnotas de valoraci\u00f3n de doses\u201d baseadas en criterios obxectivos respecto aos l\u00edmites establecidos na lexislaci\u00f3n ou respecto ao historial dosim\u00e9trico do traballador.<\/li>\n<\/ul>\n<p><strong>Informe anual individual<\/strong><\/p>\n<ul>\n<li>Emisi\u00f3n dun informe anual individual para cada\u00a0traballador e control dosim\u00e9trico, onde se resumen os resultados\u00a0mensuais e as posibles incidencias.<\/li>\n<\/ul>\n<p><strong>Emisi\u00f3n e env\u00edo de informes<\/strong><\/p>\n<ul>\n<li>En xeral, os informes env\u00edanse por correo ordinario.<\/li>\n<li>Adicionalmente, a petici\u00f3n do cliente, p\u00f3dese ter\u00a0acceso a estes por internet na aplicaci\u00f3n <strong>cdNET<\/strong>.<\/li>\n<\/ul>\n<ul>\n<li><strong>centro\u00a0de dosimetr\u00eda<\/strong> ten como un dos seus\u00a0obxectivos principais na s\u00faa pol\u00edtica de respecto polo medio ambiente,\u00a0mellorar\u00a0as funcionalidades desta aplicaci\u00f3n para reducir o env\u00edo de informes en papel.<\/li>\n<\/ul>\n<p><strong>Comunicaci\u00f3n aos organismos reguladores<\/strong><\/p>\n<p><strong>centro\u00a0de dosimetr\u00eda<\/strong> comunica os datos de empresas, instalaci\u00f3ns e doses obtidas dos traballadores profesionalmente expostos de acordo cos requirimentos establecidos polos organismos reguladores de cada pa\u00eds:<\/p>\n<p><strong>Organismo regulador en Espa\u00f1a<\/strong>: Consello de Seguridade Nuclear (CSN), segundo a IT de referencia CSN\/IT\/SDP\/CDO\/03\/02 do 15\/04\/2003.<\/p>\n<p><strong>Organismos reguladores en Portugal<\/strong>: Instituto Superior T\u00e9cnico\/Instituto Tecnol\u00f3xico e Nuclear (IST\/ITN) e Direcci\u00f3n Xeral de Sa\u00fade (DGS), segundo o establecido no artigo 21 do DL n\u00ba 167\/2002 do 18\/07\/2002.<\/p>\n","protected":false},"excerpt":{"rendered":"<p>Informe mensual O informe mensual de dosimetr\u00eda persoal cont\u00e9n as doses equivalentes recibidas por cada usuario da instalaci\u00f3n. Incl\u00faense as doses equivalentes calculadas, asignadas e informaci\u00f3n adicional se procede, como por exemplo as \u201cnotas de valoraci\u00f3n de doses\u201d baseadas en criterios obxectivos respecto aos l\u00edmites establecidos na lexislaci\u00f3n ou respecto ao historial dosim\u00e9trico do traballador. [&hellip;]<\/p>\n","protected":false},"author":22,"featured_media":0,"parent":2606,"menu_order":3,"comment_status":"closed","ping_status":"open","template":"","meta":{"_acf_changed":false,"footnotes":""},"class_list":["post-2612","page","type-page","status-publish","hentry"],"acf":[],"_links":{"self":[{"href":"https:\/\/www.dosimetria.com\/gl\/wp-json\/wp\/v2\/pages\/2612"}],"collection":[{"href":"https:\/\/www.dosimetria.com\/gl\/wp-json\/wp\/v2\/pages"}],"about":[{"href":"https:\/\/www.dosimetria.com\/gl\/wp-json\/wp\/v2\/types\/page"}],"author":[{"embeddable":true,"href":"https:\/\/www.dosimetria.com\/gl\/wp-json\/wp\/v2\/users\/22"}],"replies":[{"embeddable":true,"href":"https:\/\/www.dosimetria.com\/gl\/wp-json\/wp\/v2\/comments?post=2612"}],"version-history":[{"count":0,"href":"https:\/\/www.dosimetria.com\/gl\/wp-json\/wp\/v2\/pages\/2612\/revisions"}],"up":[{"embeddable":true,"href":"https:\/\/www.dosimetria.com\/gl\/wp-json\/wp\/v2\/pages\/2606"}],"wp:attachment":[{"href":"https:\/\/www.dosimetria.com\/gl\/wp-json\/wp\/v2\/media?parent=2612"}],"curies":[{"name":"wp","href":"https:\/\/api.w.org\/{rel}","templated":true}]}}