{"id":2614,"date":"2012-11-06T11:38:35","date_gmt":"2012-11-06T11:38:35","guid":{"rendered":"https:\/\/www.dosimetria.com\/servicios-sdp\/facturacion\/"},"modified":"2016-10-26T11:03:33","modified_gmt":"2016-10-26T09:03:33","slug":"facturacion","status":"publish","type":"page","link":"https:\/\/www.dosimetria.com\/gl\/servicios-sdp\/facturacion\/","title":{"rendered":"Facturaci\u00f3n"},"content":{"rendered":"<p><strong>Tarifas do servizo<\/strong><\/p>\n<ul>\n<li>O prezo do servizo est\u00e1 estandarizado segundo as seguintes tarifas:\n<ul>\n<li>Tarifas para profesionais e pequenas empresas de1 a10 usuarios\/ controis dosim\u00e9tricos para unha instalaci\u00f3n e factura \u00fanica.<\/li>\n<li>Tarifas para empresas con m\u00e1is de 10 usuarios\/ controis nos que se calcula a tarifa ademais de polo n\u00famero de usuarios, pola distribuci\u00f3n destes<\/li>\n<li>Tarifas especiais para servizos non continuados ou temporais e outras casu\u00edsticas<\/li>\n<li>Inf\u00f3rmase tam\u00e9n das tarifas de mensaxar\u00eda que <strong>centro de dosimetr\u00eda<\/strong> pode contratar para o\u00a0env\u00edo e\/ou recollida\u00a0 da dotaci\u00f3n\u00a0de dos\u00edmetros \u00e1 s\u00faa instalaci\u00f3n.<\/li>\n<\/ul>\n<\/li>\n<li>As tarifas comun\u00edcanse anualmente aos clientes, por correo ou internet.<\/li>\n<\/ul>\n<p>&nbsp;<\/p>\n<p style=\"text-align: justify;\"><img loading=\"lazy\" decoding=\"async\" title=\"FACTURACION-tarifas_muntatge\" src=\"\/wp-content\/uploads\/2012\/11\/FACTURACION-tarifas_muntatge.jpg\" alt=\"\" width=\"280\" height=\"214\" \/><\/p>\n<p><strong>Facturaci\u00f3n do servizo<\/strong><\/p>\n<ul>\n<li>A forma de facturaci\u00f3n do servizo est\u00e1 adaptada \u00e1 s\u00faa forma de prestaci\u00f3n.<\/li>\n<li>Em\u00edtese unha factura anual que incl\u00fae a previsi\u00f3n de servizos contratados para\u00a0o ano en curso segundo o albar\u00e1 adxunto, e o aboamento\/cargo (se o houbese) correspondente ao peche da facturaci\u00f3n do ano anterior. O m\u00e9todo utilizado de previsi\u00f3n-regularizaci\u00f3n bas\u00e9ase na facturaci\u00f3n dos servizos realmente realizados, dado que se trata dun servizo continuado, este sistema cont\u00e9n as variaci\u00f3ns sucedidas ao longo do ano, xa sexa na dotaci\u00f3n de controis dosim\u00e9tricos,\u00a0extrav\u00edos de lox\u00edstica, etc.<\/li>\n<li>Esta forma de facturaci\u00f3n permite que o proceso de facturaci\u00f3n repercuta o m\u00ednimo no custo final.<\/li>\n<li>A forma de facturaci\u00f3n e as condici\u00f3ns de pago det\u00e1llanse nas follas de tarifas.<\/li>\n<li>Posibilidade de acordar condici\u00f3ns especiais de facturaci\u00f3n e\/ou pago co departamento de administraci\u00f3n.<\/li>\n<\/ul>\n<p style=\"text-align: justify;\"><img loading=\"lazy\" decoding=\"async\" title=\"FACTURACION-fact-alb_muntatge\" src=\"\/wp-content\/uploads\/2012\/11\/FACTURACION-fact-alb_muntatge.jpg\" alt=\"\" width=\"371\" height=\"214\" \/><\/p>\n","protected":false},"excerpt":{"rendered":"<p>Tarifas do servizo O prezo do servizo est\u00e1 estandarizado segundo as seguintes tarifas: Tarifas para profesionais e pequenas empresas de1 a10 usuarios\/ controis dosim\u00e9tricos para unha instalaci\u00f3n e factura \u00fanica. Tarifas para empresas con m\u00e1is de 10 usuarios\/ controis nos que se calcula a tarifa ademais de polo n\u00famero de usuarios, pola distribuci\u00f3n destes Tarifas [&hellip;]<\/p>\n","protected":false},"author":22,"featured_media":0,"parent":2606,"menu_order":4,"comment_status":"closed","ping_status":"open","template":"","meta":{"_acf_changed":false,"footnotes":""},"class_list":["post-2614","page","type-page","status-publish","hentry"],"acf":[],"_links":{"self":[{"href":"https:\/\/www.dosimetria.com\/gl\/wp-json\/wp\/v2\/pages\/2614"}],"collection":[{"href":"https:\/\/www.dosimetria.com\/gl\/wp-json\/wp\/v2\/pages"}],"about":[{"href":"https:\/\/www.dosimetria.com\/gl\/wp-json\/wp\/v2\/types\/page"}],"author":[{"embeddable":true,"href":"https:\/\/www.dosimetria.com\/gl\/wp-json\/wp\/v2\/users\/22"}],"replies":[{"embeddable":true,"href":"https:\/\/www.dosimetria.com\/gl\/wp-json\/wp\/v2\/comments?post=2614"}],"version-history":[{"count":0,"href":"https:\/\/www.dosimetria.com\/gl\/wp-json\/wp\/v2\/pages\/2614\/revisions"}],"up":[{"embeddable":true,"href":"https:\/\/www.dosimetria.com\/gl\/wp-json\/wp\/v2\/pages\/2606"}],"wp:attachment":[{"href":"https:\/\/www.dosimetria.com\/gl\/wp-json\/wp\/v2\/media?parent=2614"}],"curies":[{"name":"wp","href":"https:\/\/api.w.org\/{rel}","templated":true}]}}