{"id":2616,"date":"2012-11-06T11:39:53","date_gmt":"2012-11-06T11:39:53","guid":{"rendered":"https:\/\/www.dosimetria.com\/servicios-sdp\/dosimetria-online\/"},"modified":"2017-06-14T13:27:04","modified_gmt":"2017-06-14T11:27:04","slug":"dosimetria-online","status":"publish","type":"page","link":"https:\/\/www.dosimetria.com\/gl\/servicios-sdp\/dosimetria-online\/","title":{"rendered":"Dosimetr\u00eda online"},"content":{"rendered":"<p>Para empresas de estrutura complexa o servizo incl\u00fae o acceso \u00e1 aplicaci\u00f3n telem\u00e1tica\u00a0<strong>cdNET<\/strong> onde se pode consultar en tempo real as bases de datos de <strong>centro de dosimetr\u00eda<\/strong>, de onde se obt\u00e9n informaci\u00f3n fidedigna de:<\/p>\n<ul>\n<li>Datos dos controis dosim\u00e9tricos<\/li>\n<li>Doses equivalentes<\/li>\n<li>Informes mensuais e informes anuais individuais<\/li>\n<li>Expedientes en fase de resoluci\u00f3n<\/li>\n<li>Estado dos env\u00edos<\/li>\n<\/ul>\n<p>O acceso \u00e1 aplicaci\u00f3n real\u00edzase de forma sinxela e esta cumpre coa LOPD.<\/p>\n<p style=\"text-align: justify;\"><img loading=\"lazy\" decoding=\"async\" class=\"alignnone size-full wp-image-498\" title=\"IPad3-CD_v3\" src=\"https:\/\/www.dosimetria.com\/wp-content\/uploads\/2012\/11\/IPad3-CD_v3.jpg\" alt=\"\" width=\"226\" height=\"170\" srcset=\"https:\/\/www.dosimetria.com\/wp-content\/uploads\/2012\/11\/IPad3-CD_v3.jpg 226w, https:\/\/www.dosimetria.com\/wp-content\/uploads\/2012\/11\/IPad3-CD_v3-170x127.jpg 170w\" sizes=\"(max-width: 226px) 100vw, 226px\" \/><\/p>\n","protected":false},"excerpt":{"rendered":"<p>Para empresas de estrutura complexa o servizo incl\u00fae o acceso \u00e1 aplicaci\u00f3n telem\u00e1tica\u00a0cdNET onde se pode consultar en tempo real as bases de datos de centro de dosimetr\u00eda, de onde se obt\u00e9n informaci\u00f3n fidedigna de: Datos dos controis dosim\u00e9tricos Doses equivalentes Informes mensuais e informes anuais individuais Expedientes en fase de resoluci\u00f3n Estado dos env\u00edos [&hellip;]<\/p>\n","protected":false},"author":22,"featured_media":0,"parent":2606,"menu_order":6,"comment_status":"closed","ping_status":"open","template":"","meta":{"_acf_changed":false,"footnotes":""},"class_list":["post-2616","page","type-page","status-publish","hentry"],"acf":[],"_links":{"self":[{"href":"https:\/\/www.dosimetria.com\/gl\/wp-json\/wp\/v2\/pages\/2616"}],"collection":[{"href":"https:\/\/www.dosimetria.com\/gl\/wp-json\/wp\/v2\/pages"}],"about":[{"href":"https:\/\/www.dosimetria.com\/gl\/wp-json\/wp\/v2\/types\/page"}],"author":[{"embeddable":true,"href":"https:\/\/www.dosimetria.com\/gl\/wp-json\/wp\/v2\/users\/22"}],"replies":[{"embeddable":true,"href":"https:\/\/www.dosimetria.com\/gl\/wp-json\/wp\/v2\/comments?post=2616"}],"version-history":[{"count":0,"href":"https:\/\/www.dosimetria.com\/gl\/wp-json\/wp\/v2\/pages\/2616\/revisions"}],"up":[{"embeddable":true,"href":"https:\/\/www.dosimetria.com\/gl\/wp-json\/wp\/v2\/pages\/2606"}],"wp:attachment":[{"href":"https:\/\/www.dosimetria.com\/gl\/wp-json\/wp\/v2\/media?parent=2616"}],"curies":[{"name":"wp","href":"https:\/\/api.w.org\/{rel}","templated":true}]}}