{"id":2622,"date":"2012-11-06T11:41:13","date_gmt":"2012-11-06T11:41:13","guid":{"rendered":"https:\/\/www.dosimetria.com\/laboratorio\/procesos\/"},"modified":"2014-10-16T17:24:10","modified_gmt":"2014-10-16T15:24:10","slug":"procesos","status":"publish","type":"page","link":"https:\/\/www.dosimetria.com\/gl\/laboratorio\/procesos\/","title":{"rendered":"Procesos"},"content":{"rendered":"<p>Os principais procesos do servizo realizados na \u00e1rea t\u00e9cnica son:<\/p>\n<p><strong>Dese\u00f1o e fabricaci\u00f3n de dos\u00edmetros:<\/strong><\/p>\n<ul>\n<li>Posta en marcha de dos\u00edmetros novos<\/li>\n<li>Reciclaxe de dos\u00edmetros.<\/li>\n<li>Etiquetaxe de dos\u00edmetros.<\/li>\n<\/ul>\n<p><strong>Procesos estrat\u00e9xicos do laboratorio<\/strong><\/p>\n<ul>\n<li>Xesti\u00f3n con organismos reguladores (CSN)<\/li>\n<li>Seguimento e actualizaci\u00f3n de normativas do sector, calidade, etc.<\/li>\n<li>Investigaci\u00f3n\u00a0e desenvolvemento continuo de produtos, procesos\u00a0e materiais<\/li>\n<li>Seguimento, avaliaci\u00f3n e control do m\u00e9todo de ensaio (lectura e informes)<\/li>\n<li>Calibraci\u00f3ns do sistema dosim\u00e9trico<\/li>\n<li>Participaci\u00f3n en intercomparaci\u00f3ns<\/li>\n<li>Xesti\u00f3n de recursos do laboratorio<\/li>\n<\/ul>\n<p><strong>Procesos operativos de ensaios dosim\u00e9tricos<\/strong><\/p>\n<ul>\n<li>Lectura dos dos\u00edmetros<\/li>\n<li>Control de calidade diario dos lectores<\/li>\n<li>Filtrado de incidencias na lectura<\/li>\n<li>C\u00e1lculo e asignaci\u00f3n das doses<\/li>\n<li>Control dos procesos e\u00a0cumprimento de plan diario, mensual, etc.<\/li>\n<li>Mantemento dos equipos<\/li>\n<\/ul>\n<p><strong>Xesti\u00f3n dos informes: Emisi\u00f3n, revisi\u00f3n e rexistro<\/strong><\/p>\n<ul>\n<li>Informes mensuais de dosimetr\u00eda persoal<\/li>\n<li>Informe individual anual de dosimetr\u00eda persoal<\/li>\n<li>Resumo individual anual de dosimetr\u00eda persoal<\/li>\n<li>Tramitaci\u00f3n de sobreexposici\u00f3ns ao CSN<\/li>\n<\/ul>\n<p><strong>Seguimento do funcionamento do servizo e resoluci\u00f3n de incidencias<\/strong><\/p>\n<ul>\n<li>Seguimento mensual dos dos\u00edmetros non recibidos<\/li>\n<li>Tratamento dos casos de perda de informaci\u00f3n dosim\u00e9trica<\/li>\n<\/ul>\n","protected":false},"excerpt":{"rendered":"<p>Os principais procesos do servizo realizados na \u00e1rea t\u00e9cnica son: Dese\u00f1o e fabricaci\u00f3n de dos\u00edmetros: Posta en marcha de dos\u00edmetros novos Reciclaxe de dos\u00edmetros. Etiquetaxe de dos\u00edmetros. Procesos estrat\u00e9xicos do laboratorio Xesti\u00f3n con organismos reguladores (CSN) Seguimento e actualizaci\u00f3n de normativas do sector, calidade, etc. Investigaci\u00f3n\u00a0e desenvolvemento continuo de produtos, procesos\u00a0e materiais Seguimento, avaliaci\u00f3n e [&hellip;]<\/p>\n","protected":false},"author":22,"featured_media":0,"parent":2620,"menu_order":1,"comment_status":"closed","ping_status":"open","template":"","meta":{"_acf_changed":false,"footnotes":""},"class_list":["post-2622","page","type-page","status-publish","hentry"],"acf":[],"_links":{"self":[{"href":"https:\/\/www.dosimetria.com\/gl\/wp-json\/wp\/v2\/pages\/2622"}],"collection":[{"href":"https:\/\/www.dosimetria.com\/gl\/wp-json\/wp\/v2\/pages"}],"about":[{"href":"https:\/\/www.dosimetria.com\/gl\/wp-json\/wp\/v2\/types\/page"}],"author":[{"embeddable":true,"href":"https:\/\/www.dosimetria.com\/gl\/wp-json\/wp\/v2\/users\/22"}],"replies":[{"embeddable":true,"href":"https:\/\/www.dosimetria.com\/gl\/wp-json\/wp\/v2\/comments?post=2622"}],"version-history":[{"count":0,"href":"https:\/\/www.dosimetria.com\/gl\/wp-json\/wp\/v2\/pages\/2622\/revisions"}],"up":[{"embeddable":true,"href":"https:\/\/www.dosimetria.com\/gl\/wp-json\/wp\/v2\/pages\/2620"}],"wp:attachment":[{"href":"https:\/\/www.dosimetria.com\/gl\/wp-json\/wp\/v2\/media?parent=2622"}],"curies":[{"name":"wp","href":"https:\/\/api.w.org\/{rel}","templated":true}]}}