{"id":2624,"date":"2012-11-06T11:41:47","date_gmt":"2012-11-06T11:41:47","guid":{"rendered":"https:\/\/www.dosimetria.com\/laboratorio\/calibraciones-y-verificaciones\/"},"modified":"2014-10-16T17:25:07","modified_gmt":"2014-10-16T15:25:07","slug":"calibraciones-y-verificaciones","status":"publish","type":"page","link":"https:\/\/www.dosimetria.com\/gl\/laboratorio\/calibraciones-y-verificaciones\/","title":{"rendered":"Calibraci\u00f3ns e verificaci\u00f3ns"},"content":{"rendered":"<p>Para realizar o control do sistema de dosimetr\u00eda e garantir o seu correcto funcionamento, este som\u00e9tese a verificaci\u00f3ns internas e a unha calibraci\u00f3n anual nun laboratorio externo de referencia.<\/p>\n<ul>\n<li>O\u00a0proceso de calibraci\u00f3n do sistema de termoluminiscencia real\u00edzase a trav\u00e9s de dos\u00edmetros irradiados a valores co\u00f1ecidos das magnitudes obxecto de ensaio nun laboratorio oficial de calibraci\u00f3n secundario,\u00a0seguindo os protocolos establecidos pola norma ISO 4037-3.<\/li>\n<li>As verificaci\u00f3ns diarias consisten en irradiar un grupo de dos\u00edmetros no equipo irradiador e lelos nos diferentes equipos para avaliar o\u00a0estado dos lectores respecto ao estado de referencia.<\/li>\n<\/ul>\n<p>Adicionalmente, cada lector pos\u00fae diferentes chequeos autom\u00e1ticos que provocan a parada do equipo en caso de que non se cumpran as condici\u00f3ns da lectura establecidas.<\/p>\n","protected":false},"excerpt":{"rendered":"<p>Para realizar o control do sistema de dosimetr\u00eda e garantir o seu correcto funcionamento, este som\u00e9tese a verificaci\u00f3ns internas e a unha calibraci\u00f3n anual nun laboratorio externo de referencia. O\u00a0proceso de calibraci\u00f3n do sistema de termoluminiscencia real\u00edzase a trav\u00e9s de dos\u00edmetros irradiados a valores co\u00f1ecidos das magnitudes obxecto de ensaio nun laboratorio oficial de calibraci\u00f3n [&hellip;]<\/p>\n","protected":false},"author":22,"featured_media":0,"parent":2620,"menu_order":3,"comment_status":"closed","ping_status":"open","template":"","meta":{"_acf_changed":false,"footnotes":""},"class_list":["post-2624","page","type-page","status-publish","hentry"],"acf":[],"_links":{"self":[{"href":"https:\/\/www.dosimetria.com\/gl\/wp-json\/wp\/v2\/pages\/2624"}],"collection":[{"href":"https:\/\/www.dosimetria.com\/gl\/wp-json\/wp\/v2\/pages"}],"about":[{"href":"https:\/\/www.dosimetria.com\/gl\/wp-json\/wp\/v2\/types\/page"}],"author":[{"embeddable":true,"href":"https:\/\/www.dosimetria.com\/gl\/wp-json\/wp\/v2\/users\/22"}],"replies":[{"embeddable":true,"href":"https:\/\/www.dosimetria.com\/gl\/wp-json\/wp\/v2\/comments?post=2624"}],"version-history":[{"count":0,"href":"https:\/\/www.dosimetria.com\/gl\/wp-json\/wp\/v2\/pages\/2624\/revisions"}],"up":[{"embeddable":true,"href":"https:\/\/www.dosimetria.com\/gl\/wp-json\/wp\/v2\/pages\/2620"}],"wp:attachment":[{"href":"https:\/\/www.dosimetria.com\/gl\/wp-json\/wp\/v2\/media?parent=2624"}],"curies":[{"name":"wp","href":"https:\/\/api.w.org\/{rel}","templated":true}]}}