{"id":2628,"date":"2012-11-06T11:42:28","date_gmt":"2012-11-06T11:42:28","guid":{"rendered":"https:\/\/www.dosimetria.com\/laboratorio\/campanas-intercomparacion\/"},"modified":"2014-10-16T17:27:33","modified_gmt":"2014-10-16T15:27:33","slug":"campanas-intercomparacion","status":"publish","type":"page","link":"https:\/\/www.dosimetria.com\/gl\/laboratorio\/campanas-intercomparacion\/","title":{"rendered":"Campa\u00f1as intercomparaci\u00f3n"},"content":{"rendered":"<p>Desde o inicio da s\u00faa actividade, <strong>centro de dosimetr\u00eda<\/strong> participou, de forma voluntaria e proactiva, en intercomparaci\u00f3ns nacionais e internacionais.<\/p>\n<ul>\n<li>Participaci\u00f3n\u00a0en todas as\u00a0intercomparaci\u00f3ns nacionais organizadas polo CSN, para dos\u00edmetros persoais de corpo enteiro nos anos 1987, 1995, 2001, 2006 e 2013, as\u00ed como a organizada para dos\u00edmetros de anel no 2008.<\/li>\n<li>Participaci\u00f3n na intercomparaci\u00f3n organizada por EURADOS no 2007 para dosimetr\u00eda de aneis.<\/li>\n<\/ul>\n<p>Os resultados obtidos nas intercomparaci\u00f3ns de dos\u00edmetros de corpo enteiro sempre foron moi satisfactorios para todas as enerx\u00edas analizadas.<\/p>\n<p>Os resultados nas intercomparaci\u00f3ns de dos\u00edmetros de anel foron satisfactorios, a\u00ednda estando afectados dunha maior incerteza para certas enerx\u00edas.<\/p>\n","protected":false},"excerpt":{"rendered":"<p>Desde o inicio da s\u00faa actividade, centro de dosimetr\u00eda participou, de forma voluntaria e proactiva, en intercomparaci\u00f3ns nacionais e internacionais. Participaci\u00f3n\u00a0en todas as\u00a0intercomparaci\u00f3ns nacionais organizadas polo CSN, para dos\u00edmetros persoais de corpo enteiro nos anos 1987, 1995, 2001, 2006 e 2013, as\u00ed como a organizada para dos\u00edmetros de anel no 2008. Participaci\u00f3n na intercomparaci\u00f3n organizada [&hellip;]<\/p>\n","protected":false},"author":22,"featured_media":0,"parent":2620,"menu_order":4,"comment_status":"closed","ping_status":"open","template":"","meta":{"_acf_changed":false,"footnotes":""},"class_list":["post-2628","page","type-page","status-publish","hentry"],"acf":[],"_links":{"self":[{"href":"https:\/\/www.dosimetria.com\/gl\/wp-json\/wp\/v2\/pages\/2628"}],"collection":[{"href":"https:\/\/www.dosimetria.com\/gl\/wp-json\/wp\/v2\/pages"}],"about":[{"href":"https:\/\/www.dosimetria.com\/gl\/wp-json\/wp\/v2\/types\/page"}],"author":[{"embeddable":true,"href":"https:\/\/www.dosimetria.com\/gl\/wp-json\/wp\/v2\/users\/22"}],"replies":[{"embeddable":true,"href":"https:\/\/www.dosimetria.com\/gl\/wp-json\/wp\/v2\/comments?post=2628"}],"version-history":[{"count":0,"href":"https:\/\/www.dosimetria.com\/gl\/wp-json\/wp\/v2\/pages\/2628\/revisions"}],"up":[{"embeddable":true,"href":"https:\/\/www.dosimetria.com\/gl\/wp-json\/wp\/v2\/pages\/2620"}],"wp:attachment":[{"href":"https:\/\/www.dosimetria.com\/gl\/wp-json\/wp\/v2\/media?parent=2628"}],"curies":[{"name":"wp","href":"https:\/\/api.w.org\/{rel}","templated":true}]}}