{"id":2630,"date":"2012-11-06T10:25:39","date_gmt":"2012-11-06T10:25:39","guid":{"rendered":"https:\/\/www.dosimetria.com\/calidad\/"},"modified":"2016-06-27T11:59:27","modified_gmt":"2016-06-27T09:59:27","slug":"calidad","status":"publish","type":"page","link":"https:\/\/www.dosimetria.com\/gl\/calidad\/","title":{"rendered":"Calidade"},"content":{"rendered":"<p>&nbsp;<\/p>\n<p>A misi\u00f3n do <strong>centro de dosimetr\u00eda<\/strong> \u00e9 ofrecer o Servizo de Dosimetr\u00eda Persoal satisfacendo as necesidades dos seus clientes e \u00e1 s\u00faa vez aplicando valores que demostren o seu compromiso co medio, valorando o impacto coa comunidade, co medio ambiente e coas persoas implicadas.<\/p>\n<p>Para cumprir esas expectativas, a misi\u00f3n do <strong>centro de dosimetr\u00eda <\/strong>\u00e9 asegurar a calidade do servizo mediante unha xesti\u00f3n baseada nos seguintes enfoques:<\/p>\n<ul>\n<li>Sistema integral de xesti\u00f3n de calidade, medio ambiente e\u00a0seguridade.<\/li>\n<li>Orientaci\u00f3n ao cliente, identificando necesidades\u00a0estandarizadas e espec\u00edficas.<\/li>\n<li>Aplicaci\u00f3n de xesti\u00f3n por procesos para asegurar a\u00a0mellora continua.<\/li>\n<li>Seguimento do servizo mediante aplicaci\u00f3n do cadro de medidores, nos aspectos de servizo, calidade, etc.<\/li>\n<\/ul>\n","protected":false},"excerpt":{"rendered":"<p>&nbsp; A misi\u00f3n do centro de dosimetr\u00eda \u00e9 ofrecer o Servizo de Dosimetr\u00eda Persoal satisfacendo as necesidades dos seus clientes e \u00e1 s\u00faa vez aplicando valores que demostren o seu compromiso co medio, valorando o impacto coa comunidade, co medio ambiente e coas persoas implicadas. Para cumprir esas expectativas, a misi\u00f3n do centro de dosimetr\u00eda [&hellip;]<\/p>\n","protected":false},"author":22,"featured_media":0,"parent":0,"menu_order":5,"comment_status":"closed","ping_status":"open","template":"page-imagensuperior.php","meta":{"_acf_changed":false,"footnotes":""},"class_list":["post-2630","page","type-page","status-publish","hentry"],"acf":[],"_links":{"self":[{"href":"https:\/\/www.dosimetria.com\/gl\/wp-json\/wp\/v2\/pages\/2630"}],"collection":[{"href":"https:\/\/www.dosimetria.com\/gl\/wp-json\/wp\/v2\/pages"}],"about":[{"href":"https:\/\/www.dosimetria.com\/gl\/wp-json\/wp\/v2\/types\/page"}],"author":[{"embeddable":true,"href":"https:\/\/www.dosimetria.com\/gl\/wp-json\/wp\/v2\/users\/22"}],"replies":[{"embeddable":true,"href":"https:\/\/www.dosimetria.com\/gl\/wp-json\/wp\/v2\/comments?post=2630"}],"version-history":[{"count":0,"href":"https:\/\/www.dosimetria.com\/gl\/wp-json\/wp\/v2\/pages\/2630\/revisions"}],"wp:attachment":[{"href":"https:\/\/www.dosimetria.com\/gl\/wp-json\/wp\/v2\/media?parent=2630"}],"curies":[{"name":"wp","href":"https:\/\/api.w.org\/{rel}","templated":true}]}}