{"id":2634,"date":"2012-11-06T11:42:55","date_gmt":"2012-11-06T11:42:55","guid":{"rendered":"https:\/\/www.dosimetria.com\/calidad\/autorizacion-csn\/"},"modified":"2016-10-26T11:23:18","modified_gmt":"2016-10-26T09:23:18","slug":"autorizacion-csn","status":"publish","type":"page","link":"https:\/\/www.dosimetria.com\/gl\/calidad\/autorizacion-csn\/","title":{"rendered":"Autorizaci\u00f3n CSN"},"content":{"rendered":"<p><img loading=\"lazy\" decoding=\"async\" title=\"AUT_montatje\" src=\"\/wp-content\/uploads\/2012\/11\/AUT_montatje.jpg\" alt=\"\" width=\"280\" height=\"214\" \/><\/p>\n<p>O Consello\u00a0\u00a0de Seguridade Nuclear (CSN) \u00e9 o organismo regulador no \u00e1mbito de Protecci\u00f3n Radiol\u00f3xica e \u00e9 quen emite a autorizaci\u00f3n \u00e1s empresas que queren realizar a actividade do servizo de Dosimetr\u00eda como centros lectores.<\/p>\n<p>X\u00fantase a seguinte documentaci\u00f3n:<\/p>\n<ul>\n<li>Autorizaci\u00f3n de <strong>centro\u00a0de dosimetr\u00eda<\/strong> como centro lector emitida por CSN no ano 1985<\/li>\n<li>Autorizaci\u00f3n emitida por CSN no ano\u00a02007 como\u00a0revisi\u00f3n polos cambios realizados no <strong>centro de dosimetr\u00eda<\/strong><\/li>\n<li>Autorizaci\u00f3n emitida por CSN no ano\u00a02012 como revisi\u00f3n polos cambios realizados no <strong>centro de dosimetr\u00eda<\/strong><\/li>\n<\/ul>\n<p style=\"text-align: justify;\">\n","protected":false},"excerpt":{"rendered":"<p>O Consello\u00a0\u00a0de Seguridade Nuclear (CSN) \u00e9 o organismo regulador no \u00e1mbito de Protecci\u00f3n Radiol\u00f3xica e \u00e9 quen emite a autorizaci\u00f3n \u00e1s empresas que queren realizar a actividade do servizo de Dosimetr\u00eda como centros lectores. X\u00fantase a seguinte documentaci\u00f3n: Autorizaci\u00f3n de centro\u00a0de dosimetr\u00eda como centro lector emitida por CSN no ano 1985 Autorizaci\u00f3n emitida por CSN [&hellip;]<\/p>\n","protected":false},"author":22,"featured_media":0,"parent":2630,"menu_order":1,"comment_status":"closed","ping_status":"open","template":"","meta":{"_acf_changed":false,"footnotes":""},"class_list":["post-2634","page","type-page","status-publish","hentry"],"acf":[],"_links":{"self":[{"href":"https:\/\/www.dosimetria.com\/gl\/wp-json\/wp\/v2\/pages\/2634"}],"collection":[{"href":"https:\/\/www.dosimetria.com\/gl\/wp-json\/wp\/v2\/pages"}],"about":[{"href":"https:\/\/www.dosimetria.com\/gl\/wp-json\/wp\/v2\/types\/page"}],"author":[{"embeddable":true,"href":"https:\/\/www.dosimetria.com\/gl\/wp-json\/wp\/v2\/users\/22"}],"replies":[{"embeddable":true,"href":"https:\/\/www.dosimetria.com\/gl\/wp-json\/wp\/v2\/comments?post=2634"}],"version-history":[{"count":0,"href":"https:\/\/www.dosimetria.com\/gl\/wp-json\/wp\/v2\/pages\/2634\/revisions"}],"up":[{"embeddable":true,"href":"https:\/\/www.dosimetria.com\/gl\/wp-json\/wp\/v2\/pages\/2630"}],"wp:attachment":[{"href":"https:\/\/www.dosimetria.com\/gl\/wp-json\/wp\/v2\/media?parent=2634"}],"curies":[{"name":"wp","href":"https:\/\/api.w.org\/{rel}","templated":true}]}}