{"id":2636,"date":"2012-11-06T11:43:51","date_gmt":"2012-11-06T11:43:51","guid":{"rendered":"https:\/\/www.dosimetria.com\/calidad\/sistema-integral-gestion-qms\/"},"modified":"2014-10-16T17:33:39","modified_gmt":"2014-10-16T15:33:39","slug":"sistema-integral-gestion-qms","status":"publish","type":"page","link":"https:\/\/www.dosimetria.com\/gl\/calidad\/sistema-integral-gestion-qms\/","title":{"rendered":"Sistema integral xesti\u00f3n QMS"},"content":{"rendered":"<p><strong>centro de dosimetr\u00eda<\/strong> desenvolve a s\u00faa actividade base\u00e1ndose nun sistema integral de xesti\u00f3n QMS (Calidade, Medio Ambiente e Seguridade), coa finalidade de realizar\u00a0o SDP\u00a0cumprindo cos requisitos tanto de calidade dos seus procesos, coma de respecto co medio ambiente e de seguridade en todos os aspectos implicados na realizaci\u00f3n do servizo.<\/p>\n<p><strong>Sistema de calidade<\/strong><\/p>\n<p>Desde o ano1997,\u00a0aempresa\u00a0ti\u00f1a implantado un sistema de calidade baseado na NORMA UNE\/IEC ISO 9001. Adicionalmente, no ano 2011 iniciouse a implantaci\u00f3n da\u00a0NORMA ISO 17025 especializada en \u201cLaboratorios de ensaio e Calibraci\u00f3n\u201d e sobre a cal se ten planificada a acreditaci\u00f3n por ENAC no ano 2014.<\/p>\n<p><strong>centro de dosimetr\u00eda<\/strong> pon a disposici\u00f3n dos seus clientes e colaboradores, tanto o acceso \u00e1 consulta da documentaci\u00f3n do sistema e dos manuais de calidade, como a posibilidade de visitar as instalaci\u00f3ns no caso de interese.<\/p>\n<p><strong>Sistema de Medio Ambiente<\/strong><\/p>\n<p>Outro dos valores da empresa\u00a0\u00e9 mellorar de forma continua os procesos do servizo coa finalidade de minimizar o impacto no medio ambiente, levando a cabo pol\u00edticas e acci\u00f3ns de mellora continua\u00a0nesta \u00e1rea. O compromiso co medio ambiente descr\u00edbese na pol\u00edtica de empresa, onde se incl\u00fae como valor principal o cumprimento da normativa EMAS e NORMA ISO 14001.<\/p>\n<p><strong>Sistema de seguridade<\/strong><\/p>\n<p>A empresa traballa nas seguintes \u00e1reas para garantir a seguridade no desenvolvemento do servizo:<\/p>\n<ul>\n<li>Protecci\u00f3n de riscos laborais para ofrecer aos traballadores as condici\u00f3ns m\u00e1is \u00f3ptimas de traballo.<\/li>\n<li>Protecci\u00f3n dos datos persoais segundo a Lei\u00a0org\u00e1nica de protecci\u00f3n de datos do 13 decembro con <a title=\"Alta ficheros centro de dosimetria s.l. en AEPD\" href=\"file:\/\/\/F:\/cd%202014\/Escritorio\/TRADUCCI%C3%93N%20WEB\/Gallego\/CALIDAD\/%20http:\/www.agpd.es\/portalwebAGPD\/ficheros_inscritos\/titularidad_privada\/index-ides-idphp.php\" target=\"_blank\">ficheiros\u00a0de alta na AEPD <\/a>(Axencia Espa\u00f1ola de Protecci\u00f3n de Datos).<\/li>\n<li>Desenvolvemento de medidas preventivas de seguridade en colaboraci\u00f3n cos provedores da cadea lox\u00edstica orientado\u00a0principalmente a mellorar o tratamento nos env\u00edos e evitar extrav\u00edos\/incidencias cos dos\u00edmetros.<\/li>\n<\/ul>\n","protected":false},"excerpt":{"rendered":"<p>centro de dosimetr\u00eda desenvolve a s\u00faa actividade base\u00e1ndose nun sistema integral de xesti\u00f3n QMS (Calidade, Medio Ambiente e Seguridade), coa finalidade de realizar\u00a0o SDP\u00a0cumprindo cos requisitos tanto de calidade dos seus procesos, coma de respecto co medio ambiente e de seguridade en todos os aspectos implicados na realizaci\u00f3n do servizo. Sistema de calidade Desde o [&hellip;]<\/p>\n","protected":false},"author":22,"featured_media":0,"parent":2630,"menu_order":2,"comment_status":"closed","ping_status":"open","template":"","meta":{"_acf_changed":false,"footnotes":""},"class_list":["post-2636","page","type-page","status-publish","hentry"],"acf":[],"_links":{"self":[{"href":"https:\/\/www.dosimetria.com\/gl\/wp-json\/wp\/v2\/pages\/2636"}],"collection":[{"href":"https:\/\/www.dosimetria.com\/gl\/wp-json\/wp\/v2\/pages"}],"about":[{"href":"https:\/\/www.dosimetria.com\/gl\/wp-json\/wp\/v2\/types\/page"}],"author":[{"embeddable":true,"href":"https:\/\/www.dosimetria.com\/gl\/wp-json\/wp\/v2\/users\/22"}],"replies":[{"embeddable":true,"href":"https:\/\/www.dosimetria.com\/gl\/wp-json\/wp\/v2\/comments?post=2636"}],"version-history":[{"count":0,"href":"https:\/\/www.dosimetria.com\/gl\/wp-json\/wp\/v2\/pages\/2636\/revisions"}],"up":[{"embeddable":true,"href":"https:\/\/www.dosimetria.com\/gl\/wp-json\/wp\/v2\/pages\/2630"}],"wp:attachment":[{"href":"https:\/\/www.dosimetria.com\/gl\/wp-json\/wp\/v2\/media?parent=2636"}],"curies":[{"name":"wp","href":"https:\/\/api.w.org\/{rel}","templated":true}]}}