{"id":2638,"date":"2012-12-03T16:49:48","date_gmt":"2012-12-03T16:49:48","guid":{"rendered":"https:\/\/www.dosimetria.com\/calidad\/formacion\/"},"modified":"2014-10-16T17:34:46","modified_gmt":"2014-10-16T15:34:46","slug":"formacion","status":"publish","type":"page","link":"https:\/\/www.dosimetria.com\/gl\/calidad\/formacion\/","title":{"rendered":"Formaci\u00f3n"},"content":{"rendered":"<p>A formaci\u00f3n continuada \u00e9 un dos factores fundamentais para asegurar\u00a0o mantemento, e incluso\u00a0potenciar,\u00a0as\u00a0capacidades do persoal\u00a0tanto nas \u00e1reas t\u00e9cnicas coma de xesti\u00f3n do servizo.<\/p>\n<p>A empresa\u00a0ten definidos plans de\u00a0formaci\u00f3n en cada un dos seguintes eixes:<\/p>\n<ul>\n<li>Formaci\u00f3n do persoal interno: Planificaci\u00f3n anual\u00a0para o persoal de todas as \u00e1reas.<\/li>\n<li>Formaci\u00f3n de clientes e usuarios: Mediante comunicaci\u00f3n\u00a0de tr\u00edpticos, folletos e outros documentos.\u00a0Adicionalmente, estase\u00a0traballando no desenvolvemento dun curso b\u00e1sico en li\u00f1a\u00a0accesible para todos os clientes da empresa.<\/li>\n<li>Formaci\u00f3n de \u201cpotenciais profesionais do\u00a0sector\u201d:\u00a0A empresa\u00a0colabora con entidades de formaci\u00f3n. Neste\u00a0\u00e1mbito\u00a0desenvolv\u00e9ronse convenios\u00a0con escolas que ofrecen\u00a0cursos no sector da protecci\u00f3n radiol\u00f3xica e universidades para\u00a0ofrecer pr\u00e1cticas a estudantes.<\/li>\n<li>Intervenci\u00f3n en Congresos, relatorios e outros eventos do sector coa finalidade de definir, comunicar melloras estrat\u00e9xicas\u00a0desenvolvidas, ben internamente ou en colaboraci\u00f3n con outras entidades.<\/li>\n<\/ul>\n","protected":false},"excerpt":{"rendered":"<p>A formaci\u00f3n continuada \u00e9 un dos factores fundamentais para asegurar\u00a0o mantemento, e incluso\u00a0potenciar,\u00a0as\u00a0capacidades do persoal\u00a0tanto nas \u00e1reas t\u00e9cnicas coma de xesti\u00f3n do servizo. A empresa\u00a0ten definidos plans de\u00a0formaci\u00f3n en cada un dos seguintes eixes: Formaci\u00f3n do persoal interno: Planificaci\u00f3n anual\u00a0para o persoal de todas as \u00e1reas. Formaci\u00f3n de clientes e usuarios: Mediante comunicaci\u00f3n\u00a0de tr\u00edpticos, folletos [&hellip;]<\/p>\n","protected":false},"author":22,"featured_media":0,"parent":2630,"menu_order":5,"comment_status":"closed","ping_status":"open","template":"","meta":{"_acf_changed":false,"footnotes":""},"class_list":["post-2638","page","type-page","status-publish","hentry"],"acf":[],"_links":{"self":[{"href":"https:\/\/www.dosimetria.com\/gl\/wp-json\/wp\/v2\/pages\/2638"}],"collection":[{"href":"https:\/\/www.dosimetria.com\/gl\/wp-json\/wp\/v2\/pages"}],"about":[{"href":"https:\/\/www.dosimetria.com\/gl\/wp-json\/wp\/v2\/types\/page"}],"author":[{"embeddable":true,"href":"https:\/\/www.dosimetria.com\/gl\/wp-json\/wp\/v2\/users\/22"}],"replies":[{"embeddable":true,"href":"https:\/\/www.dosimetria.com\/gl\/wp-json\/wp\/v2\/comments?post=2638"}],"version-history":[{"count":0,"href":"https:\/\/www.dosimetria.com\/gl\/wp-json\/wp\/v2\/pages\/2638\/revisions"}],"up":[{"embeddable":true,"href":"https:\/\/www.dosimetria.com\/gl\/wp-json\/wp\/v2\/pages\/2630"}],"wp:attachment":[{"href":"https:\/\/www.dosimetria.com\/gl\/wp-json\/wp\/v2\/media?parent=2638"}],"curies":[{"name":"wp","href":"https:\/\/api.w.org\/{rel}","templated":true}]}}