{"id":2640,"date":"2012-11-06T10:26:18","date_gmt":"2012-11-06T10:26:18","guid":{"rendered":"https:\/\/www.dosimetria.com\/biblioteca\/"},"modified":"2016-06-27T12:01:04","modified_gmt":"2016-06-27T10:01:04","slug":"biblioteca","status":"publish","type":"page","link":"https:\/\/www.dosimetria.com\/gl\/biblioteca\/","title":{"rendered":"Biblioteca"},"content":{"rendered":"<p>Nesta secci\u00f3n pret\u00e9ndese proporcionarlle ao lector informaci\u00f3n relativa\u00a0\u00e1 documentaci\u00f3n do sector, da normativa e sitios de interese relacionados coa actividade do centro de dosimetr\u00eda s.l.<\/p>\n<p>&nbsp;<\/p>\n","protected":false},"excerpt":{"rendered":"<p>Nesta secci\u00f3n pret\u00e9ndese proporcionarlle ao lector informaci\u00f3n relativa\u00a0\u00e1 documentaci\u00f3n do sector, da normativa e sitios de interese relacionados coa actividade do centro de dosimetr\u00eda s.l. &nbsp;<\/p>\n","protected":false},"author":22,"featured_media":0,"parent":0,"menu_order":6,"comment_status":"closed","ping_status":"closed","template":"page-imagensuperior.php","meta":{"_acf_changed":false,"footnotes":""},"class_list":["post-2640","page","type-page","status-publish","hentry"],"acf":[],"_links":{"self":[{"href":"https:\/\/www.dosimetria.com\/gl\/wp-json\/wp\/v2\/pages\/2640"}],"collection":[{"href":"https:\/\/www.dosimetria.com\/gl\/wp-json\/wp\/v2\/pages"}],"about":[{"href":"https:\/\/www.dosimetria.com\/gl\/wp-json\/wp\/v2\/types\/page"}],"author":[{"embeddable":true,"href":"https:\/\/www.dosimetria.com\/gl\/wp-json\/wp\/v2\/users\/22"}],"replies":[{"embeddable":true,"href":"https:\/\/www.dosimetria.com\/gl\/wp-json\/wp\/v2\/comments?post=2640"}],"version-history":[{"count":0,"href":"https:\/\/www.dosimetria.com\/gl\/wp-json\/wp\/v2\/pages\/2640\/revisions"}],"wp:attachment":[{"href":"https:\/\/www.dosimetria.com\/gl\/wp-json\/wp\/v2\/media?parent=2640"}],"curies":[{"name":"wp","href":"https:\/\/api.w.org\/{rel}","templated":true}]}}