{"id":2646,"date":"2013-01-24T10:38:54","date_gmt":"2013-01-24T10:38:54","guid":{"rendered":"https:\/\/www.dosimetria.com\/biblioteca\/links-de-interes\/area-tecnica-proteccion-radiologica-dosimetria-y-otros\/"},"modified":"2014-10-16T17:39:16","modified_gmt":"2014-10-16T15:39:16","slug":"area-tecnica-proteccion-radiologica-dosimetria-y-otros","status":"publish","type":"page","link":"https:\/\/www.dosimetria.com\/gl\/biblioteca\/links-de-interes\/area-tecnica-proteccion-radiologica-dosimetria-y-otros\/","title":{"rendered":"\u00c1rea t\u00e9cnica: Protecci\u00f3n radiol\u00f3xica, dosimetr\u00eda e outros"},"content":{"rendered":"<p><strong>Nacionais<\/strong><\/p>\n<p><a href=\"http:\/\/www.sepr.es\/\">www.sepr.es<\/a> SOCIEDADE ESPA\u00d1OLA DE PROTECCI\u00d3N RADIOL\u00d3XICA.<\/p>\n<p><a href=\"http:\/\/www.sefm.es\/\">www.sefm.es<\/a> SOCIEDADE ESPA\u00d1OLA DE F\u00cdSICA M\u00c9DICA.<\/p>\n<p>&nbsp;<\/p>\n<p><strong>Internacionais<\/strong><\/p>\n<p><a href=\"http:\/\/www.iaea.org\/\">www.iaea.org<\/a> \u00a0 INTERNATIONAL ATOMIC ENERGY AGENCY.<\/p>\n<p><a href=\"http:\/\/www.icrp.org\/\">www.icrp.org<\/a> INTERNATIONAL COMMISSION ON RADIOLOGICAL PROTECTION.<\/p>\n<p><a href=\"http:\/\/www.irpa.net\/\">www.irpa.net<\/a> \u00a0 \u00a0 \u00a0 INTERNATIONAL RADIATION PROTECTION ASSOCIATION.<\/p>\n<p><a href=\"http:\/\/www.eurados.org\/\">www.eurados.org<\/a> \u00a0 EUROPEAN RADIATION DOSIMETRY GROUP.<\/p>\n","protected":false},"excerpt":{"rendered":"<p>Nacionais www.sepr.es SOCIEDADE ESPA\u00d1OLA DE PROTECCI\u00d3N RADIOL\u00d3XICA. www.sefm.es SOCIEDADE ESPA\u00d1OLA DE F\u00cdSICA M\u00c9DICA. &nbsp; Internacionais www.iaea.org \u00a0 INTERNATIONAL ATOMIC ENERGY AGENCY. www.icrp.org INTERNATIONAL COMMISSION ON RADIOLOGICAL PROTECTION. www.irpa.net \u00a0 \u00a0 \u00a0 INTERNATIONAL RADIATION PROTECTION ASSOCIATION. www.eurados.org \u00a0 EUROPEAN RADIATION DOSIMETRY GROUP.<\/p>\n","protected":false},"author":22,"featured_media":0,"parent":2642,"menu_order":2,"comment_status":"closed","ping_status":"open","template":"","meta":{"_acf_changed":false,"footnotes":""},"class_list":["post-2646","page","type-page","status-publish","hentry"],"acf":[],"_links":{"self":[{"href":"https:\/\/www.dosimetria.com\/gl\/wp-json\/wp\/v2\/pages\/2646"}],"collection":[{"href":"https:\/\/www.dosimetria.com\/gl\/wp-json\/wp\/v2\/pages"}],"about":[{"href":"https:\/\/www.dosimetria.com\/gl\/wp-json\/wp\/v2\/types\/page"}],"author":[{"embeddable":true,"href":"https:\/\/www.dosimetria.com\/gl\/wp-json\/wp\/v2\/users\/22"}],"replies":[{"embeddable":true,"href":"https:\/\/www.dosimetria.com\/gl\/wp-json\/wp\/v2\/comments?post=2646"}],"version-history":[{"count":0,"href":"https:\/\/www.dosimetria.com\/gl\/wp-json\/wp\/v2\/pages\/2646\/revisions"}],"up":[{"embeddable":true,"href":"https:\/\/www.dosimetria.com\/gl\/wp-json\/wp\/v2\/pages\/2642"}],"wp:attachment":[{"href":"https:\/\/www.dosimetria.com\/gl\/wp-json\/wp\/v2\/media?parent=2646"}],"curies":[{"name":"wp","href":"https:\/\/api.w.org\/{rel}","templated":true}]}}