{"id":2654,"date":"2013-01-24T14:50:14","date_gmt":"2013-01-24T14:50:14","guid":{"rendered":"https:\/\/www.dosimetria.com\/biblioteca\/normativa\/proteccion-radiologica\/normativa-internacional\/"},"modified":"2014-10-16T17:43:55","modified_gmt":"2014-10-16T15:43:55","slug":"normativa-internacional","status":"publish","type":"page","link":"https:\/\/www.dosimetria.com\/gl\/biblioteca\/normativa\/proteccion-radiologica\/normativa-internacional\/","title":{"rendered":"Normativa Internacional"},"content":{"rendered":"<p><strong>Directiva 90\/641\/Euratom<\/strong>\u00a0relativa \u00e1 protecci\u00f3n operacional dos traballadores exteriores con risco de exposici\u00f3n a radiaci\u00f3ns ionizantes por intervenci\u00f3n en zona controlada.<\/p>\n<p><strong>Directiva 96\/29\/Euratom<\/strong> pola que se establecen as normas b\u00e1sicas relativas \u00e1 protecci\u00f3n sanitaria dos traballadores e da poboaci\u00f3n contra os riscos que resultan das radiaci\u00f3ns ionizantes.<\/p>\n<p><strong>Directiva 97\/43 Euratom<\/strong>\u00a0relativa \u00e1 protecci\u00f3n da sa\u00fade fronte aos riscos derivados das radiaci\u00f3ns ionizantes en exposici\u00f3ns m\u00e9dicas.<\/p>\n","protected":false},"excerpt":{"rendered":"<p>Directiva 90\/641\/Euratom\u00a0relativa \u00e1 protecci\u00f3n operacional dos traballadores exteriores con risco de exposici\u00f3n a radiaci\u00f3ns ionizantes por intervenci\u00f3n en zona controlada. Directiva 96\/29\/Euratom pola que se establecen as normas b\u00e1sicas relativas \u00e1 protecci\u00f3n sanitaria dos traballadores e da poboaci\u00f3n contra os riscos que resultan das radiaci\u00f3ns ionizantes. Directiva 97\/43 Euratom\u00a0relativa \u00e1 protecci\u00f3n da sa\u00fade fronte aos [&hellip;]<\/p>\n","protected":false},"author":22,"featured_media":0,"parent":2650,"menu_order":1,"comment_status":"closed","ping_status":"open","template":"","meta":{"_acf_changed":false,"footnotes":""},"class_list":["post-2654","page","type-page","status-publish","hentry"],"acf":[],"_links":{"self":[{"href":"https:\/\/www.dosimetria.com\/gl\/wp-json\/wp\/v2\/pages\/2654"}],"collection":[{"href":"https:\/\/www.dosimetria.com\/gl\/wp-json\/wp\/v2\/pages"}],"about":[{"href":"https:\/\/www.dosimetria.com\/gl\/wp-json\/wp\/v2\/types\/page"}],"author":[{"embeddable":true,"href":"https:\/\/www.dosimetria.com\/gl\/wp-json\/wp\/v2\/users\/22"}],"replies":[{"embeddable":true,"href":"https:\/\/www.dosimetria.com\/gl\/wp-json\/wp\/v2\/comments?post=2654"}],"version-history":[{"count":0,"href":"https:\/\/www.dosimetria.com\/gl\/wp-json\/wp\/v2\/pages\/2654\/revisions"}],"up":[{"embeddable":true,"href":"https:\/\/www.dosimetria.com\/gl\/wp-json\/wp\/v2\/pages\/2650"}],"wp:attachment":[{"href":"https:\/\/www.dosimetria.com\/gl\/wp-json\/wp\/v2\/media?parent=2654"}],"curies":[{"name":"wp","href":"https:\/\/api.w.org\/{rel}","templated":true}]}}