{"id":2656,"date":"2013-01-24T14:50:43","date_gmt":"2013-01-24T14:50:43","guid":{"rendered":"https:\/\/www.dosimetria.com\/biblioteca\/normativa\/proteccion-radiologica\/normativa-nacional\/"},"modified":"2014-10-16T17:44:58","modified_gmt":"2014-10-16T15:44:58","slug":"normativa-nacional","status":"publish","type":"page","link":"https:\/\/www.dosimetria.com\/gl\/biblioteca\/normativa\/proteccion-radiologica\/normativa-nacional\/","title":{"rendered":"Normativa Nacional"},"content":{"rendered":"<p><strong>Real decreto 1132\/90<\/strong>\u00a0do 14 de setembro, polo que se establecen medidas fundamentais de protecci\u00f3n radiol\u00f3xica das persoas sometidas a exames e tratamentos m\u00e9dicos (BOE 18\/09\/1990).<\/p>\n<p><strong>Real decreto 413\/1997<\/strong>\u00a0do 21 de marzo, sobre protecci\u00f3n operacional dos traballadores externos con risco de exposici\u00f3n a radiaci\u00f3ns ionizantes por intervenci\u00f3n en zona controlada (BOE 16\/04\/1997).<\/p>\n<p><strong>Real decreto 1841\/1997<\/strong>\u00a0do 5 de decembro, polo que se establecen os Criterios de Calidade en Medicina Nuclear (BOE 19\/12\/1997).<\/p>\n<p><strong>Real decreto 1566\/1998<\/strong>\u00a0do 17 de xullo, polo que se establecen os Criterios de Calidade en Radioterapia (BOE 28\/08\/1998).<\/p>\n<p><strong>Real decreto 1976\/1999<\/strong>\u00a0do 23 de decembro, polo que se establecen os Criterios de Calidade en Radiodiagn\u00f3stico (BOE 29\/12\/1999).<\/p>\n<p><strong>Real decreto 783\/2001<\/strong>\u00a0do 6 de xullo polo que se aproba o\u00a0 Regulamento sobre protecci\u00f3n sanitaria contra radiaci\u00f3ns ionizantes. Entrou en vigor o 1 de xaneiro de 2002 e derrogou o RD 53\/1992 sobre a mesma materia (BOE 26\/07\/2001).<\/p>\n<p><strong>Real decreto 815\/2001<\/strong>\u00a0do 13 de xullo sobre xustificaci\u00f3n do uso das radiaci\u00f3ns ionizantes para a protecci\u00f3n radiol\u00f3xica das persoas con ocasi\u00f3n de exposici\u00f3ns m\u00e9dicas (BOE 14\/07\/2001).<\/p>\n<p><strong>Real decreto 1439\/2010<\/strong>\u00a0do 5 de novembro, polo que se modifica o Regulamento sobre protecci\u00f3n sanitaria contra radiaci\u00f3ns ionizantes, aprobado por Real decreto 783\/2001, do 6 de xullo (BOE 18\/11\/2010).<\/p>\n","protected":false},"excerpt":{"rendered":"<p>Real decreto 1132\/90\u00a0do 14 de setembro, polo que se establecen medidas fundamentais de protecci\u00f3n radiol\u00f3xica das persoas sometidas a exames e tratamentos m\u00e9dicos (BOE 18\/09\/1990). Real decreto 413\/1997\u00a0do 21 de marzo, sobre protecci\u00f3n operacional dos traballadores externos con risco de exposici\u00f3n a radiaci\u00f3ns ionizantes por intervenci\u00f3n en zona controlada (BOE 16\/04\/1997). Real decreto 1841\/1997\u00a0do 5 [&hellip;]<\/p>\n","protected":false},"author":22,"featured_media":0,"parent":2650,"menu_order":2,"comment_status":"closed","ping_status":"open","template":"","meta":{"_acf_changed":false,"footnotes":""},"class_list":["post-2656","page","type-page","status-publish","hentry"],"acf":[],"_links":{"self":[{"href":"https:\/\/www.dosimetria.com\/gl\/wp-json\/wp\/v2\/pages\/2656"}],"collection":[{"href":"https:\/\/www.dosimetria.com\/gl\/wp-json\/wp\/v2\/pages"}],"about":[{"href":"https:\/\/www.dosimetria.com\/gl\/wp-json\/wp\/v2\/types\/page"}],"author":[{"embeddable":true,"href":"https:\/\/www.dosimetria.com\/gl\/wp-json\/wp\/v2\/users\/22"}],"replies":[{"embeddable":true,"href":"https:\/\/www.dosimetria.com\/gl\/wp-json\/wp\/v2\/comments?post=2656"}],"version-history":[{"count":0,"href":"https:\/\/www.dosimetria.com\/gl\/wp-json\/wp\/v2\/pages\/2656\/revisions"}],"up":[{"embeddable":true,"href":"https:\/\/www.dosimetria.com\/gl\/wp-json\/wp\/v2\/pages\/2650"}],"wp:attachment":[{"href":"https:\/\/www.dosimetria.com\/gl\/wp-json\/wp\/v2\/media?parent=2656"}],"curies":[{"name":"wp","href":"https:\/\/api.w.org\/{rel}","templated":true}]}}