{"id":2658,"date":"2013-01-24T14:51:16","date_gmt":"2013-01-24T14:51:16","guid":{"rendered":"https:\/\/www.dosimetria.com\/biblioteca\/normativa\/proteccion-radiologica\/instrucciones-csn\/"},"modified":"2014-10-16T17:45:57","modified_gmt":"2014-10-16T15:45:57","slug":"instrucciones-csn","status":"publish","type":"page","link":"https:\/\/www.dosimetria.com\/gl\/biblioteca\/normativa\/proteccion-radiologica\/instrucciones-csn\/","title":{"rendered":"Instruci\u00f3ns CSN"},"content":{"rendered":"<p><strong>IS-01: Documento individual de seguimento radiol\u00f3xico (carn\u00e9 radiol\u00f3xico)<\/strong><\/p>\n<p>Instruci\u00f3n do 31 de maio de 2001, do Consello de Seguridade Nuclear, n\u00famero IS-01 pola que se define o formato e o contido do documento individual de seguimento radiol\u00f3xico (carn\u00e9 radiol\u00f3xico) regulado no Real decreto 413\/1997.<\/p>\n<p><strong>IS-04: Documentos de protecci\u00f3n radiol\u00f3xica en CCNN con obxecto do seu desmantelamento e clausura<\/strong><\/p>\n<p>Instruci\u00f3n do 5 de febreiro de 2003, do Consello de Seguridade Nuclear, n\u00famero IS-04, pola que se regulan as transferencias, arquivo e custodia dos documentos relativos \u00e1 protecci\u00f3n radiol\u00f3xica en centrais nucleares con obxecto do seu desmantelamento e clausura.<br \/>\nPublicada no BOE n\u00ba 51 do 28 de febreiro de 2003.<\/p>\n<p><strong>IS-05: Valores de exenci\u00f3n para nucleidos<\/strong><\/p>\n<p>Instruci\u00f3n do 26 de febreiro de 2003, do Consello de Seguridade Nuclear, n\u00famero IS-05, pola que se definen os valores de exenci\u00f3n para nucleidos segundo se establece nas t\u00e1boas A e B do anexo I do Real Decreto 1836\/1999.<\/p>\n<p>Publicada no BOE n\u00ba 86 do 10 de abril de 2003.<\/p>\n<p><strong>IS-08: Criterios para esixir asesoramento en protecci\u00f3n radiol\u00f3xica aos titulares de IINN e IIRR<\/strong><\/p>\n<p>Instruci\u00f3n do 27 de xullo de 2005, do Consello de Seguridade Nuclear, n\u00famero IS-08, sobre os criterios aplicados polo CSN para esixir, aos titulares\u00a0 das instalaci\u00f3ns nucleares e radioactivas, o asesoramento espec\u00edfico en protecci\u00f3n radiol\u00f3xica.<\/p>\n<p>Publicada no BOE n\u00ba 238 do 5 de outubro de 2005.<\/p>\n","protected":false},"excerpt":{"rendered":"<p>IS-01: Documento individual de seguimento radiol\u00f3xico (carn\u00e9 radiol\u00f3xico) Instruci\u00f3n do 31 de maio de 2001, do Consello de Seguridade Nuclear, n\u00famero IS-01 pola que se define o formato e o contido do documento individual de seguimento radiol\u00f3xico (carn\u00e9 radiol\u00f3xico) regulado no Real decreto 413\/1997. IS-04: Documentos de protecci\u00f3n radiol\u00f3xica en CCNN con obxecto do seu [&hellip;]<\/p>\n","protected":false},"author":22,"featured_media":0,"parent":2650,"menu_order":3,"comment_status":"closed","ping_status":"open","template":"","meta":{"_acf_changed":false,"footnotes":""},"class_list":["post-2658","page","type-page","status-publish","hentry"],"acf":[],"_links":{"self":[{"href":"https:\/\/www.dosimetria.com\/gl\/wp-json\/wp\/v2\/pages\/2658"}],"collection":[{"href":"https:\/\/www.dosimetria.com\/gl\/wp-json\/wp\/v2\/pages"}],"about":[{"href":"https:\/\/www.dosimetria.com\/gl\/wp-json\/wp\/v2\/types\/page"}],"author":[{"embeddable":true,"href":"https:\/\/www.dosimetria.com\/gl\/wp-json\/wp\/v2\/users\/22"}],"replies":[{"embeddable":true,"href":"https:\/\/www.dosimetria.com\/gl\/wp-json\/wp\/v2\/comments?post=2658"}],"version-history":[{"count":0,"href":"https:\/\/www.dosimetria.com\/gl\/wp-json\/wp\/v2\/pages\/2658\/revisions"}],"up":[{"embeddable":true,"href":"https:\/\/www.dosimetria.com\/gl\/wp-json\/wp\/v2\/pages\/2650"}],"wp:attachment":[{"href":"https:\/\/www.dosimetria.com\/gl\/wp-json\/wp\/v2\/media?parent=2658"}],"curies":[{"name":"wp","href":"https:\/\/api.w.org\/{rel}","templated":true}]}}