{"id":2662,"date":"2013-01-24T14:54:26","date_gmt":"2013-01-24T14:54:26","guid":{"rendered":"https:\/\/www.dosimetria.com\/biblioteca\/normativa\/sistemas-de-gestion-iso\/calidad\/"},"modified":"2014-10-16T17:48:03","modified_gmt":"2014-10-16T15:48:03","slug":"calidad","status":"publish","type":"page","link":"https:\/\/www.dosimetria.com\/gl\/biblioteca\/normativa\/sistemas-de-gestion-iso\/calidad\/","title":{"rendered":"Calidade"},"content":{"rendered":"<p>ISO 9000 Sistemas de\u00a0xesti\u00f3n de calidade.\u00a0Fundamentos e vocabulario<br \/>\nISO 9001 Sistemas de\u00a0xesti\u00f3n de calidade. Requisitos<br \/>\nISO 17025 Avaliaci\u00f3n da non conformidade. Requisitos xerais para a competencia dos laboratorios de ensaio e calibraci\u00f3n<\/p>\n","protected":false},"excerpt":{"rendered":"<p>ISO 9000 Sistemas de\u00a0xesti\u00f3n de calidade.\u00a0Fundamentos e vocabulario ISO 9001 Sistemas de\u00a0xesti\u00f3n de calidade. Requisitos ISO 17025 Avaliaci\u00f3n da non conformidade. Requisitos xerais para a competencia dos laboratorios de ensaio e calibraci\u00f3n<\/p>\n","protected":false},"author":22,"featured_media":0,"parent":2660,"menu_order":1,"comment_status":"closed","ping_status":"open","template":"","meta":{"_acf_changed":false,"footnotes":""},"class_list":["post-2662","page","type-page","status-publish","hentry"],"acf":[],"_links":{"self":[{"href":"https:\/\/www.dosimetria.com\/gl\/wp-json\/wp\/v2\/pages\/2662"}],"collection":[{"href":"https:\/\/www.dosimetria.com\/gl\/wp-json\/wp\/v2\/pages"}],"about":[{"href":"https:\/\/www.dosimetria.com\/gl\/wp-json\/wp\/v2\/types\/page"}],"author":[{"embeddable":true,"href":"https:\/\/www.dosimetria.com\/gl\/wp-json\/wp\/v2\/users\/22"}],"replies":[{"embeddable":true,"href":"https:\/\/www.dosimetria.com\/gl\/wp-json\/wp\/v2\/comments?post=2662"}],"version-history":[{"count":0,"href":"https:\/\/www.dosimetria.com\/gl\/wp-json\/wp\/v2\/pages\/2662\/revisions"}],"up":[{"embeddable":true,"href":"https:\/\/www.dosimetria.com\/gl\/wp-json\/wp\/v2\/pages\/2660"}],"wp:attachment":[{"href":"https:\/\/www.dosimetria.com\/gl\/wp-json\/wp\/v2\/media?parent=2662"}],"curies":[{"name":"wp","href":"https:\/\/api.w.org\/{rel}","templated":true}]}}