{"id":2668,"date":"2012-10-25T10:24:42","date_gmt":"2012-10-25T10:24:42","guid":{"rendered":"https:\/\/www.dosimetria.com\/aviso-legal\/"},"modified":"2024-10-01T13:02:21","modified_gmt":"2024-10-01T11:02:21","slug":"aviso-legal","status":"publish","type":"page","link":"https:\/\/www.dosimetria.com\/gl\/aviso-legal\/","title":{"rendered":"Aviso Legal"},"content":{"rendered":"<p><strong>Titularidade do Sitio Web e Aplicaci\u00f3n M\u00f3bil<\/strong><br \/>\nCENTRO DE DOSIMETR\u00cdA S.L., con domicilio na R\u00faa Llull 51-55 5\u00ba5\u00aa, 08005 Barcelona, Espa\u00f1a, \u00e9 o \u00fanico titular do sitio web www.dosimetria.com e da aplicaci\u00f3n m\u00f3bil, de todos os contidos publicados e dos signos distintivos inclu\u00eddos no mesmo.<\/p>\n<p><strong>Dereitos de Propiedade Industrial e Intelectual<\/strong><br \/>\nO sitio web e a aplicaci\u00f3n m\u00f3bil, os seus contidos e os signos distintivos son propiedade exclusiva de CENTRO DE DOSIMETR\u00cdA S.L. e est\u00e1n protexidos polas leis de propiedade industrial e intelectual aplicables a nivel nacional, comunitario e internacional. Queda prohibida calquera forma de reproduci\u00f3n, copia, distribuci\u00f3n, comunicaci\u00f3n p\u00fablica ou modificaci\u00f3n sen o previo consentimento expreso de CENTRO DE DOSIMETR\u00cdA S.L. As infracci\u00f3ns est\u00e1n suxeitas \u00e1s sanci\u00f3ns establecidas no C\u00f3digo Penal espa\u00f1ol.<\/p>\n<p><strong>Uso de Cookies<\/strong><br \/>\nO noso sitio web e aplicaci\u00f3n m\u00f3bil utilizan cookies unicamente para recordar o idioma seleccionado polo usuario durante a s\u00faa visita. Esta funcionalidade facilita a navegaci\u00f3n e mellora a experiencia do usuario ao manter o idioma da s\u00faa preferencia en futuras visitas.<\/p>\n<p><strong>Exenci\u00f3n de Responsabilidade<\/strong><br \/>\nCENTRO DE DOSIMETR\u00cdA S.L. non se fai responsable do uso incorrecto que os visitantes poidan facer do contido do sitio web e aplicaci\u00f3n m\u00f3bil. As\u00ed mesmo, non garantimos a precisi\u00f3n, integridade ou actualizaci\u00f3n da informaci\u00f3n publicada no mesmo.<\/p>\n<p><strong>V\u00ednculos a Sitios de Terceiros<\/strong><br \/>\nO sitio web e aplicaci\u00f3n m\u00f3bil poden conter ligaz\u00f3ns a outros sitios web, os cales non est\u00e1n baixo o noso control. CENTRO DE DOSIMETR\u00cdA S.L. non \u00e9 responsable do contido dos sitios web externos accesibles a trav\u00e9s de ligaz\u00f3ns. Estes v\u00ednculos non implican unha recomendaci\u00f3n nin confirman os contidos destes sitios.<\/p>\n<p><strong>Aceptaci\u00f3n das Condici\u00f3ns<\/strong><br \/>\nO acceso e uso do noso sitio web e aplicaci\u00f3n m\u00f3bil implica a aceptaci\u00f3n plena e sen reservas de todas e cada unha das condici\u00f3ns inclu\u00eddas neste Aviso Legal. CENTRO DE DOSIMETR\u00cdA S.L. res\u00e9rvase o dereito de modificar estas condici\u00f3ns en calquera momento para adaptalas a novas lexislaci\u00f3ns ou pr\u00e1cticas do sector.<\/p>\n","protected":false},"excerpt":{"rendered":"<p>Titularidade do Sitio Web e Aplicaci\u00f3n M\u00f3bil CENTRO DE DOSIMETR\u00cdA S.L., con domicilio na R\u00faa Llull 51-55 5\u00ba5\u00aa, 08005 Barcelona, Espa\u00f1a, \u00e9 o \u00fanico titular do sitio web www.dosimetria.com e da aplicaci\u00f3n m\u00f3bil, de todos os contidos publicados e dos signos distintivos inclu\u00eddos no mesmo. Dereitos de Propiedade Industrial e Intelectual O sitio web e [&hellip;]<\/p>\n","protected":false},"author":22,"featured_media":0,"parent":0,"menu_order":9,"comment_status":"closed","ping_status":"closed","template":"","meta":{"_acf_changed":false,"footnotes":""},"class_list":["post-2668","page","type-page","status-publish","hentry"],"acf":[],"_links":{"self":[{"href":"https:\/\/www.dosimetria.com\/gl\/wp-json\/wp\/v2\/pages\/2668"}],"collection":[{"href":"https:\/\/www.dosimetria.com\/gl\/wp-json\/wp\/v2\/pages"}],"about":[{"href":"https:\/\/www.dosimetria.com\/gl\/wp-json\/wp\/v2\/types\/page"}],"author":[{"embeddable":true,"href":"https:\/\/www.dosimetria.com\/gl\/wp-json\/wp\/v2\/users\/22"}],"replies":[{"embeddable":true,"href":"https:\/\/www.dosimetria.com\/gl\/wp-json\/wp\/v2\/comments?post=2668"}],"version-history":[{"count":1,"href":"https:\/\/www.dosimetria.com\/gl\/wp-json\/wp\/v2\/pages\/2668\/revisions"}],"predecessor-version":[{"id":9198,"href":"https:\/\/www.dosimetria.com\/gl\/wp-json\/wp\/v2\/pages\/2668\/revisions\/9198"}],"wp:attachment":[{"href":"https:\/\/www.dosimetria.com\/gl\/wp-json\/wp\/v2\/media?parent=2668"}],"curies":[{"name":"wp","href":"https:\/\/api.w.org\/{rel}","templated":true}]}}