{"id":2748,"date":"2014-12-04T09:42:20","date_gmt":"2014-12-04T08:42:20","guid":{"rendered":"https:\/\/www.dosimetria.com\/calendario-2015\/"},"modified":"2014-12-18T15:45:17","modified_gmt":"2014-12-18T14:45:17","slug":"calendario-2015","status":"publish","type":"page","link":"https:\/\/www.dosimetria.com\/gl\/calendario-2015\/","title":{"rendered":"Almanaque 2015"},"content":{"rendered":"<p style=\"text-align: left;\">Descarga o almanaque* anual no teu escritorio e util\u00edzao como soporte para o uso dos dos\u00edmetros.<img loading=\"lazy\" decoding=\"async\" class=\"alignnone size-full wp-image-3030\" title=\"Tabla_calendario_gal\" src=\"https:\/\/www.dosimetria.com\/wp-content\/uploads\/2014\/12\/Tabla_calendario_gal.jpg\" alt=\"\" width=\"547\" height=\"140\" srcset=\"https:\/\/www.dosimetria.com\/wp-content\/uploads\/2014\/12\/Tabla_calendario_gal.jpg 547w, https:\/\/www.dosimetria.com\/wp-content\/uploads\/2014\/12\/Tabla_calendario_gal-170x43.jpg 170w\" sizes=\"(max-width: 547px) 100vw, 547px\" \/>*Inclu\u00eddos os festivos nacionais e locais.<\/p>\n","protected":false},"excerpt":{"rendered":"<p>Descarga o almanaque* anual no teu escritorio e util\u00edzao como soporte para o uso dos dos\u00edmetros.*Inclu\u00eddos os festivos nacionais e locais.<\/p>\n","protected":false},"author":15,"featured_media":0,"parent":0,"menu_order":0,"comment_status":"closed","ping_status":"open","template":"page-imagensuperior.php","meta":{"_acf_changed":false,"footnotes":""},"class_list":["post-2748","page","type-page","status-publish","hentry"],"acf":[],"_links":{"self":[{"href":"https:\/\/www.dosimetria.com\/gl\/wp-json\/wp\/v2\/pages\/2748"}],"collection":[{"href":"https:\/\/www.dosimetria.com\/gl\/wp-json\/wp\/v2\/pages"}],"about":[{"href":"https:\/\/www.dosimetria.com\/gl\/wp-json\/wp\/v2\/types\/page"}],"author":[{"embeddable":true,"href":"https:\/\/www.dosimetria.com\/gl\/wp-json\/wp\/v2\/users\/15"}],"replies":[{"embeddable":true,"href":"https:\/\/www.dosimetria.com\/gl\/wp-json\/wp\/v2\/comments?post=2748"}],"version-history":[{"count":0,"href":"https:\/\/www.dosimetria.com\/gl\/wp-json\/wp\/v2\/pages\/2748\/revisions"}],"wp:attachment":[{"href":"https:\/\/www.dosimetria.com\/gl\/wp-json\/wp\/v2\/media?parent=2748"}],"curies":[{"name":"wp","href":"https:\/\/api.w.org\/{rel}","templated":true}]}}