{"id":3959,"date":"2019-02-21T10:28:07","date_gmt":"2019-02-21T09:28:07","guid":{"rendered":"https:\/\/www.dosimetria.com\/gl\/politica-de-privacidad\/"},"modified":"2024-10-01T12:37:16","modified_gmt":"2024-10-01T10:37:16","slug":"politica-de-privacidade","status":"publish","type":"page","link":"https:\/\/www.dosimetria.com\/gl\/politica-de-privacidade\/","title":{"rendered":"Politica de Privacidade"},"content":{"rendered":"<p><strong>Dereito \u00e1 Informaci\u00f3n<\/strong><br \/>\nCENTRO DE DOSIMETR\u00cdA S.L. comprom\u00e9tese a recompilar s\u00f3 os datos persoais esenciais dos clientes cando contratan o noso Servizo de Dosimetr\u00eda Persoal. Estes datos son fundamentais para rexistrar os usuarios na nosa base de datos, co prop\u00f3sito exclusivo de proporcionar e xestionar eficientemente os nosos servizos. Compromet\u00e9monos a utilizar esta informaci\u00f3n unicamente para os fins mencionados, garantindo unha xesti\u00f3n axeitada e eficaz que beneficie aos nosos clientes.<\/p>\n<p><strong>Confidencialidade e Imparcialidade<\/strong><br \/>\nCENTRO DE DOSIMETR\u00cdA S.L. garante a confidencialidade dos datos dos seus clientes. Non almacenaremos, trataremos nin utilizaremos datos persoais sen o consentimento expreso da persoa afectada. Compromet\u00e9monos a non ceder, vender nin compartir os datos para beneficio de terceiros. Os datos persoais util\u00edzanse exclusivamente para a prestaci\u00f3n do servizo e ser\u00e1n cancelados cando xa non sexan necesarios. Os usuarios te\u00f1en dereito a acceder, rectificar, cancelar e opo\u00f1erse ao uso dos seus datos persoais, salvo para os fins definidos polo Consello de Seguridade Nuclear (CSN). CENTRO DE DOSIMETR\u00cdA S.L. garante a imparcialidade do Servizo. O persoal est\u00e1 libre de calquera vinculaci\u00f3n, dependencia ou influencia comercial e\/ou financeira.<\/p>\n<p><strong>Compromiso co RGPD<\/strong><br \/>\nCENTRO DE DOSIMETR\u00cdA S.L. est\u00e1 plenamente comprometido co cumprimento do Regulamento (UE) 2016\/679 do Parlamento Europeo e do Consello do 27 de abril de 2016, co\u00f1ecido como o Regulamento Xeral de Protecci\u00f3n de Datos (RGPD). CENTRO DE DOSIMETR\u00cdA S.L. implementou as medidas de seguridade requiridas conforme ao establecido no RGPD, garantindo que o tratamento de datos persoais se realiza de maneira segura, respectando os dereitos e liberdades dos individuos. CENTRO DE DOSIMETR\u00cdA S.L. xestiona e almacena a informaci\u00f3n sobre as doses asignadas no servizo prestado. A\u00ednda que os datos das doses recibidas non se consideran especialmente protexidos segundo o RGPD, apl\u00edcaselles o mesmo nivel de protecci\u00f3n que aos datos sensibles debido \u00e1 s\u00faa importancia.<\/p>\n<p><strong>Medidas de Seguridade<\/strong><br \/>\nCENTRO DE DOSIMETR\u00cdA S.L. implementou medidas t\u00e9cnicas e organizativas avanzadas para protexer os datos persoais contra a perda, uso indebido, alteraci\u00f3n e acceso non autorizado. Estas medidas est\u00e1n dese\u00f1adas para garantir a seguridade e confidencialidade dos datos persoais, respectando os principios de integridade e confidencialidade que esixe o RGPD.<\/p>\n<p><strong>Consentimento do Usuario<\/strong><br \/>\nAo proporcionar os seus datos, os usuarios aceptan e consenten o seu tratamento nos termos descritos nesta Pol\u00edtica de Privacidade e baixo as garant\u00edas establecidas polo RGPD.<\/p>\n<p><strong>Dereitos do Usuario<\/strong><br \/>\nOs usuarios te\u00f1en o dereito a solicitar o acceso, rectificaci\u00f3n, limitaci\u00f3n do tratamento, supresi\u00f3n ou portabilidade dos seus datos persoais. Ademais, poden opo\u00f1erse ao tratamento dos seus datos e te\u00f1en dereito a retirar o seu consentimento en calquera momento. Estes dereitos poden exercerse contactando directamente co noso responsable de protecci\u00f3n de datos.<\/p>\n<p><strong>Contacto de Protecci\u00f3n de Datos<\/strong><br \/>\nPara calquera consulta relacionada cos seus datos persoais, por favor contacte con:<\/p>\n<p>Enderezo: Calle Llull 51-55 5\u00ba 5\u00aa, 08005 Barcelona, Espa\u00f1a<br \/>\nTel\u00e9fono: 93 486 99 55<br \/>\nEmail: protecciondatos@dosimetria.es<br \/>\nCIF: B08714636<\/p>\n","protected":false},"excerpt":{"rendered":"<p>Dereito \u00e1 Informaci\u00f3n CENTRO DE DOSIMETR\u00cdA S.L. comprom\u00e9tese a recompilar s\u00f3 os datos persoais esenciais dos clientes cando contratan o noso Servizo de Dosimetr\u00eda Persoal. Estes datos son fundamentais para rexistrar os usuarios na nosa base de datos, co prop\u00f3sito exclusivo de proporcionar e xestionar eficientemente os nosos servizos. Compromet\u00e9monos a utilizar esta informaci\u00f3n unicamente [&hellip;]<\/p>\n","protected":false},"author":15,"featured_media":0,"parent":0,"menu_order":0,"comment_status":"closed","ping_status":"closed","template":"","meta":{"_acf_changed":false,"footnotes":""},"class_list":["post-3959","page","type-page","status-publish","hentry"],"acf":[],"_links":{"self":[{"href":"https:\/\/www.dosimetria.com\/gl\/wp-json\/wp\/v2\/pages\/3959"}],"collection":[{"href":"https:\/\/www.dosimetria.com\/gl\/wp-json\/wp\/v2\/pages"}],"about":[{"href":"https:\/\/www.dosimetria.com\/gl\/wp-json\/wp\/v2\/types\/page"}],"author":[{"embeddable":true,"href":"https:\/\/www.dosimetria.com\/gl\/wp-json\/wp\/v2\/users\/15"}],"replies":[{"embeddable":true,"href":"https:\/\/www.dosimetria.com\/gl\/wp-json\/wp\/v2\/comments?post=3959"}],"version-history":[{"count":1,"href":"https:\/\/www.dosimetria.com\/gl\/wp-json\/wp\/v2\/pages\/3959\/revisions"}],"predecessor-version":[{"id":9184,"href":"https:\/\/www.dosimetria.com\/gl\/wp-json\/wp\/v2\/pages\/3959\/revisions\/9184"}],"wp:attachment":[{"href":"https:\/\/www.dosimetria.com\/gl\/wp-json\/wp\/v2\/media?parent=3959"}],"curies":[{"name":"wp","href":"https:\/\/api.w.org\/{rel}","templated":true}]}}