{"id":1025,"date":"2012-12-11T09:31:00","date_gmt":"2012-12-11T09:31:00","guid":{"rendered":"http:\/\/www.dosimetria.com\/dosimetria\/"},"modified":"2016-06-27T11:49:18","modified_gmt":"2016-06-27T09:49:18","slug":"dosimetria","status":"publish","type":"page","link":"https:\/\/www.dosimetria.com\/pt-pt\/dosimetria\/","title":{"rendered":"Dosimetria"},"content":{"rendered":"<p>Dentro do\u00a0contexto das irradia\u00e7\u00f5es ionizantes,\u00a0o termo dose est\u00e1 relacionado \u00e0s distintas magnitudes que proporcionam uma medida f\u00edsica relacionada com o efeito directo ou potencial produzido na mat\u00e9ria irradiada. As magnitudes utilizadas para a\u00a0medida do risco associado \u00e0 exposi\u00e7\u00e3o\u00a0\u00e0s radia\u00e7\u00f5es ionizantes que s\u00e3o objeto de limita\u00e7\u00e3o na quantia permitida s\u00e3o: a\u00a0<em>dose equivalente<\/em>\u00a0em um \u00f3rg\u00e3o, a\u00a0<em>dose efectiva\u00a0equivalente<\/em>\u00a0e a\u00a0<em>dose equivalente ambiental<\/em>.<\/p>\n<p>A finalidade da dosimetria\u00a0\u00e9 avaliar a dose equivalente recebida a partir da an\u00e1lise de um\u00a0<strong>dos\u00edmetro<\/strong>\u00a0atribu\u00eddo para tal fim. Os tipos de dosimetria oferecidos pela empresa s\u00e3o:<\/p>\n<ul>\n<li>Dosimetria individual<\/li>\n<li>Dosimetria ocupacional<\/li>\n<li>Dosimetria\u00a0sob medida<\/li>\n<\/ul>\n<p>Na realiza\u00e7\u00e3o do servi\u00e7o para cada um desses tipos de dosimetria, aplicam-se o dos\u00edmetro e o m\u00e9todo de ensaio adequado.<\/p>\n","protected":false},"excerpt":{"rendered":"<p>Dentro do\u00a0contexto das irradia\u00e7\u00f5es ionizantes,\u00a0o termo dose est\u00e1 relacionado \u00e0s distintas magnitudes que proporcionam uma medida f\u00edsica relacionada com o efeito directo ou potencial produzido na mat\u00e9ria irradiada. As magnitudes utilizadas para a\u00a0medida do risco associado \u00e0 exposi\u00e7\u00e3o\u00a0\u00e0s radia\u00e7\u00f5es ionizantes que s\u00e3o objeto de limita\u00e7\u00e3o na quantia permitida s\u00e3o: a\u00a0dose equivalente\u00a0em um \u00f3rg\u00e3o, a\u00a0dose efectiva\u00a0equivalente\u00a0e [&hellip;]<\/p>\n","protected":false},"author":22,"featured_media":0,"parent":0,"menu_order":0,"comment_status":"closed","ping_status":"open","template":"page-imagensuperior.php","meta":{"_acf_changed":false,"footnotes":""},"class_list":["post-1025","page","type-page","status-publish","hentry"],"acf":[],"_links":{"self":[{"href":"https:\/\/www.dosimetria.com\/pt-pt\/wp-json\/wp\/v2\/pages\/1025"}],"collection":[{"href":"https:\/\/www.dosimetria.com\/pt-pt\/wp-json\/wp\/v2\/pages"}],"about":[{"href":"https:\/\/www.dosimetria.com\/pt-pt\/wp-json\/wp\/v2\/types\/page"}],"author":[{"embeddable":true,"href":"https:\/\/www.dosimetria.com\/pt-pt\/wp-json\/wp\/v2\/users\/22"}],"replies":[{"embeddable":true,"href":"https:\/\/www.dosimetria.com\/pt-pt\/wp-json\/wp\/v2\/comments?post=1025"}],"version-history":[{"count":0,"href":"https:\/\/www.dosimetria.com\/pt-pt\/wp-json\/wp\/v2\/pages\/1025\/revisions"}],"wp:attachment":[{"href":"https:\/\/www.dosimetria.com\/pt-pt\/wp-json\/wp\/v2\/media?parent=1025"}],"curies":[{"name":"wp","href":"https:\/\/api.w.org\/{rel}","templated":true}]}}