{"id":1029,"date":"2012-12-11T09:31:41","date_gmt":"2012-12-11T09:31:41","guid":{"rendered":"http:\/\/www.dosimetria.com\/dosimetria\/dosimetria-individual\/"},"modified":"2016-06-27T12:30:27","modified_gmt":"2016-06-27T10:30:27","slug":"dosimetria-individual","status":"publish","type":"page","link":"https:\/\/www.dosimetria.com\/pt-pt\/dosimetria\/dosimetria-individual\/","title":{"rendered":"Dosimetria individual"},"content":{"rendered":"<p>Englobamos dentro deste termo a estima\u00e7\u00e3o da dose equivalente, profunda e superficial que recebe um trabalhador profissionalmente exposto, obtida mediante a leitura do dos\u00edmetro atribu\u00eddo e usado pela pessoa durante todo o dia de trabalho.<\/p>\n<p>Os diferentes tipos de dos\u00edmetros individuais, classificados segundo a sua coloca\u00e7\u00e3o, s\u00e3o:<\/p>\n<ul>\n<li><em>Dos\u00edmetros de corpo inteiro<\/em><\/li>\n<li>Dos\u00edmetros de extremidades (pulso e anel)<\/li>\n<li>Dos\u00edmetros espec\u00edficos para a medi\u00e7\u00e3o em\u00a0outras zonas ou situa\u00e7\u00f5es especiais<\/li>\n<\/ul>\n<p style=\"text-align: justify;\">O servi\u00e7o oferecido \u00e9 mensal ou trimestral e os dos\u00edmetros atribu\u00eddos est\u00e3o devidamente etiquetados, incluindo tanto os dados do usu\u00e1rio como um c\u00f3digo de barras \u00fanico que permite a rastreabilidade do mesmo.<\/p>\n","protected":false},"excerpt":{"rendered":"<p>Englobamos dentro deste termo a estima\u00e7\u00e3o da dose equivalente, profunda e superficial que recebe um trabalhador profissionalmente exposto, obtida mediante a leitura do dos\u00edmetro atribu\u00eddo e usado pela pessoa durante todo o dia de trabalho. Os diferentes tipos de dos\u00edmetros individuais, classificados segundo a sua coloca\u00e7\u00e3o, s\u00e3o: Dos\u00edmetros de corpo inteiro Dos\u00edmetros de extremidades (pulso [&hellip;]<\/p>\n","protected":false},"author":22,"featured_media":0,"parent":1025,"menu_order":1,"comment_status":"closed","ping_status":"open","template":"page-imagensuperior.php","meta":{"_acf_changed":false,"footnotes":""},"class_list":["post-1029","page","type-page","status-publish","hentry"],"acf":[],"_links":{"self":[{"href":"https:\/\/www.dosimetria.com\/pt-pt\/wp-json\/wp\/v2\/pages\/1029"}],"collection":[{"href":"https:\/\/www.dosimetria.com\/pt-pt\/wp-json\/wp\/v2\/pages"}],"about":[{"href":"https:\/\/www.dosimetria.com\/pt-pt\/wp-json\/wp\/v2\/types\/page"}],"author":[{"embeddable":true,"href":"https:\/\/www.dosimetria.com\/pt-pt\/wp-json\/wp\/v2\/users\/22"}],"replies":[{"embeddable":true,"href":"https:\/\/www.dosimetria.com\/pt-pt\/wp-json\/wp\/v2\/comments?post=1029"}],"version-history":[{"count":0,"href":"https:\/\/www.dosimetria.com\/pt-pt\/wp-json\/wp\/v2\/pages\/1029\/revisions"}],"up":[{"embeddable":true,"href":"https:\/\/www.dosimetria.com\/pt-pt\/wp-json\/wp\/v2\/pages\/1025"}],"wp:attachment":[{"href":"https:\/\/www.dosimetria.com\/pt-pt\/wp-json\/wp\/v2\/media?parent=1029"}],"curies":[{"name":"wp","href":"https:\/\/api.w.org\/{rel}","templated":true}]}}