{"id":1034,"date":"2012-10-25T09:24:24","date_gmt":"2012-10-25T09:24:24","guid":{"rendered":"http:\/\/www.dosimetria.com\/servicio-dosimetria-personal\/"},"modified":"2014-12-12T10:47:11","modified_gmt":"2014-12-12T09:47:11","slug":"home","status":"publish","type":"page","link":"https:\/\/www.dosimetria.com\/pt-pt\/home\/","title":{"rendered":"Servi\u00e7o de Dosimetria Pessoal"},"content":{"rendered":"<p>O Servi\u00e7o de Dosimetria Pessoal (SDP)\u00a0\u00e9 um servi\u00e7o tipificado para a protec\u00e7\u00e3o sanit\u00e1ria contra as radia\u00e7\u00f5es ionizantes, que somente podem prestar as institui\u00e7\u00f5es expressamente autorizadas.<\/p>\n<p>A contrata\u00e7\u00e3o do SDP inclui como presta\u00e7\u00f5es b\u00e1sicas: a atribui\u00e7\u00e3o, distribui\u00e7\u00e3o e an\u00e1lise dos dos\u00edmetros; a elabora\u00e7\u00e3o e envio do relat\u00f3rio mensal ou trimestral e um relat\u00f3rio anual induvidual; as doses s\u00e3o comunicadas\u00a0ao IST\/ITN e as sobre-exposi\u00e7\u00f5es \u00e0 DGS. Al\u00e9m disso, segundo as necessidades do cliente, oferecem-se presta\u00e7\u00f5es adicionais, tais como relat\u00f3rios de dos\u00edmetros n\u00e3o recebidos, gest\u00e3o de perdas de informa\u00e7\u00e3o dosim\u00e9trica, etc.<\/p>\n","protected":false},"excerpt":{"rendered":"<p>SDP<\/p>\n","protected":false},"author":22,"featured_media":0,"parent":0,"menu_order":0,"comment_status":"closed","ping_status":"closed","template":"","meta":{"_acf_changed":false,"footnotes":""},"class_list":["post-1034","page","type-page","status-publish","hentry"],"acf":[],"_links":{"self":[{"href":"https:\/\/www.dosimetria.com\/pt-pt\/wp-json\/wp\/v2\/pages\/1034"}],"collection":[{"href":"https:\/\/www.dosimetria.com\/pt-pt\/wp-json\/wp\/v2\/pages"}],"about":[{"href":"https:\/\/www.dosimetria.com\/pt-pt\/wp-json\/wp\/v2\/types\/page"}],"author":[{"embeddable":true,"href":"https:\/\/www.dosimetria.com\/pt-pt\/wp-json\/wp\/v2\/users\/22"}],"replies":[{"embeddable":true,"href":"https:\/\/www.dosimetria.com\/pt-pt\/wp-json\/wp\/v2\/comments?post=1034"}],"version-history":[{"count":0,"href":"https:\/\/www.dosimetria.com\/pt-pt\/wp-json\/wp\/v2\/pages\/1034\/revisions"}],"wp:attachment":[{"href":"https:\/\/www.dosimetria.com\/pt-pt\/wp-json\/wp\/v2\/media?parent=1034"}],"curies":[{"name":"wp","href":"https:\/\/api.w.org\/{rel}","templated":true}]}}