{"id":1045,"date":"2012-11-06T10:26:18","date_gmt":"2012-11-06T10:26:18","guid":{"rendered":"http:\/\/www.dosimetria.com\/biblioteca\/"},"modified":"2016-06-27T12:01:11","modified_gmt":"2016-06-27T10:01:11","slug":"biblioteca","status":"publish","type":"page","link":"https:\/\/www.dosimetria.com\/pt-pt\/biblioteca\/","title":{"rendered":"Biblioteca"},"content":{"rendered":"<p style=\"text-align: justify;\">Nesta sec\u00e7\u00e3o pretende-se fornecer ao leitor informa\u00e7\u00e3o relacionada \u00e0 documenta\u00e7\u00e3o do sector, da normatiza\u00e7\u00e3o e sitios de interesse relacionados com a actividade de <strong>centro de dosimetria<\/strong>.<\/p>\n<p>&nbsp;<\/p>\n","protected":false},"excerpt":{"rendered":"<p>Nesta sec\u00e7\u00e3o pretende-se fornecer ao leitor informa\u00e7\u00e3o relacionada \u00e0 documenta\u00e7\u00e3o do sector, da normatiza\u00e7\u00e3o e sitios de interesse relacionados com a actividade de centro de dosimetria. &nbsp;<\/p>\n","protected":false},"author":22,"featured_media":0,"parent":0,"menu_order":6,"comment_status":"closed","ping_status":"closed","template":"page-imagensuperior.php","meta":{"_acf_changed":false,"footnotes":""},"class_list":["post-1045","page","type-page","status-publish","hentry"],"acf":[],"_links":{"self":[{"href":"https:\/\/www.dosimetria.com\/pt-pt\/wp-json\/wp\/v2\/pages\/1045"}],"collection":[{"href":"https:\/\/www.dosimetria.com\/pt-pt\/wp-json\/wp\/v2\/pages"}],"about":[{"href":"https:\/\/www.dosimetria.com\/pt-pt\/wp-json\/wp\/v2\/types\/page"}],"author":[{"embeddable":true,"href":"https:\/\/www.dosimetria.com\/pt-pt\/wp-json\/wp\/v2\/users\/22"}],"replies":[{"embeddable":true,"href":"https:\/\/www.dosimetria.com\/pt-pt\/wp-json\/wp\/v2\/comments?post=1045"}],"version-history":[{"count":0,"href":"https:\/\/www.dosimetria.com\/pt-pt\/wp-json\/wp\/v2\/pages\/1045\/revisions"}],"wp:attachment":[{"href":"https:\/\/www.dosimetria.com\/pt-pt\/wp-json\/wp\/v2\/media?parent=1045"}],"curies":[{"name":"wp","href":"https:\/\/api.w.org\/{rel}","templated":true}]}}