{"id":1051,"date":"2013-04-03T00:39:43","date_gmt":"2013-04-02T22:39:43","guid":{"rendered":"http:\/\/www.dosimetria.com\/?page_id=1051"},"modified":"2016-06-27T12:03:00","modified_gmt":"2016-06-27T10:03:00","slug":"empresa","status":"publish","type":"page","link":"https:\/\/www.dosimetria.com\/pt-pt\/empresa\/","title":{"rendered":"Empresa"},"content":{"rendered":"<p style=\"text-align: justify;\"><strong>centro de dosimetr\u00eda<\/strong> foi fundada em 1981 com a finalidade de oferecer o Servi\u00e7o de Dosimetria Pessoal (SDP) nas \u00e1reas da Sa\u00fade, Cient\u00edfica e Industrial e controlar aos profissionais expostos \u00e2s radia\u00e7\u00f5es ionizantes.<\/p>\n<p style=\"text-align: justify;\">A <strong>miss\u00e3o<\/strong> de <strong>centro de dosimetria<\/strong> \u00e9 oferecer o SDP <strong>satisfazendo as necessidades dos clientes<\/strong>, cumprindo tanto com os requisitos especificados no regulamento de protec\u00e7\u00e3o sanit\u00e1ria contra as radia\u00e7\u00f5es ionizantes, como com as directrizes definidas pela Direc\u00e7\u00e3o-Geral de Sa\u00fade.<\/p>\n<p style=\"text-align: justify;\">Em mais de 30 anos de experi\u00eancia, a empresa menteve a sua <strong>estrat\u00e9gia<\/strong> de <strong>especializa\u00e7\u00e3o<\/strong> em <strong>SDP<\/strong>, fomentando\u00a0a melhoria cont\u00ednua na \u00e1rea de dosimetria pessoal. Os principais <strong>valores<\/strong> da empresa s\u00e3o assegurar a <strong>qualidade dos seus ensaios<\/strong>, respeitar o meio-ambiente e tentar colaborar, na medida do poss\u00edvel, com o desenvolvimento do sector da Protec\u00e7\u00e3o Radiol\u00f3gica e contribuir\u00a0em geral com seu entorno social.<\/p>\n","protected":false},"excerpt":{"rendered":"<p>centro de dosimetr\u00eda foi fundada em 1981 com a finalidade de oferecer o Servi\u00e7o de Dosimetria Pessoal (SDP) nas \u00e1reas da Sa\u00fade, Cient\u00edfica e Industrial e controlar aos profissionais expostos \u00e2s radia\u00e7\u00f5es ionizantes. A miss\u00e3o de centro de dosimetria \u00e9 oferecer o SDP satisfazendo as necessidades dos clientes, cumprindo tanto com os requisitos especificados no [&hellip;]<\/p>\n","protected":false},"author":22,"featured_media":0,"parent":0,"menu_order":1,"comment_status":"closed","ping_status":"closed","template":"page-imagensuperior.php","meta":{"_acf_changed":false,"footnotes":""},"class_list":["post-1051","page","type-page","status-publish","hentry"],"acf":[],"_links":{"self":[{"href":"https:\/\/www.dosimetria.com\/pt-pt\/wp-json\/wp\/v2\/pages\/1051"}],"collection":[{"href":"https:\/\/www.dosimetria.com\/pt-pt\/wp-json\/wp\/v2\/pages"}],"about":[{"href":"https:\/\/www.dosimetria.com\/pt-pt\/wp-json\/wp\/v2\/types\/page"}],"author":[{"embeddable":true,"href":"https:\/\/www.dosimetria.com\/pt-pt\/wp-json\/wp\/v2\/users\/22"}],"replies":[{"embeddable":true,"href":"https:\/\/www.dosimetria.com\/pt-pt\/wp-json\/wp\/v2\/comments?post=1051"}],"version-history":[{"count":0,"href":"https:\/\/www.dosimetria.com\/pt-pt\/wp-json\/wp\/v2\/pages\/1051\/revisions"}],"wp:attachment":[{"href":"https:\/\/www.dosimetria.com\/pt-pt\/wp-json\/wp\/v2\/media?parent=1051"}],"curies":[{"name":"wp","href":"https:\/\/api.w.org\/{rel}","templated":true}]}}