{"id":1055,"date":"2012-11-06T10:24:59","date_gmt":"2012-11-06T10:24:59","guid":{"rendered":"http:\/\/www.dosimetria.com\/servicio\/"},"modified":"2016-06-27T11:50:59","modified_gmt":"2016-06-27T09:50:59","slug":"servicios-sdp","status":"publish","type":"page","link":"https:\/\/www.dosimetria.com\/pt-pt\/servicios-sdp\/","title":{"rendered":"Servi\u00e7o"},"content":{"rendered":"<p>A contrata\u00e7\u00e3o do SDP inclui como presta\u00e7\u00f5es b\u00e1sicas: a atribui\u00e7\u00e3o, distribui\u00e7\u00e3o e\u00a0an\u00e1lise dos dos\u00edmetros; a elabora\u00e7\u00e3o e envio de relat\u00f3rios dosim\u00e9tricos; a comunica\u00e7\u00e3o das doses aos organismos reguladores.<\/p>\n<p>Como especialista em SDP, o <strong>centro de dosimetr\u00eda<\/strong> fomenta a melhoria cont\u00ednua em cada aspecto do servi\u00e7o, desenvolvendo presta\u00e7\u00f5es adicionais e ferramentas &#8220;ad-hoc&#8221;<em><span style=\"color: #999999;\">(*1)<\/span><\/em> \u00a0de acordo com as necessidades espec\u00edficas de cada sector e cliente.<\/p>\n<p style=\"text-align: justify;\">No folheto de &#8220;Bem-vindo &#8211; SDP&#8221; resume-se o servi\u00e7o e suas condi\u00e7\u00f5es de uso. (O que \u00e9 um servi\u00e7o de dosimetria? O que \u00e9 um dos\u00edmetro? Quando e como usar os dos\u00edmetros? Como medem-se as doses? etc.)<\/p>\n<p style=\"text-align: justify;\"><span style=\"color: #999999;\"><em>\u00a0(*1) <strong>Ad hoc<\/strong> \u00e9 uma locu\u00e7\u00e3o em latim que significa literalmente &#8220;para isso&#8221;. Geralmente se refere a uma solu\u00e7\u00e3o elaborada especificamente para um problema ou fim preciso e, portanto, n\u00e3o \u00e9 generaliz\u00e1vel nem utiliz\u00e1vel para outros prop\u00f3sitos.<\/em><\/span><\/p>\n","protected":false},"excerpt":{"rendered":"<p>A contrata\u00e7\u00e3o do SDP inclui como presta\u00e7\u00f5es b\u00e1sicas: a atribui\u00e7\u00e3o, distribui\u00e7\u00e3o e\u00a0an\u00e1lise dos dos\u00edmetros; a elabora\u00e7\u00e3o e envio de relat\u00f3rios dosim\u00e9tricos; a comunica\u00e7\u00e3o das doses aos organismos reguladores. Como especialista em SDP, o centro de dosimetr\u00eda fomenta a melhoria cont\u00ednua em cada aspecto do servi\u00e7o, desenvolvendo presta\u00e7\u00f5es adicionais e ferramentas &#8220;ad-hoc&#8221;(*1) \u00a0de acordo com as [&hellip;]<\/p>\n","protected":false},"author":22,"featured_media":0,"parent":0,"menu_order":3,"comment_status":"closed","ping_status":"closed","template":"page-imagensuperior.php","meta":{"_acf_changed":false,"footnotes":""},"class_list":["post-1055","page","type-page","status-publish","hentry"],"acf":[],"_links":{"self":[{"href":"https:\/\/www.dosimetria.com\/pt-pt\/wp-json\/wp\/v2\/pages\/1055"}],"collection":[{"href":"https:\/\/www.dosimetria.com\/pt-pt\/wp-json\/wp\/v2\/pages"}],"about":[{"href":"https:\/\/www.dosimetria.com\/pt-pt\/wp-json\/wp\/v2\/types\/page"}],"author":[{"embeddable":true,"href":"https:\/\/www.dosimetria.com\/pt-pt\/wp-json\/wp\/v2\/users\/22"}],"replies":[{"embeddable":true,"href":"https:\/\/www.dosimetria.com\/pt-pt\/wp-json\/wp\/v2\/comments?post=1055"}],"version-history":[{"count":0,"href":"https:\/\/www.dosimetria.com\/pt-pt\/wp-json\/wp\/v2\/pages\/1055\/revisions"}],"wp:attachment":[{"href":"https:\/\/www.dosimetria.com\/pt-pt\/wp-json\/wp\/v2\/media?parent=1055"}],"curies":[{"name":"wp","href":"https:\/\/api.w.org\/{rel}","templated":true}]}}