{"id":1062,"date":"2013-02-05T11:05:53","date_gmt":"2013-02-05T11:05:53","guid":{"rendered":"http:\/\/www.dosimetria.com\/peticion-de-presupuesto\/"},"modified":"2016-10-26T10:15:38","modified_gmt":"2016-10-26T08:15:38","slug":"solicitud-de-presupuesto","status":"publish","type":"page","link":"https:\/\/www.dosimetria.com\/pt-pt\/solicitud-de-presupuesto\/","title":{"rendered":"PEDIDO DE OR\u00c7AMENTO"},"content":{"rendered":"<p>Preencha os campos a seguir para a elabora\u00e7\u00e3o do or\u00e7amento do servi\u00e7o (campos obrigat\u00f3rios *).<br \/>\nO departamento de clientes entrar\u00e1 em contato com os clientes no caso de necessitar mais informa\u00e7\u00f5es para fins de or\u00e7amento.<\/p>\n","protected":false},"excerpt":{"rendered":"<p>Preencha os campos a seguir para a elabora\u00e7\u00e3o do or\u00e7amento do servi\u00e7o (campos obrigat\u00f3rios *). O departamento de clientes entrar\u00e1 em contato com os clientes no caso de necessitar mais informa\u00e7\u00f5es para fins de or\u00e7amento.<\/p>\n","protected":false},"author":22,"featured_media":0,"parent":0,"menu_order":0,"comment_status":"closed","ping_status":"open","template":"","meta":{"_acf_changed":false,"footnotes":""},"class_list":["post-1062","page","type-page","status-publish","hentry"],"acf":[],"_links":{"self":[{"href":"https:\/\/www.dosimetria.com\/pt-pt\/wp-json\/wp\/v2\/pages\/1062"}],"collection":[{"href":"https:\/\/www.dosimetria.com\/pt-pt\/wp-json\/wp\/v2\/pages"}],"about":[{"href":"https:\/\/www.dosimetria.com\/pt-pt\/wp-json\/wp\/v2\/types\/page"}],"author":[{"embeddable":true,"href":"https:\/\/www.dosimetria.com\/pt-pt\/wp-json\/wp\/v2\/users\/22"}],"replies":[{"embeddable":true,"href":"https:\/\/www.dosimetria.com\/pt-pt\/wp-json\/wp\/v2\/comments?post=1062"}],"version-history":[{"count":0,"href":"https:\/\/www.dosimetria.com\/pt-pt\/wp-json\/wp\/v2\/pages\/1062\/revisions"}],"wp:attachment":[{"href":"https:\/\/www.dosimetria.com\/pt-pt\/wp-json\/wp\/v2\/media?parent=1062"}],"curies":[{"name":"wp","href":"https:\/\/api.w.org\/{rel}","templated":true}]}}