{"id":1084,"date":"2012-11-06T10:25:39","date_gmt":"2012-11-06T10:25:39","guid":{"rendered":"http:\/\/www.dosimetria.com\/calidad\/"},"modified":"2016-06-27T11:59:34","modified_gmt":"2016-06-27T09:59:34","slug":"calidad","status":"publish","type":"page","link":"https:\/\/www.dosimetria.com\/pt-pt\/calidad\/","title":{"rendered":"Qualidade"},"content":{"rendered":"<p style=\"text-align: justify;\">A miss\u00e3o do centro de dosimetria \u00e9 oferecer o Servi\u00e7o de Dosimetria Pessoal, satisfazendo as necessidades dos seus clientes e, por sua vez, aplicando valores que demonstrem o seu compromisso com o entorno, valorizando o impacto com a comunidade, o meio-ambiente e as pessoas implicadas.<\/p>\n<p style=\"text-align: justify;\">Para cumprir tais expectativas, a vis\u00e3o do <strong>centro de dosimetr\u00eda<\/strong> \u00e9 a de assegurar a qualidade do servi\u00e7o mediante uma gest\u00e3o baseada nos seguintes enfoques:<\/p>\n<ul>\n<li style=\"text-align: justify;\">Sistema integral de gest\u00e3o de qualidade, meio ambiente e seguran\u00e7a.<\/li>\n<li style=\"text-align: justify;\">Orienta\u00e7\u00e3o ao cliente, identificando necessidades estandardizadas e espec\u00edficas.<\/li>\n<li style=\"text-align: justify;\">Aplica\u00e7\u00e3o da gest\u00e3o por processos para assegurar a melhoria cont\u00ednua.<\/li>\n<li style=\"text-align: justify;\">Seguimento do servi\u00e7o, mediante aplica\u00e7\u00e3o de um\u00a0quadro de medidores dos aspectos de servi\u00e7o, qualidade, etc.<\/li>\n<\/ul>\n","protected":false},"excerpt":{"rendered":"<p>A miss\u00e3o do centro de dosimetria \u00e9 oferecer o Servi\u00e7o de Dosimetria Pessoal, satisfazendo as necessidades dos seus clientes e, por sua vez, aplicando valores que demonstrem o seu compromisso com o entorno, valorizando o impacto com a comunidade, o meio-ambiente e as pessoas implicadas. Para cumprir tais expectativas, a vis\u00e3o do centro de dosimetr\u00eda [&hellip;]<\/p>\n","protected":false},"author":22,"featured_media":0,"parent":0,"menu_order":5,"comment_status":"closed","ping_status":"open","template":"page-imagensuperior.php","meta":{"_acf_changed":false,"footnotes":""},"class_list":["post-1084","page","type-page","status-publish","hentry"],"acf":[],"_links":{"self":[{"href":"https:\/\/www.dosimetria.com\/pt-pt\/wp-json\/wp\/v2\/pages\/1084"}],"collection":[{"href":"https:\/\/www.dosimetria.com\/pt-pt\/wp-json\/wp\/v2\/pages"}],"about":[{"href":"https:\/\/www.dosimetria.com\/pt-pt\/wp-json\/wp\/v2\/types\/page"}],"author":[{"embeddable":true,"href":"https:\/\/www.dosimetria.com\/pt-pt\/wp-json\/wp\/v2\/users\/22"}],"replies":[{"embeddable":true,"href":"https:\/\/www.dosimetria.com\/pt-pt\/wp-json\/wp\/v2\/comments?post=1084"}],"version-history":[{"count":0,"href":"https:\/\/www.dosimetria.com\/pt-pt\/wp-json\/wp\/v2\/pages\/1084\/revisions"}],"wp:attachment":[{"href":"https:\/\/www.dosimetria.com\/pt-pt\/wp-json\/wp\/v2\/media?parent=1084"}],"curies":[{"name":"wp","href":"https:\/\/api.w.org\/{rel}","templated":true}]}}