{"id":1086,"date":"2012-11-06T10:25:27","date_gmt":"2012-11-06T10:25:27","guid":{"rendered":"http:\/\/www.dosimetria.com\/laboratorio\/"},"modified":"2021-07-20T13:33:41","modified_gmt":"2021-07-20T11:33:41","slug":"laboratorio","status":"publish","type":"page","link":"https:\/\/www.dosimetria.com\/pt-pt\/laboratorio\/","title":{"rendered":"Laborat\u00f3rio"},"content":{"rendered":"<p><!--?xml:namespace prefix = \"o\" ns = \"urn:schemas-microsoft-com:office:office\" \/--><\/p>\n<p>O m\u00e9todo de ensaio utilizado\u00a0em centro de dosmetria descrito no procedimento interno &#8220;PRT 5.4.1 Determina\u00e7\u00e3o da Dose Equivalente Pessoal&#8221;, baseia-se no IEC 62387 (2012) e est\u00e1 <a href=\"https:\/\/www.enac.es\/documents\/7020\/1aac045f-566f-4610-a3a2-7c0c7697e42d\">acreditado pelo ENAC<\/a> de acordo com os crit\u00e9rios da ISO\/IEC 17025. A \u00e1rea t\u00e9cnica \u00e9 respons\u00e1vel pela aplica\u00e7\u00e3o do m\u00e9todo, pela garantia de qualidade do ensaio e pela emiss\u00e3o dos relat\u00f3rios de resultados, determinando a dose equivalente atrav\u00e9s da leitura dos dos\u00edmetros atribu\u00eddos aos utilizadores.<\/p>\n<p>O laborat\u00f3rio\u00a0\u00e9 independente, imparcial e sem press\u00f5es do resto da organiza\u00e7\u00e3o, tendo a capacidade adequada ao volumen de ensaios realizados. Conta com pessoal totalmente capacitado para a realiza\u00e7\u00e3o de suas fun\u00e7\u00f5es, sendo uma de suas prioridades a de fomentar a melhoria cont\u00ednua, tanto mediante a investiga\u00e7\u00e3o e o desenvolvimento\u00a0de seus produtos, como controlando e assegurando a efic\u00e1cia e efici\u00eancia dos processos t\u00e9cnicos realizados.<\/p>\n<p>A \u00e1rea t\u00e9cnica est\u00e1 composta por tr\u00eas divis\u00f5es cont\u00edguas:<\/p>\n<ul>\n<li>O laborat\u00f3rio \u00e9 uma sala independente exclusivamente dedicada \u00e0 realiza\u00e7\u00e3o de ensaios dosim\u00e9tricos (n\u00e3o h\u00e1 postos de trabalho). O acesso \u00e0 sala\u00a0\u00e9 restringido e as condi\u00e7\u00f5es ambientais s\u00e3o controladas segundo as necessidades dos equipamentos.<\/li>\n<li>O departamento de f\u00edsica onde se sit\u00faa o pessoal t\u00e9cnico, cuja responsabilidade \u00e9 a verifica\u00e7\u00e3o dos ensaios e relat\u00f3rios.<\/li>\n<li>A oficina onde trabalha o pessoal operador, respons\u00e1vel\u00a0pelo carregamento\u00a0dos equipamentos e, por sua vez, de realizar as manipula\u00e7\u00f5es com os dos\u00edmetros, tomando as medidas necess\u00e1rias para assegurar a \u00a0rastreabilidade e seguran\u00e7a.<\/li>\n<\/ul>\n","protected":false},"excerpt":{"rendered":"<p>O m\u00e9todo de ensaio utilizado\u00a0em centro de dosmetria descrito no procedimento interno &#8220;PRT 5.4.1 Determina\u00e7\u00e3o da Dose Equivalente Pessoal&#8221;, baseia-se no IEC 62387 (2012) e est\u00e1 acreditado pelo ENAC de acordo com os crit\u00e9rios da ISO\/IEC 17025. A \u00e1rea t\u00e9cnica \u00e9 respons\u00e1vel pela aplica\u00e7\u00e3o do m\u00e9todo, pela garantia de qualidade do ensaio e pela emiss\u00e3o [&hellip;]<\/p>\n","protected":false},"author":22,"featured_media":0,"parent":0,"menu_order":4,"comment_status":"closed","ping_status":"closed","template":"page-imagensuperior.php","meta":{"_acf_changed":false,"footnotes":""},"class_list":["post-1086","page","type-page","status-publish","hentry"],"acf":[],"_links":{"self":[{"href":"https:\/\/www.dosimetria.com\/pt-pt\/wp-json\/wp\/v2\/pages\/1086"}],"collection":[{"href":"https:\/\/www.dosimetria.com\/pt-pt\/wp-json\/wp\/v2\/pages"}],"about":[{"href":"https:\/\/www.dosimetria.com\/pt-pt\/wp-json\/wp\/v2\/types\/page"}],"author":[{"embeddable":true,"href":"https:\/\/www.dosimetria.com\/pt-pt\/wp-json\/wp\/v2\/users\/22"}],"replies":[{"embeddable":true,"href":"https:\/\/www.dosimetria.com\/pt-pt\/wp-json\/wp\/v2\/comments?post=1086"}],"version-history":[{"count":0,"href":"https:\/\/www.dosimetria.com\/pt-pt\/wp-json\/wp\/v2\/pages\/1086\/revisions"}],"wp:attachment":[{"href":"https:\/\/www.dosimetria.com\/pt-pt\/wp-json\/wp\/v2\/media?parent=1086"}],"curies":[{"name":"wp","href":"https:\/\/api.w.org\/{rel}","templated":true}]}}