{"id":1093,"date":"2012-10-25T10:24:42","date_gmt":"2012-10-25T10:24:42","guid":{"rendered":"http:\/\/www.dosimetria.com\/aviso-legal\/"},"modified":"2024-10-01T12:56:20","modified_gmt":"2024-10-01T10:56:20","slug":"aviso-legal","status":"publish","type":"page","link":"https:\/\/www.dosimetria.com\/pt-pt\/aviso-legal\/","title":{"rendered":"Aviso Legal"},"content":{"rendered":"<p><strong>Titularidade do Site e Aplica\u00e7\u00e3o M\u00f3vel<\/strong><br \/>\nCENTRO DE DOSIMETR\u00cdA S.L., com endere\u00e7o na Calle Llull 51-55 5\u00ba5\u00aa, 08005 Barcelona, Espanha, \u00e9 o \u00fanico titular do site www.dosimetria.com e da aplica\u00e7\u00e3o m\u00f3vel, de todos os conte\u00fados publicados e dos sinais distintivos inclu\u00eddos no mesmo.<\/p>\n<p><strong>Direitos de Propriedade Industrial e Intelectual<\/strong><br \/>\nO site e a aplica\u00e7\u00e3o m\u00f3vel, os seus conte\u00fados e os sinais distintivos s\u00e3o propriedade exclusiva do CENTRO DE DOSIMETR\u00cdA S.L. e est\u00e3o protegidos pelas leis de propriedade industrial e intelectual aplic\u00e1veis a n\u00edvel nacional, comunit\u00e1rio e internacional. \u00c9 proibida qualquer forma de reprodu\u00e7\u00e3o, c\u00f3pia, distribui\u00e7\u00e3o, comunica\u00e7\u00e3o p\u00fablica ou modifica\u00e7\u00e3o sem o pr\u00e9vio consentimento expresso do CENTRO DE DOSIMETR\u00cdA S.L. As infra\u00e7\u00f5es est\u00e3o sujeitas \u00e0s san\u00e7\u00f5es estabelecidas no C\u00f3digo Penal espanhol.<\/p>\n<p><strong>Uso de Cookies<\/strong><br \/>\nO nosso site e aplica\u00e7\u00e3o m\u00f3vel utilizam cookies apenas para lembrar o idioma selecionado pelo utilizador durante a sua visita. Esta funcionalidade facilita a navega\u00e7\u00e3o e melhora a experi\u00eancia do utilizador ao manter o idioma da sua prefer\u00eancia em visitas futuras.<\/p>\n<p><strong>Isen\u00e7\u00e3o de Responsabilidade<\/strong><br \/>\nO CENTRO DE DOSIMETR\u00cdA S.L. n\u00e3o se responsabiliza pelo uso incorreto que os visitantes possam fazer do conte\u00fado do site e da aplica\u00e7\u00e3o m\u00f3vel. Al\u00e9m disso, n\u00e3o garantimos a precis\u00e3o, integridade ou atualiza\u00e7\u00e3o da informa\u00e7\u00e3o publicada no mesmo.<\/p>\n<p><strong>Links para Sites de Terceiros<\/strong><br \/>\nO site e a aplica\u00e7\u00e3o m\u00f3vel podem conter links para outros sites que n\u00e3o est\u00e3o sob o nosso controlo. O CENTRO DE DOSIMETR\u00cdA S.L. n\u00e3o \u00e9 respons\u00e1vel pelo conte\u00fado dos sites externos acess\u00edveis atrav\u00e9s de links. Estes links n\u00e3o implicam uma recomenda\u00e7\u00e3o nem confirmam os conte\u00fados desses sites.<\/p>\n<p><strong>Aceita\u00e7\u00e3o das Condi\u00e7\u00f5es<\/strong><br \/>\nO acesso e uso do nosso site e aplica\u00e7\u00e3o m\u00f3vel implica a aceita\u00e7\u00e3o plena e sem reservas de todas e cada uma das condi\u00e7\u00f5es inclu\u00eddas neste Aviso Legal. O CENTRO DE DOSIMETR\u00cdA S.L. reserva-se o direito de modificar estas condi\u00e7\u00f5es a qualquer momento para as adaptar a novas legisla\u00e7\u00f5es ou pr\u00e1ticas do setor.<\/p>\n","protected":false},"excerpt":{"rendered":"<p>Titularidade do Site e Aplica\u00e7\u00e3o M\u00f3vel CENTRO DE DOSIMETR\u00cdA S.L., com endere\u00e7o na Calle Llull 51-55 5\u00ba5\u00aa, 08005 Barcelona, Espanha, \u00e9 o \u00fanico titular do site www.dosimetria.com e da aplica\u00e7\u00e3o m\u00f3vel, de todos os conte\u00fados publicados e dos sinais distintivos inclu\u00eddos no mesmo. Direitos de Propriedade Industrial e Intelectual O site e a aplica\u00e7\u00e3o m\u00f3vel, [&hellip;]<\/p>\n","protected":false},"author":22,"featured_media":0,"parent":0,"menu_order":9,"comment_status":"closed","ping_status":"closed","template":"","meta":{"_acf_changed":false,"footnotes":""},"class_list":["post-1093","page","type-page","status-publish","hentry"],"acf":[],"_links":{"self":[{"href":"https:\/\/www.dosimetria.com\/pt-pt\/wp-json\/wp\/v2\/pages\/1093"}],"collection":[{"href":"https:\/\/www.dosimetria.com\/pt-pt\/wp-json\/wp\/v2\/pages"}],"about":[{"href":"https:\/\/www.dosimetria.com\/pt-pt\/wp-json\/wp\/v2\/types\/page"}],"author":[{"embeddable":true,"href":"https:\/\/www.dosimetria.com\/pt-pt\/wp-json\/wp\/v2\/users\/22"}],"replies":[{"embeddable":true,"href":"https:\/\/www.dosimetria.com\/pt-pt\/wp-json\/wp\/v2\/comments?post=1093"}],"version-history":[{"count":1,"href":"https:\/\/www.dosimetria.com\/pt-pt\/wp-json\/wp\/v2\/pages\/1093\/revisions"}],"predecessor-version":[{"id":9190,"href":"https:\/\/www.dosimetria.com\/pt-pt\/wp-json\/wp\/v2\/pages\/1093\/revisions\/9190"}],"wp:attachment":[{"href":"https:\/\/www.dosimetria.com\/pt-pt\/wp-json\/wp\/v2\/media?parent=1093"}],"curies":[{"name":"wp","href":"https:\/\/api.w.org\/{rel}","templated":true}]}}