{"id":1144,"date":"2013-01-22T07:09:50","date_gmt":"2013-01-22T07:09:50","guid":{"rendered":"http:\/\/www.dosimetria.com\/dosimetria\/dosimetria-individual\/cristalino\/"},"modified":"2023-02-07T11:24:59","modified_gmt":"2023-02-07T10:24:59","slug":"cristalino","status":"publish","type":"page","link":"https:\/\/www.dosimetria.com\/pt-pt\/dosimetria\/dosimetria-individual\/cristalino\/","title":{"rendered":"Cristalino"},"content":{"rendered":"<p>No caso dos profissionais que, devido ao seu tipo de trabalho, necessitam da avalia\u00e7\u00e3o da dose equivalente no cristalino, podem utilizar para a estimativa desta dose o dos\u00edmetro espec\u00edfico de cristalino desenvolvido e fabricado pelo CD, calibrado em termos de HP(3) e cuja resposta foi verificada na compara\u00e7\u00e3o EURADOS IC2019exteye.<\/p>\n<p>Destacamos as seguintes caracter\u00edsticas funcionais:<\/p>\n<ul>\n<li>Uso \u00fanico, para eliminar a contamina\u00e7\u00e3o radioativa e aumentar a higiene.<\/li>\n<li>Estanque, a c\u00e1psula que aloja os detetores \u00e9 soldada por ultrassom.<\/li>\n<li>A sua forma plana e a superf\u00edcie facilitam uma ampla identifica\u00e7\u00e3o (utilizador, m\u00eas de uso e servi\u00e7o), com os dados gravados a laser.<\/li>\n<li>Ergonomia e flexibilidade, com v\u00e1rias alternativas de coloca\u00e7\u00e3o (fita, \u00f3culos, touca).<\/li>\n<li>De cor amarela nos meses \u00edmpares e azul nos pares, para os dos\u00edmetros mensais. E, de cor laranja nos trimestres \u00edmpares e preta nos pares, para os dos\u00edmetros trimestrais.<\/li>\n<\/ul>\n","protected":false},"excerpt":{"rendered":"<p>No caso dos profissionais que, devido ao seu tipo de trabalho, necessitam da avalia\u00e7\u00e3o da dose equivalente no cristalino, podem utilizar para a estimativa desta dose o dos\u00edmetro espec\u00edfico de cristalino desenvolvido e fabricado pelo CD, calibrado em termos de HP(3) e cuja resposta foi verificada na compara\u00e7\u00e3o EURADOS IC2019exteye. Destacamos as seguintes caracter\u00edsticas funcionais: [&hellip;]<\/p>\n","protected":false},"author":22,"featured_media":0,"parent":1029,"menu_order":4,"comment_status":"closed","ping_status":"open","template":"page-imagensuperior.php","meta":{"_acf_changed":false,"footnotes":""},"class_list":["post-1144","page","type-page","status-publish","hentry"],"acf":[],"_links":{"self":[{"href":"https:\/\/www.dosimetria.com\/pt-pt\/wp-json\/wp\/v2\/pages\/1144"}],"collection":[{"href":"https:\/\/www.dosimetria.com\/pt-pt\/wp-json\/wp\/v2\/pages"}],"about":[{"href":"https:\/\/www.dosimetria.com\/pt-pt\/wp-json\/wp\/v2\/types\/page"}],"author":[{"embeddable":true,"href":"https:\/\/www.dosimetria.com\/pt-pt\/wp-json\/wp\/v2\/users\/22"}],"replies":[{"embeddable":true,"href":"https:\/\/www.dosimetria.com\/pt-pt\/wp-json\/wp\/v2\/comments?post=1144"}],"version-history":[{"count":2,"href":"https:\/\/www.dosimetria.com\/pt-pt\/wp-json\/wp\/v2\/pages\/1144\/revisions"}],"predecessor-version":[{"id":8296,"href":"https:\/\/www.dosimetria.com\/pt-pt\/wp-json\/wp\/v2\/pages\/1144\/revisions\/8296"}],"up":[{"embeddable":true,"href":"https:\/\/www.dosimetria.com\/pt-pt\/wp-json\/wp\/v2\/pages\/1029"}],"wp:attachment":[{"href":"https:\/\/www.dosimetria.com\/pt-pt\/wp-json\/wp\/v2\/media?parent=1144"}],"curies":[{"name":"wp","href":"https:\/\/api.w.org\/{rel}","templated":true}]}}