{"id":1202,"date":"2013-01-22T07:11:07","date_gmt":"2013-01-22T07:11:07","guid":{"rendered":"http:\/\/www.dosimetria.com\/dosimetria\/dosimetria-individual\/suplente\/"},"modified":"2014-06-12T12:15:20","modified_gmt":"2014-06-12T10:15:20","slug":"suplente","status":"publish","type":"page","link":"https:\/\/www.dosimetria.com\/pt-pt\/dosimetria\/dosimetria-individual\/suplente\/","title":{"rendered":"Suplente"},"content":{"rendered":"<p style=\"text-align: justify;\">Para a determina\u00e7\u00e3o da dose eventual, os dos\u00edmetros de supl\u00eancia s\u00e3o dos\u00edmetros N\u00c3O nominais, de modo que a atribui\u00e7\u00e3o de dose \u00e9 realizada pelo respons\u00e1vel de protec\u00e7\u00e3o radiol\u00f3gica da instala\u00e7\u00e3o.<\/p>\n<ul>\n<li style=\"text-align: justify;\">Caso deseje-se que a dose registada fique consignada em uma ficha dosim\u00e9trica em nome do trabalhador, dever\u00e1 dar alta do servi\u00e7o ao usu\u00e1rio.<\/li>\n<li style=\"text-align: justify;\">Estes dos\u00edmetros enviam-se com a mesma periodicidade que os dos\u00edmetros nominais e n\u00e3o podem ser utilizados por v\u00e1rias pessoas durante o mesmo m\u00eas ou trimestre.<\/li>\n<li style=\"text-align: justify;\">Podem-se solicitar todas as configura\u00e7\u00f5es descritas anteriormente como dos\u00edmetro de supl\u00eancia: corpo inteiro, pulso e anel.<\/li>\n<\/ul>\n","protected":false},"excerpt":{"rendered":"<p>Para a determina\u00e7\u00e3o da dose eventual, os dos\u00edmetros de supl\u00eancia s\u00e3o dos\u00edmetros N\u00c3O nominais, de modo que a atribui\u00e7\u00e3o de dose \u00e9 realizada pelo respons\u00e1vel de protec\u00e7\u00e3o radiol\u00f3gica da instala\u00e7\u00e3o. Caso deseje-se que a dose registada fique consignada em uma ficha dosim\u00e9trica em nome do trabalhador, dever\u00e1 dar alta do servi\u00e7o ao usu\u00e1rio. Estes dos\u00edmetros [&hellip;]<\/p>\n","protected":false},"author":22,"featured_media":0,"parent":1029,"menu_order":7,"comment_status":"closed","ping_status":"open","template":"page-imagensuperior.php","meta":{"_acf_changed":false,"footnotes":""},"class_list":["post-1202","page","type-page","status-publish","hentry"],"acf":[],"_links":{"self":[{"href":"https:\/\/www.dosimetria.com\/pt-pt\/wp-json\/wp\/v2\/pages\/1202"}],"collection":[{"href":"https:\/\/www.dosimetria.com\/pt-pt\/wp-json\/wp\/v2\/pages"}],"about":[{"href":"https:\/\/www.dosimetria.com\/pt-pt\/wp-json\/wp\/v2\/types\/page"}],"author":[{"embeddable":true,"href":"https:\/\/www.dosimetria.com\/pt-pt\/wp-json\/wp\/v2\/users\/22"}],"replies":[{"embeddable":true,"href":"https:\/\/www.dosimetria.com\/pt-pt\/wp-json\/wp\/v2\/comments?post=1202"}],"version-history":[{"count":0,"href":"https:\/\/www.dosimetria.com\/pt-pt\/wp-json\/wp\/v2\/pages\/1202\/revisions"}],"up":[{"embeddable":true,"href":"https:\/\/www.dosimetria.com\/pt-pt\/wp-json\/wp\/v2\/pages\/1029"}],"wp:attachment":[{"href":"https:\/\/www.dosimetria.com\/pt-pt\/wp-json\/wp\/v2\/media?parent=1202"}],"curies":[{"name":"wp","href":"https:\/\/api.w.org\/{rel}","templated":true}]}}