{"id":1224,"date":"2013-01-22T07:10:43","date_gmt":"2013-01-22T07:10:43","guid":{"rendered":"http:\/\/www.dosimetria.com\/dosimetria\/dosimetria-individual\/abdomen\/"},"modified":"2016-06-27T11:35:45","modified_gmt":"2016-06-27T09:35:45","slug":"abdomen","status":"publish","type":"page","link":"https:\/\/www.dosimetria.com\/pt-pt\/dosimetria\/dosimetria-individual\/abdomen\/","title":{"rendered":"Abd\u00f3mem"},"content":{"rendered":"<p style=\"text-align: justify;\">Dos\u00edmetros utilizados durante a gravidez que se localizam no abd\u00f3mem com a finalidade de estimar a dose absorvida pelo feto.<\/p>\n<ul>\n<li>T\u00eam a mesma configura\u00e7\u00e3o que o dos\u00edmetro de corpo inteiro e se enviam ao usu\u00e1rio identificados da mesma maneira que estes.<\/li>\n<li>S\u00e3o sempre de cor verde. A cor azul e amarela dos meses ou trimestres pares e \u00edmpares \u00e9 observada na\u00a0placa interior.<\/li>\n<li>V\u00e3o protegidos por uma caixa de policarbonato transparente e com uma presilha para a correcta coloca\u00e7\u00e3o do dos\u00edmetro.<\/li>\n<\/ul>\n<p style=\"text-align: justify;\">Normas b\u00e1sicas de uso:<\/p>\n<ul>\n<li style=\"text-align: justify;\">Devem-se colocar no abd\u00f3mem e por baixo de qualquer protec\u00e7\u00e3o que se utilize.<\/li>\n<\/ul>\n","protected":false},"excerpt":{"rendered":"<p>Dos\u00edmetros utilizados durante a gravidez que se localizam no abd\u00f3mem com a finalidade de estimar a dose absorvida pelo feto. T\u00eam a mesma configura\u00e7\u00e3o que o dos\u00edmetro de corpo inteiro e se enviam ao usu\u00e1rio identificados da mesma maneira que estes. S\u00e3o sempre de cor verde. A cor azul e amarela dos meses ou trimestres [&hellip;]<\/p>\n","protected":false},"author":22,"featured_media":0,"parent":1029,"menu_order":6,"comment_status":"closed","ping_status":"closed","template":"page-imagensuperior.php","meta":{"_acf_changed":false,"footnotes":""},"class_list":["post-1224","page","type-page","status-publish","hentry"],"acf":[],"_links":{"self":[{"href":"https:\/\/www.dosimetria.com\/pt-pt\/wp-json\/wp\/v2\/pages\/1224"}],"collection":[{"href":"https:\/\/www.dosimetria.com\/pt-pt\/wp-json\/wp\/v2\/pages"}],"about":[{"href":"https:\/\/www.dosimetria.com\/pt-pt\/wp-json\/wp\/v2\/types\/page"}],"author":[{"embeddable":true,"href":"https:\/\/www.dosimetria.com\/pt-pt\/wp-json\/wp\/v2\/users\/22"}],"replies":[{"embeddable":true,"href":"https:\/\/www.dosimetria.com\/pt-pt\/wp-json\/wp\/v2\/comments?post=1224"}],"version-history":[{"count":0,"href":"https:\/\/www.dosimetria.com\/pt-pt\/wp-json\/wp\/v2\/pages\/1224\/revisions"}],"up":[{"embeddable":true,"href":"https:\/\/www.dosimetria.com\/pt-pt\/wp-json\/wp\/v2\/pages\/1029"}],"wp:attachment":[{"href":"https:\/\/www.dosimetria.com\/pt-pt\/wp-json\/wp\/v2\/media?parent=1224"}],"curies":[{"name":"wp","href":"https:\/\/api.w.org\/{rel}","templated":true}]}}