{"id":1236,"date":"2012-12-11T09:32:49","date_gmt":"2012-12-11T09:32:49","guid":{"rendered":"http:\/\/www.dosimetria.com\/dosimetria\/dosimetria-a-medida\/"},"modified":"2014-04-25T13:23:19","modified_gmt":"2014-04-25T11:23:19","slug":"dosimetria-a-medida","status":"publish","type":"page","link":"https:\/\/www.dosimetria.com\/pt-pt\/dosimetria\/dosimetria-a-medida\/","title":{"rendered":"Dosimetria sob medida"},"content":{"rendered":"<p style=\"text-align: justify;\">Desde os seus in\u00edcios,\u00a0<strong>centro de dosimetr\u00eda<\/strong> foi uma empresa pioneira no campo da dosimetria, tanto em n\u00edvel nacional como internacional, colaborando com organiza\u00e7\u00f5es, empresas e clientes do sector no desenvolvimento da dosimetria como tal. \u00c9 por isso que al\u00e9m da melhoria cont\u00ednua no Servi\u00e7o de Dosimetria Pessoal, dedicou-se a investir os seus esfor\u00e7os em definir e participar de outras aplica\u00e7\u00f5es adicionais ao SDP tradicional.<\/p>\n<p style=\"text-align: justify;\">Nesta parte mostram-se algumas das aplica\u00e7\u00f5es que tiveram resultados exitosos e que aplicam-se de forma pontual, sobretudo, na investiga\u00e7\u00e3o ou implanta\u00e7\u00e3o de melhorias em empresas do sector da sa\u00fade.<\/p>\n<p>&nbsp;<\/p>\n<p>&nbsp;<\/p>\n","protected":false},"excerpt":{"rendered":"<p>Desde os seus in\u00edcios,\u00a0centro de dosimetr\u00eda foi uma empresa pioneira no campo da dosimetria, tanto em n\u00edvel nacional como internacional, colaborando com organiza\u00e7\u00f5es, empresas e clientes do sector no desenvolvimento da dosimetria como tal. \u00c9 por isso que al\u00e9m da melhoria cont\u00ednua no Servi\u00e7o de Dosimetria Pessoal, dedicou-se a investir os seus esfor\u00e7os em definir [&hellip;]<\/p>\n","protected":false},"author":22,"featured_media":0,"parent":1025,"menu_order":3,"comment_status":"closed","ping_status":"open","template":"","meta":{"_acf_changed":false,"footnotes":""},"class_list":["post-1236","page","type-page","status-publish","hentry"],"acf":[],"_links":{"self":[{"href":"https:\/\/www.dosimetria.com\/pt-pt\/wp-json\/wp\/v2\/pages\/1236"}],"collection":[{"href":"https:\/\/www.dosimetria.com\/pt-pt\/wp-json\/wp\/v2\/pages"}],"about":[{"href":"https:\/\/www.dosimetria.com\/pt-pt\/wp-json\/wp\/v2\/types\/page"}],"author":[{"embeddable":true,"href":"https:\/\/www.dosimetria.com\/pt-pt\/wp-json\/wp\/v2\/users\/22"}],"replies":[{"embeddable":true,"href":"https:\/\/www.dosimetria.com\/pt-pt\/wp-json\/wp\/v2\/comments?post=1236"}],"version-history":[{"count":0,"href":"https:\/\/www.dosimetria.com\/pt-pt\/wp-json\/wp\/v2\/pages\/1236\/revisions"}],"up":[{"embeddable":true,"href":"https:\/\/www.dosimetria.com\/pt-pt\/wp-json\/wp\/v2\/pages\/1025"}],"wp:attachment":[{"href":"https:\/\/www.dosimetria.com\/pt-pt\/wp-json\/wp\/v2\/media?parent=1236"}],"curies":[{"name":"wp","href":"https:\/\/api.w.org\/{rel}","templated":true}]}}