{"id":1242,"date":"2012-11-06T11:35:28","date_gmt":"2012-11-06T11:35:28","guid":{"rendered":"http:\/\/www.dosimetria.com\/dosimetria\/dosimetria-ocupacional\/medio-ambiente\/"},"modified":"2016-06-27T11:41:33","modified_gmt":"2016-06-27T09:41:33","slug":"medio-ambiente","status":"publish","type":"page","link":"https:\/\/www.dosimetria.com\/pt-pt\/dosimetria\/dosimetria-ocupacional\/medio-ambiente\/","title":{"rendered":"Meio-ambiente"},"content":{"rendered":"<p style=\"text-align: justify;\">Estes dos\u00edmetros\u00a0est\u00e3o calibrados em dose equivalente ambiental H<sup>*<\/sup>(10). Actualmente dispomos de 2 configura\u00e7\u00f5es para realizar esta estima\u00e7\u00e3o de dose:<\/p>\n<ul>\n<li style=\"text-align: justify;\">Dos\u00edmetros ambientais para exterior: O desenho em forma de esfera deste tipo de dos\u00edmetros o faz especialmente adequado para a determina\u00e7\u00e3o da dose no exterior de instala\u00e7\u00f5es.<\/li>\n<li style=\"text-align: justify;\">Dos\u00edmetros ambientais para interior: De aplica\u00e7\u00e3o na medida da dose ambiental no interior das instala\u00e7\u00f5es.<\/li>\n<\/ul>\n","protected":false},"excerpt":{"rendered":"<p>Estes dos\u00edmetros\u00a0est\u00e3o calibrados em dose equivalente ambiental H*(10). Actualmente dispomos de 2 configura\u00e7\u00f5es para realizar esta estima\u00e7\u00e3o de dose: Dos\u00edmetros ambientais para exterior: O desenho em forma de esfera deste tipo de dos\u00edmetros o faz especialmente adequado para a determina\u00e7\u00e3o da dose no exterior de instala\u00e7\u00f5es. Dos\u00edmetros ambientais para interior: De aplica\u00e7\u00e3o na medida da [&hellip;]<\/p>\n","protected":false},"author":22,"featured_media":0,"parent":1233,"menu_order":2,"comment_status":"closed","ping_status":"closed","template":"page-imagensuperior.php","meta":{"_acf_changed":false,"footnotes":""},"class_list":["post-1242","page","type-page","status-publish","hentry"],"acf":[],"_links":{"self":[{"href":"https:\/\/www.dosimetria.com\/pt-pt\/wp-json\/wp\/v2\/pages\/1242"}],"collection":[{"href":"https:\/\/www.dosimetria.com\/pt-pt\/wp-json\/wp\/v2\/pages"}],"about":[{"href":"https:\/\/www.dosimetria.com\/pt-pt\/wp-json\/wp\/v2\/types\/page"}],"author":[{"embeddable":true,"href":"https:\/\/www.dosimetria.com\/pt-pt\/wp-json\/wp\/v2\/users\/22"}],"replies":[{"embeddable":true,"href":"https:\/\/www.dosimetria.com\/pt-pt\/wp-json\/wp\/v2\/comments?post=1242"}],"version-history":[{"count":0,"href":"https:\/\/www.dosimetria.com\/pt-pt\/wp-json\/wp\/v2\/pages\/1242\/revisions"}],"up":[{"embeddable":true,"href":"https:\/\/www.dosimetria.com\/pt-pt\/wp-json\/wp\/v2\/pages\/1233"}],"wp:attachment":[{"href":"https:\/\/www.dosimetria.com\/pt-pt\/wp-json\/wp\/v2\/media?parent=1242"}],"curies":[{"name":"wp","href":"https:\/\/api.w.org\/{rel}","templated":true}]}}