{"id":1245,"date":"2013-01-22T07:12:48","date_gmt":"2013-01-22T07:12:48","guid":{"rendered":"http:\/\/www.dosimetria.com\/dosimetria\/dosimetria-ocupacional\/puesto-de-trabajo\/"},"modified":"2013-07-18T23:04:34","modified_gmt":"2013-07-18T21:04:34","slug":"puesto-de-trabajo","status":"publish","type":"page","link":"https:\/\/www.dosimetria.com\/pt-pt\/dosimetria\/dosimetria-ocupacional\/puesto-de-trabajo\/","title":{"rendered":"Posto de trabalho"},"content":{"rendered":"<p style=\"text-align: justify;\">Os dos\u00edmetros de posto de trabalho est\u00e3o calibrados em dose equivalente pessoal superficial H<sub>P<\/sub>(0.07) e profunda H<sub>P<\/sub>(10), t\u00eam a mesma configura\u00e7\u00e3o que o dos\u00edmetro de corpo inteiro e seguem o mesmo processo que estes.<\/p>\n<p>Normas b\u00e1sicas de uso:<\/p>\n<ul>\n<li>Deve ser utilizado por todo o pessoal que compartilhe uma s\u00e9rie\u00a0de fun\u00e7\u00f5es e tarefas atribu\u00eddas ao posto de trabalho e que deseja-se controlar mediante este dos\u00edmetro.<\/li>\n<\/ul>\n<p style=\"text-align: justify;\">\u00c9 uma dosimetria pouco utilizada e somente \u00e9 recomendada se:<\/p>\n<ul>\n<li style=\"text-align: justify;\">A empresa tem um t\u00e9cnico de Protec\u00e7\u00e3o Radiol\u00f3gica capacitado tanto para definir a conveni\u00eancia desta dosimetria como de, uma vez emitido o resultado, tenha a capacidade de distribuir a dose equivalente final em fun\u00e7\u00e3o da carga de trabalho de cada operador.<\/li>\n<li style=\"text-align: justify;\">Da mesma forma que a dosimetria de \u00e1rea, o seu uso est\u00e1 condicionado a que as doses equivalentes registadas sejam inferiores ao n\u00edvel de registo.<\/li>\n<\/ul>\n<p>&nbsp;<\/p>\n","protected":false},"excerpt":{"rendered":"<p>Os dos\u00edmetros de posto de trabalho est\u00e3o calibrados em dose equivalente pessoal superficial HP(0.07) e profunda HP(10), t\u00eam a mesma configura\u00e7\u00e3o que o dos\u00edmetro de corpo inteiro e seguem o mesmo processo que estes. Normas b\u00e1sicas de uso: Deve ser utilizado por todo o pessoal que compartilhe uma s\u00e9rie\u00a0de fun\u00e7\u00f5es e tarefas atribu\u00eddas ao posto [&hellip;]<\/p>\n","protected":false},"author":22,"featured_media":0,"parent":1233,"menu_order":3,"comment_status":"closed","ping_status":"open","template":"","meta":{"_acf_changed":false,"footnotes":""},"class_list":["post-1245","page","type-page","status-publish","hentry"],"acf":[],"_links":{"self":[{"href":"https:\/\/www.dosimetria.com\/pt-pt\/wp-json\/wp\/v2\/pages\/1245"}],"collection":[{"href":"https:\/\/www.dosimetria.com\/pt-pt\/wp-json\/wp\/v2\/pages"}],"about":[{"href":"https:\/\/www.dosimetria.com\/pt-pt\/wp-json\/wp\/v2\/types\/page"}],"author":[{"embeddable":true,"href":"https:\/\/www.dosimetria.com\/pt-pt\/wp-json\/wp\/v2\/users\/22"}],"replies":[{"embeddable":true,"href":"https:\/\/www.dosimetria.com\/pt-pt\/wp-json\/wp\/v2\/comments?post=1245"}],"version-history":[{"count":0,"href":"https:\/\/www.dosimetria.com\/pt-pt\/wp-json\/wp\/v2\/pages\/1245\/revisions"}],"up":[{"embeddable":true,"href":"https:\/\/www.dosimetria.com\/pt-pt\/wp-json\/wp\/v2\/pages\/1233"}],"wp:attachment":[{"href":"https:\/\/www.dosimetria.com\/pt-pt\/wp-json\/wp\/v2\/media?parent=1245"}],"curies":[{"name":"wp","href":"https:\/\/api.w.org\/{rel}","templated":true}]}}