{"id":1249,"date":"2013-01-22T07:13:45","date_gmt":"2013-01-22T07:13:45","guid":{"rendered":"http:\/\/www.dosimetria.com\/dosimetria\/dosimetria-a-medida\/pruebas\/"},"modified":"2014-04-25T12:06:52","modified_gmt":"2014-04-25T10:06:52","slug":"pruebas","status":"publish","type":"page","link":"https:\/\/www.dosimetria.com\/pt-pt\/dosimetria\/dosimetria-a-medida\/pruebas\/","title":{"rendered":"Provas"},"content":{"rendered":"<p style=\"text-align: justify;\">A dosimetria de provas utiliza-se para determinar doses equivalentes a partir das quais n\u00e3o se vai deduzir nenhuma dose atribu\u00edvel a um trabalhador.<\/p>\n<ul>\n<li style=\"text-align: justify;\">Os dos\u00edmetros est\u00e3o calibrados em dose equivalente pessoal superficial H<sub>P<\/sub>(0.07) e profunda H<sub>P<\/sub>(10).<\/li>\n<li style=\"text-align: justify;\">T\u00eam a mesma configura\u00e7\u00e3o que o dos\u00edmetro de corpo inteiro e seguem o mesmo processo que estes.<\/li>\n<li style=\"text-align: justify;\">Enviam-se identificados mediante um c\u00f3digo de barras na parte posterior do dos\u00edmetro e na etiqueta da face anterior consta a palavra\u00a0&#8220;PROVA&#8221; e o nome que o respons\u00e1vel tenha indicado.<\/li>\n<\/ul>\n","protected":false},"excerpt":{"rendered":"<p>A dosimetria de provas utiliza-se para determinar doses equivalentes a partir das quais n\u00e3o se vai deduzir nenhuma dose atribu\u00edvel a um trabalhador. Os dos\u00edmetros est\u00e3o calibrados em dose equivalente pessoal superficial HP(0.07) e profunda HP(10). T\u00eam a mesma configura\u00e7\u00e3o que o dos\u00edmetro de corpo inteiro e seguem o mesmo processo que estes. Enviam-se identificados [&hellip;]<\/p>\n","protected":false},"author":22,"featured_media":0,"parent":1236,"menu_order":1,"comment_status":"closed","ping_status":"open","template":"","meta":{"_acf_changed":false,"footnotes":""},"class_list":["post-1249","page","type-page","status-publish","hentry"],"acf":[],"_links":{"self":[{"href":"https:\/\/www.dosimetria.com\/pt-pt\/wp-json\/wp\/v2\/pages\/1249"}],"collection":[{"href":"https:\/\/www.dosimetria.com\/pt-pt\/wp-json\/wp\/v2\/pages"}],"about":[{"href":"https:\/\/www.dosimetria.com\/pt-pt\/wp-json\/wp\/v2\/types\/page"}],"author":[{"embeddable":true,"href":"https:\/\/www.dosimetria.com\/pt-pt\/wp-json\/wp\/v2\/users\/22"}],"replies":[{"embeddable":true,"href":"https:\/\/www.dosimetria.com\/pt-pt\/wp-json\/wp\/v2\/comments?post=1249"}],"version-history":[{"count":0,"href":"https:\/\/www.dosimetria.com\/pt-pt\/wp-json\/wp\/v2\/pages\/1249\/revisions"}],"up":[{"embeddable":true,"href":"https:\/\/www.dosimetria.com\/pt-pt\/wp-json\/wp\/v2\/pages\/1236"}],"wp:attachment":[{"href":"https:\/\/www.dosimetria.com\/pt-pt\/wp-json\/wp\/v2\/media?parent=1249"}],"curies":[{"name":"wp","href":"https:\/\/api.w.org\/{rel}","templated":true}]}}