{"id":1252,"date":"2013-01-18T07:14:00","date_gmt":"2013-01-18T07:14:00","guid":{"rendered":"http:\/\/www.dosimetria.com\/dosimetria\/dosimetria-a-medida\/kit-de-pacientes\/"},"modified":"2016-06-27T11:45:35","modified_gmt":"2016-06-27T09:45:35","slug":"kit-de-pacientes","status":"publish","type":"page","link":"https:\/\/www.dosimetria.com\/pt-pt\/dosimetria\/dosimetria-a-medida\/kit-de-pacientes\/","title":{"rendered":"Kit de pacientes"},"content":{"rendered":"<p style=\"text-align: justify;\">Desde a publica\u00e7\u00e3o do \u2018RD. 1976\/1999, de 23 de dezembro, no qual estabelecem-se os crit\u00e9rios de qualidade em radiodiagn\u00f3stico&#8217;, <strong>centro de dosimetr\u00eda<\/strong> desenvolveu o servi\u00e7o de dose a pacientes mediante dosimetria por termoluminisc\u00eancia. Esta t\u00e9cnica de dosimetria aplica-se para calcular a dose na superf\u00edcie de entrada do paciente em uma explora\u00e7\u00e3o radiol\u00f3gica.<\/p>\n<p style=\"text-align: justify;\">O servi\u00e7o consiste em desenhar configura\u00e7\u00f5es de dos\u00edmetros especiais segundo a t\u00e9cnica radiol\u00f3gica que deseje-se avaliar. Da mesma forma que na dosimetria pessoal, os dos\u00edmetros s\u00e3o enviados ao cliente e, uma vez os\u00a0tenha utilizado, voltam ao centro leitor para ser lidos, emitindo-se o\u00a0relat\u00f3rio correspondente\u00a0ap\u00f3s a sua\u00a0avalia\u00e7\u00e3o.<\/p>\n<p style=\"text-align: justify;\">Actualmente disp\u00f5e-se de configura\u00e7\u00f5es adequadas para a verifica\u00e7\u00e3o de doses determinadas em emplora\u00e7\u00f5es radiol\u00f3gicas simples, em mamografia e em TAC.<\/p>\n","protected":false},"excerpt":{"rendered":"<p>Desde a publica\u00e7\u00e3o do \u2018RD. 1976\/1999, de 23 de dezembro, no qual estabelecem-se os crit\u00e9rios de qualidade em radiodiagn\u00f3stico&#8217;, centro de dosimetr\u00eda desenvolveu o servi\u00e7o de dose a pacientes mediante dosimetria por termoluminisc\u00eancia. Esta t\u00e9cnica de dosimetria aplica-se para calcular a dose na superf\u00edcie de entrada do paciente em uma explora\u00e7\u00e3o radiol\u00f3gica. O servi\u00e7o consiste [&hellip;]<\/p>\n","protected":false},"author":22,"featured_media":0,"parent":1236,"menu_order":2,"comment_status":"closed","ping_status":"open","template":"page-imagensuperior.php","meta":{"_acf_changed":false,"footnotes":""},"class_list":["post-1252","page","type-page","status-publish","hentry"],"acf":[],"_links":{"self":[{"href":"https:\/\/www.dosimetria.com\/pt-pt\/wp-json\/wp\/v2\/pages\/1252"}],"collection":[{"href":"https:\/\/www.dosimetria.com\/pt-pt\/wp-json\/wp\/v2\/pages"}],"about":[{"href":"https:\/\/www.dosimetria.com\/pt-pt\/wp-json\/wp\/v2\/types\/page"}],"author":[{"embeddable":true,"href":"https:\/\/www.dosimetria.com\/pt-pt\/wp-json\/wp\/v2\/users\/22"}],"replies":[{"embeddable":true,"href":"https:\/\/www.dosimetria.com\/pt-pt\/wp-json\/wp\/v2\/comments?post=1252"}],"version-history":[{"count":0,"href":"https:\/\/www.dosimetria.com\/pt-pt\/wp-json\/wp\/v2\/pages\/1252\/revisions"}],"up":[{"embeddable":true,"href":"https:\/\/www.dosimetria.com\/pt-pt\/wp-json\/wp\/v2\/pages\/1236"}],"wp:attachment":[{"href":"https:\/\/www.dosimetria.com\/pt-pt\/wp-json\/wp\/v2\/media?parent=1252"}],"curies":[{"name":"wp","href":"https:\/\/api.w.org\/{rel}","templated":true}]}}