{"id":1255,"date":"2013-01-22T07:14:36","date_gmt":"2013-01-22T07:14:36","guid":{"rendered":"http:\/\/www.dosimetria.com\/dosimetria\/dosimetria-a-medida\/verificacion-de-tenicas\/"},"modified":"2016-06-27T11:47:08","modified_gmt":"2016-06-27T09:47:08","slug":"verificacion-de-tenicas","status":"publish","type":"page","link":"https:\/\/www.dosimetria.com\/pt-pt\/dosimetria\/dosimetria-a-medida\/verificacion-de-tenicas\/","title":{"rendered":"Verifica\u00e7\u00e3o de t\u00e9cnicas"},"content":{"rendered":"<p style=\"text-align: justify;\"><strong>centro de dosimetr\u00eda<\/strong> participou em v\u00e1rios projectos de colabora\u00e7\u00e3o com hospitais para proporcionar, mediante dosimetria por termoluminisc\u00eancia, solu\u00e7\u00f5es para a determina\u00e7\u00e3o de doses em diversas aplica\u00e7\u00f5es. Isso normalmente realiza-se na fase inicial de novas t\u00e9cnicas radiol\u00f3gicas e\/ou radioter\u00e1picas, onde utilizam-se tamb\u00e9m dos\u00edmetros especiais para realizar estudos que permitam realizar a verifica\u00e7\u00e3o da dose obsorvida com a varia\u00e7\u00e3o dos par\u00e2metros utilizados na t\u00e9cnica.<\/p>\n<ul>\n<li style=\"text-align: justify;\">Verifica\u00e7\u00e3o de fase inicial de t\u00e9cnicas de radioterapia<\/li>\n<li style=\"text-align: justify;\">Dosimetria TLD \u201cIN VIVO\u201d para a verifica\u00e7\u00e3o da dose em tratamentos de irradia\u00e7\u00e3o corporal total.<\/li>\n<\/ul>\n","protected":false},"excerpt":{"rendered":"<p>centro de dosimetr\u00eda participou em v\u00e1rios projectos de colabora\u00e7\u00e3o com hospitais para proporcionar, mediante dosimetria por termoluminisc\u00eancia, solu\u00e7\u00f5es para a determina\u00e7\u00e3o de doses em diversas aplica\u00e7\u00f5es. Isso normalmente realiza-se na fase inicial de novas t\u00e9cnicas radiol\u00f3gicas e\/ou radioter\u00e1picas, onde utilizam-se tamb\u00e9m dos\u00edmetros especiais para realizar estudos que permitam realizar a verifica\u00e7\u00e3o da dose obsorvida com [&hellip;]<\/p>\n","protected":false},"author":22,"featured_media":0,"parent":1236,"menu_order":3,"comment_status":"closed","ping_status":"open","template":"page-imagensuperior.php","meta":{"_acf_changed":false,"footnotes":""},"class_list":["post-1255","page","type-page","status-publish","hentry"],"acf":[],"_links":{"self":[{"href":"https:\/\/www.dosimetria.com\/pt-pt\/wp-json\/wp\/v2\/pages\/1255"}],"collection":[{"href":"https:\/\/www.dosimetria.com\/pt-pt\/wp-json\/wp\/v2\/pages"}],"about":[{"href":"https:\/\/www.dosimetria.com\/pt-pt\/wp-json\/wp\/v2\/types\/page"}],"author":[{"embeddable":true,"href":"https:\/\/www.dosimetria.com\/pt-pt\/wp-json\/wp\/v2\/users\/22"}],"replies":[{"embeddable":true,"href":"https:\/\/www.dosimetria.com\/pt-pt\/wp-json\/wp\/v2\/comments?post=1255"}],"version-history":[{"count":0,"href":"https:\/\/www.dosimetria.com\/pt-pt\/wp-json\/wp\/v2\/pages\/1255\/revisions"}],"up":[{"embeddable":true,"href":"https:\/\/www.dosimetria.com\/pt-pt\/wp-json\/wp\/v2\/pages\/1236"}],"wp:attachment":[{"href":"https:\/\/www.dosimetria.com\/pt-pt\/wp-json\/wp\/v2\/media?parent=1255"}],"curies":[{"name":"wp","href":"https:\/\/api.w.org\/{rel}","templated":true}]}}