{"id":1263,"date":"2012-11-06T11:37:02","date_gmt":"2012-11-06T11:37:02","guid":{"rendered":"http:\/\/www.dosimetria.com\/servicios-sdp\/contratacion-servicio\/"},"modified":"2014-05-26T11:41:47","modified_gmt":"2014-05-26T09:41:47","slug":"contratacion-servicio","status":"publish","type":"page","link":"https:\/\/www.dosimetria.com\/pt-pt\/servicios-sdp\/contratacion-servicio\/","title":{"rendered":"Contrata\u00e7\u00e3o servi\u00e7o"},"content":{"rendered":"<p>Fases do processo de contrata\u00e7\u00e3o:<\/p>\n<p>1.- \u00a0Pedido de or\u00e7amento<\/p>\n<ul>\n<li>Utilize o formul\u00e1rio web &#8220;Pedido de or\u00e7amento&#8221;<\/li>\n<li>Ou &#8220;Envia-nos um email&#8221; para que entremos em contacto consigo<\/li>\n<li>Ou &#8220;Contacta-nos&#8221; nos telefones indicados<\/li>\n<\/ul>\n<p>2.- Proposta de servi\u00e7o<\/p>\n<p>Enviaremos um or\u00e7amento segundo o pre\u00e7\u00e1rio anexando:<\/p>\n<ul>\n<li>Documenta\u00e7\u00e3o t\u00e9cnica b\u00e1sica de apresenta\u00e7\u00e3o do servi\u00e7o<\/li>\n<li>Formul\u00e1rio de inscri\u00e7\u00e3o ao servi\u00e7o<\/li>\n<\/ul>\n<p>3- Activa\u00e7\u00e3o do servi\u00e7o e atribui\u00e7\u00e3o de dos\u00edmetros: caso haja interesse na contrata\u00e7\u00e3o<\/p>\n<ul>\n<li>Remeta preenchendo o formul\u00e1rio de inscri\u00e7\u00e3o<\/li>\n<li>Ser\u00e1 contactado para ser informado da alta e as condi\u00e7\u00f5es do servi\u00e7o<\/li>\n<li>Proceder-se-\u00e1 ao registo de inscri\u00e7\u00e3o, atribui\u00e7\u00e3o da dota\u00e7\u00e3o de dos\u00edmetros e envio aos centros de trabalho mediante a log\u00edstica escolhida<\/li>\n<\/ul>\n<p>4.- Actualiza\u00e7\u00e3o do contrato<\/p>\n<ul>\n<li>Emiss\u00e3o do certificado de alta no servi\u00e7o<\/li>\n<li>Segundo o tipo de contratante, preparar-se-\u00e1 um contrato adicional ao formul\u00e1rio de inscri\u00e7\u00e3o<\/li>\n<li>Actualizar-se-\u00e1 a dota\u00e7\u00e3o de dos\u00edmetros e os dados do usu\u00e1rio mediante as comunica\u00e7\u00f5es documentadas\u00a0ao departamento de clientes das altera\u00e7\u00f5es requisitadas pelo contratante ou respons\u00e1vel atribu\u00eddo durante a execu\u00e7\u00e3o do mesmo<\/li>\n<\/ul>\n","protected":false},"excerpt":{"rendered":"<p>Fases do processo de contrata\u00e7\u00e3o: 1.- \u00a0Pedido de or\u00e7amento Utilize o formul\u00e1rio web &#8220;Pedido de or\u00e7amento&#8221; Ou &#8220;Envia-nos um email&#8221; para que entremos em contacto consigo Ou &#8220;Contacta-nos&#8221; nos telefones indicados 2.- Proposta de servi\u00e7o Enviaremos um or\u00e7amento segundo o pre\u00e7\u00e1rio anexando: Documenta\u00e7\u00e3o t\u00e9cnica b\u00e1sica de apresenta\u00e7\u00e3o do servi\u00e7o Formul\u00e1rio de inscri\u00e7\u00e3o ao servi\u00e7o 3- [&hellip;]<\/p>\n","protected":false},"author":22,"featured_media":0,"parent":1055,"menu_order":1,"comment_status":"closed","ping_status":"open","template":"","meta":{"_acf_changed":false,"footnotes":""},"class_list":["post-1263","page","type-page","status-publish","hentry"],"acf":[],"_links":{"self":[{"href":"https:\/\/www.dosimetria.com\/pt-pt\/wp-json\/wp\/v2\/pages\/1263"}],"collection":[{"href":"https:\/\/www.dosimetria.com\/pt-pt\/wp-json\/wp\/v2\/pages"}],"about":[{"href":"https:\/\/www.dosimetria.com\/pt-pt\/wp-json\/wp\/v2\/types\/page"}],"author":[{"embeddable":true,"href":"https:\/\/www.dosimetria.com\/pt-pt\/wp-json\/wp\/v2\/users\/22"}],"replies":[{"embeddable":true,"href":"https:\/\/www.dosimetria.com\/pt-pt\/wp-json\/wp\/v2\/comments?post=1263"}],"version-history":[{"count":0,"href":"https:\/\/www.dosimetria.com\/pt-pt\/wp-json\/wp\/v2\/pages\/1263\/revisions"}],"up":[{"embeddable":true,"href":"https:\/\/www.dosimetria.com\/pt-pt\/wp-json\/wp\/v2\/pages\/1055"}],"wp:attachment":[{"href":"https:\/\/www.dosimetria.com\/pt-pt\/wp-json\/wp\/v2\/media?parent=1263"}],"curies":[{"name":"wp","href":"https:\/\/api.w.org\/{rel}","templated":true}]}}