{"id":1266,"date":"2012-11-06T11:37:45","date_gmt":"2012-11-06T11:37:45","guid":{"rendered":"http:\/\/www.dosimetria.com\/servicios-sdp\/envios-dosimetros\/"},"modified":"2016-06-27T11:52:41","modified_gmt":"2016-06-27T09:52:41","slug":"envios-dosimetros","status":"publish","type":"page","link":"https:\/\/www.dosimetria.com\/pt-pt\/servicios-sdp\/envios-dosimetros\/","title":{"rendered":"Envios dos\u00edmetros"},"content":{"rendered":"<p style=\"text-align: justify;\">A <strong>log\u00edstica<\/strong> \u00e9 um processo fundamental para o bom funcionamento do servi\u00e7o. Os envios dos dos\u00edmetros aos clientes e o seu retorno devem permitir o rastreamento e o seguimento dos mesmos. \u00c9 por isso que <strong>centro de\u00a0dosimetr\u00eda<\/strong> trabalha numa estreita colabora\u00e7\u00e3o com empresas de distribui\u00e7\u00e3o para todo o territ\u00f3rio nacional nos seguintes aspectos:<\/p>\n<ul style=\"text-align: justify;\">\n<li>Contrato anual com empresas distribuidoras<\/li>\n<li>Revis\u00e3o anual do pre\u00e7\u00e1rio<\/li>\n<li>Codifica\u00e7\u00e3o dos envios<\/li>\n<li>Integra\u00e7\u00e3o de bases de dados que permitam o seguimento (rastreio) do envio e a identifica\u00e7\u00e3o do motivo de perda<\/li>\n<li>Abono ou elimina\u00e7\u00e3o do encargo por perda dos dos\u00edmetros, se o motivo \u00e9 alheio ao cliente e cumpre as especifica\u00e7\u00f5es contratadas.<\/li>\n<\/ul>\n<p style=\"text-align: justify;\">Possibilidade de contratar\u00a0diferentes<strong>\u00a0modalidades\u00a0de envios <\/strong>segundo as necessidades do cliente:<\/p>\n<ul style=\"text-align: justify;\">\n<li>Correio registado<\/li>\n<li>Servi\u00e7o de estafeta por um fornecedor de <strong>centro de\u00a0dosimetr\u00eda<\/strong><\/li>\n<li>Servi\u00e7o de estafeta cliente<\/li>\n<li>Envios especiais<\/li>\n<\/ul>\n<p style=\"text-align: justify;\">Os fornecedores\u00a0utilizados pelo <strong>centro de\u00a0dosimetr\u00eda<\/strong> s\u00e3o:<\/p>\n<ul style=\"text-align: justify;\">\n<li>CTT &#8211; Correios de Portugal<\/li>\n<li>Servi\u00e7o de estafeta com alcance em toda a pen\u00ednsula ib\u00e9rica<\/li>\n<\/ul>\n<p style=\"text-align: justify;\">A <strong>embalagem<\/strong> utilizada para estes envios \u00e9 outro factor fundamental para garantir o bom tratamento dos pacotes durante o transporte. Por isso, o centro de dosimetria fornece diferentes tipos de embalagem\u00a0tanto\u00a0de ida, como de volta, diferenciando-se segundo a tipologia do cliente\/envio e todos marcados com o s\u00edmbolo de &#8220;N\u00e3o irradiar&#8221;.<\/p>\n<p>&nbsp;<\/p>\n","protected":false},"excerpt":{"rendered":"<p>A log\u00edstica \u00e9 um processo fundamental para o bom funcionamento do servi\u00e7o. Os envios dos dos\u00edmetros aos clientes e o seu retorno devem permitir o rastreamento e o seguimento dos mesmos. \u00c9 por isso que centro de\u00a0dosimetr\u00eda trabalha numa estreita colabora\u00e7\u00e3o com empresas de distribui\u00e7\u00e3o para todo o territ\u00f3rio nacional nos seguintes aspectos: Contrato anual [&hellip;]<\/p>\n","protected":false},"author":22,"featured_media":0,"parent":1055,"menu_order":2,"comment_status":"closed","ping_status":"open","template":"page-imagensuperior.php","meta":{"_acf_changed":false,"footnotes":""},"class_list":["post-1266","page","type-page","status-publish","hentry"],"acf":[],"_links":{"self":[{"href":"https:\/\/www.dosimetria.com\/pt-pt\/wp-json\/wp\/v2\/pages\/1266"}],"collection":[{"href":"https:\/\/www.dosimetria.com\/pt-pt\/wp-json\/wp\/v2\/pages"}],"about":[{"href":"https:\/\/www.dosimetria.com\/pt-pt\/wp-json\/wp\/v2\/types\/page"}],"author":[{"embeddable":true,"href":"https:\/\/www.dosimetria.com\/pt-pt\/wp-json\/wp\/v2\/users\/22"}],"replies":[{"embeddable":true,"href":"https:\/\/www.dosimetria.com\/pt-pt\/wp-json\/wp\/v2\/comments?post=1266"}],"version-history":[{"count":0,"href":"https:\/\/www.dosimetria.com\/pt-pt\/wp-json\/wp\/v2\/pages\/1266\/revisions"}],"up":[{"embeddable":true,"href":"https:\/\/www.dosimetria.com\/pt-pt\/wp-json\/wp\/v2\/pages\/1055"}],"wp:attachment":[{"href":"https:\/\/www.dosimetria.com\/pt-pt\/wp-json\/wp\/v2\/media?parent=1266"}],"curies":[{"name":"wp","href":"https:\/\/api.w.org\/{rel}","templated":true}]}}