{"id":1280,"date":"2012-11-06T11:40:30","date_gmt":"2012-11-06T11:40:30","guid":{"rendered":"http:\/\/www.dosimetria.com\/servicios-sdp\/servicios-adicionales\/"},"modified":"2014-06-11T12:35:39","modified_gmt":"2014-06-11T10:35:39","slug":"servicios-especiales","status":"publish","type":"page","link":"https:\/\/www.dosimetria.com\/pt-pt\/servicios-sdp\/servicios-especiales\/","title":{"rendered":"Servi\u00e7os adicionais"},"content":{"rendered":"<p style=\"text-align: justify;\"><strong>centro de dosimetr\u00eda<\/strong> tem implantado uma s\u00e9rie de procedimentos espec\u00edficos segundo a tipologia de cliente, tanto na \u00e1rea t\u00e9cnica como de gest\u00e3o, e cuja finalidade \u00e9 fornecer ao cliente um servi\u00e7o adicional que facilite o bom uso da dosimetria.\u00a0Destacam-se os seguintes:<\/p>\n<p style=\"text-align: justify;\"><strong>Procedimentos \u00e1rea t\u00e9cnica<\/strong><\/p>\n<ul style=\"text-align: justify;\">\n<li>Atribui\u00e7\u00e3o espec\u00edfica de dose por perda de informa\u00e7\u00e3o dosim\u00e9trica.<\/li>\n<li>Procedimento para irradia\u00e7\u00f5es acidentais.<\/li>\n<li>Assessoramento no caso de potencial sobre-exposi\u00e7\u00e3o.<\/li>\n<\/ul>\n<p style=\"text-align: justify;\"><strong>Procedimentos \u00e1rea de gest\u00e3o<\/strong><\/p>\n<ul style=\"text-align: justify;\">\n<li>Rela\u00e7\u00e3o de entrega e rece\u00e7\u00e3o de dos\u00edmetros.<\/li>\n<li>Relat\u00f3rio de dos\u00edmetros n\u00e3o recebidos.<\/li>\n<li>Seguimento em tempo real (rastreio) do estado dos envios.<\/li>\n<li>Possibilidade de contratar servi\u00e7os log\u00edsticos de devolu\u00e7\u00e3o a pre\u00e7os competitivos.<\/li>\n<\/ul>\n<p style=\"text-align: justify;\">\n","protected":false},"excerpt":{"rendered":"<p>centro de dosimetr\u00eda tem implantado uma s\u00e9rie de procedimentos espec\u00edficos segundo a tipologia de cliente, tanto na \u00e1rea t\u00e9cnica como de gest\u00e3o, e cuja finalidade \u00e9 fornecer ao cliente um servi\u00e7o adicional que facilite o bom uso da dosimetria.\u00a0Destacam-se os seguintes: Procedimentos \u00e1rea t\u00e9cnica Atribui\u00e7\u00e3o espec\u00edfica de dose por perda de informa\u00e7\u00e3o dosim\u00e9trica. Procedimento para [&hellip;]<\/p>\n","protected":false},"author":22,"featured_media":0,"parent":1055,"menu_order":7,"comment_status":"closed","ping_status":"open","template":"","meta":{"_acf_changed":false,"footnotes":""},"class_list":["post-1280","page","type-page","status-publish","hentry"],"acf":[],"_links":{"self":[{"href":"https:\/\/www.dosimetria.com\/pt-pt\/wp-json\/wp\/v2\/pages\/1280"}],"collection":[{"href":"https:\/\/www.dosimetria.com\/pt-pt\/wp-json\/wp\/v2\/pages"}],"about":[{"href":"https:\/\/www.dosimetria.com\/pt-pt\/wp-json\/wp\/v2\/types\/page"}],"author":[{"embeddable":true,"href":"https:\/\/www.dosimetria.com\/pt-pt\/wp-json\/wp\/v2\/users\/22"}],"replies":[{"embeddable":true,"href":"https:\/\/www.dosimetria.com\/pt-pt\/wp-json\/wp\/v2\/comments?post=1280"}],"version-history":[{"count":0,"href":"https:\/\/www.dosimetria.com\/pt-pt\/wp-json\/wp\/v2\/pages\/1280\/revisions"}],"up":[{"embeddable":true,"href":"https:\/\/www.dosimetria.com\/pt-pt\/wp-json\/wp\/v2\/pages\/1055"}],"wp:attachment":[{"href":"https:\/\/www.dosimetria.com\/pt-pt\/wp-json\/wp\/v2\/media?parent=1280"}],"curies":[{"name":"wp","href":"https:\/\/api.w.org\/{rel}","templated":true}]}}