{"id":1289,"date":"2012-11-06T11:39:53","date_gmt":"2012-11-06T11:39:53","guid":{"rendered":"http:\/\/www.dosimetria.com\/servicios-sdp\/dosimetria-on-line\/"},"modified":"2017-06-14T13:27:13","modified_gmt":"2017-06-14T11:27:13","slug":"dosimetria-online","status":"publish","type":"page","link":"https:\/\/www.dosimetria.com\/pt-pt\/servicios-sdp\/dosimetria-online\/","title":{"rendered":"Dosimetria online"},"content":{"rendered":"<p style=\"text-align: justify;\">Para empresas de estrutura complexa o servi\u00e7o inclui o acesso\u00a0ao aplicativo\u00a0telem\u00e1tico\u00a0<strong>cdNET<\/strong>\u00a0onde se pode consultar em tempo real as bases de dados de <strong>centro de dosimetr\u00eda<\/strong>, obtendo informa\u00e7\u00e3o fidedigna de:<\/p>\n<ul style=\"text-align: justify;\">\n<li>Dados dos controlos dosim\u00e9tricos<\/li>\n<li>Doses equivalentes<\/li>\n<li>Relat\u00f3rios mensais e trimestrais e Relat\u00f3rios anuais individuais<\/li>\n<li>Expedientes em fase de resolu\u00e7\u00e3o<\/li>\n<li>Estado dos envios<\/li>\n<\/ul>\n<p style=\"text-align: justify;\">O acesso \u00e0 aplica\u00e7\u00e3o realiza-se de forma simples e em cumprimento com a Lei de Protec\u00e7\u00e3o de Dados.<\/p>\n<p style=\"text-align: justify;\"><img loading=\"lazy\" decoding=\"async\" class=\"alignnone size-full wp-image-498\" title=\"IPad3-CD_v3\" src=\"https:\/\/www.dosimetria.com\/wp-content\/uploads\/2012\/11\/IPad3-CD_v3.jpg\" alt=\"\" width=\"226\" height=\"170\" srcset=\"https:\/\/www.dosimetria.com\/wp-content\/uploads\/2012\/11\/IPad3-CD_v3.jpg 226w, https:\/\/www.dosimetria.com\/wp-content\/uploads\/2012\/11\/IPad3-CD_v3-170x127.jpg 170w\" sizes=\"(max-width: 226px) 100vw, 226px\" \/><\/p>\n","protected":false},"excerpt":{"rendered":"<p>Para empresas de estrutura complexa o servi\u00e7o inclui o acesso\u00a0ao aplicativo\u00a0telem\u00e1tico\u00a0cdNET\u00a0onde se pode consultar em tempo real as bases de dados de centro de dosimetr\u00eda, obtendo informa\u00e7\u00e3o fidedigna de: Dados dos controlos dosim\u00e9tricos Doses equivalentes Relat\u00f3rios mensais e trimestrais e Relat\u00f3rios anuais individuais Expedientes em fase de resolu\u00e7\u00e3o Estado dos envios O acesso \u00e0 aplica\u00e7\u00e3o [&hellip;]<\/p>\n","protected":false},"author":22,"featured_media":0,"parent":1055,"menu_order":6,"comment_status":"closed","ping_status":"open","template":"","meta":{"_acf_changed":false,"footnotes":""},"class_list":["post-1289","page","type-page","status-publish","hentry"],"acf":[],"_links":{"self":[{"href":"https:\/\/www.dosimetria.com\/pt-pt\/wp-json\/wp\/v2\/pages\/1289"}],"collection":[{"href":"https:\/\/www.dosimetria.com\/pt-pt\/wp-json\/wp\/v2\/pages"}],"about":[{"href":"https:\/\/www.dosimetria.com\/pt-pt\/wp-json\/wp\/v2\/types\/page"}],"author":[{"embeddable":true,"href":"https:\/\/www.dosimetria.com\/pt-pt\/wp-json\/wp\/v2\/users\/22"}],"replies":[{"embeddable":true,"href":"https:\/\/www.dosimetria.com\/pt-pt\/wp-json\/wp\/v2\/comments?post=1289"}],"version-history":[{"count":0,"href":"https:\/\/www.dosimetria.com\/pt-pt\/wp-json\/wp\/v2\/pages\/1289\/revisions"}],"up":[{"embeddable":true,"href":"https:\/\/www.dosimetria.com\/pt-pt\/wp-json\/wp\/v2\/pages\/1055"}],"wp:attachment":[{"href":"https:\/\/www.dosimetria.com\/pt-pt\/wp-json\/wp\/v2\/media?parent=1289"}],"curies":[{"name":"wp","href":"https:\/\/api.w.org\/{rel}","templated":true}]}}