{"id":1295,"date":"2012-11-06T11:41:13","date_gmt":"2012-11-06T11:41:13","guid":{"rendered":"http:\/\/www.dosimetria.com\/laboratorio\/procesos\/"},"modified":"2014-04-25T11:37:50","modified_gmt":"2014-04-25T09:37:50","slug":"procesos","status":"publish","type":"page","link":"https:\/\/www.dosimetria.com\/pt-pt\/laboratorio\/procesos\/","title":{"rendered":"Processos"},"content":{"rendered":"<p>Os principais processos dos servi\u00e7os realizados na \u00e1rea t\u00e9cnica s\u00e3o:<\/p>\n<p><strong>Desenho e fabrica\u00e7\u00e3o dos dos\u00edmetros:<\/strong><\/p>\n<ul>\n<li>Inicializa\u00e7\u00e3o do uso de dos\u00edmetros novos<\/li>\n<li>Reciclagem de dos\u00edmetros<\/li>\n<li>Etiqueta\u00e7\u00e3o de dos\u00edmetros<\/li>\n<\/ul>\n<p><strong>Processos estrat\u00e9gicos do laborat\u00f3rio<\/strong><\/p>\n<ul>\n<li>Gest\u00e3o com organismos reguladores (ITN e DGS)<\/li>\n<li>Seguimento e actualiza\u00e7\u00e3o de normativas do sector, qualidade, etc..<\/li>\n<li>Investiga\u00e7\u00e3o e desenvolvimento cont\u00ednuo de produtos, processos e materiais<\/li>\n<li>Seguimento, avalia\u00e7\u00e3o e controlo do m\u00e9todo de ensaio (leitura e relat\u00f3rios)<\/li>\n<li>Calibra\u00e7\u00f5es do sistema dosim\u00e9trico<\/li>\n<li>Participa\u00e7\u00e3o em intercompara\u00e7\u00f5es<\/li>\n<li>Gest\u00e3o de recursos do laborat\u00f3rio<\/li>\n<\/ul>\n<p><strong>Processos operativos de ensaios dosim\u00e9tricos<\/strong><\/p>\n<ul>\n<li>Leitura dos dos\u00edmetros<\/li>\n<li>Controlo de qualidade di\u00e1rio dos leitores<\/li>\n<li>Filtro de incid\u00eancias na leitura<\/li>\n<li>C\u00e1lculo e atribui\u00e7\u00e3o das doses<\/li>\n<li>Controlo dos processos e cumprimento do plano di\u00e1rio, mensal, trimestral, etc.<\/li>\n<li>Manuten\u00e7\u00e3o dos equipamentos<\/li>\n<\/ul>\n<p><strong>Gest\u00e3o dos relat\u00f3rios: Emiss\u00e3o, revis\u00e3o e registo<\/strong><\/p>\n<ul>\n<li>Relat\u00f3rios mensais ou trimestrais de dosimetria pessoal<\/li>\n<li>Relat\u00f3rio individual anual de dosimetria pessoal<\/li>\n<li>Resumo individual anual de dosimetria pessoal<\/li>\n<li>Tramita\u00e7\u00e3o das sobre-exposi\u00e7\u00f5es \u00e0 DGS<\/li>\n<\/ul>\n<p><strong>Seguimento do funcionamento do servi\u00e7o e resolu\u00e7\u00e3o de incid\u00eancias\u00a0<\/strong><\/p>\n<ul>\n<li>Seguimento mensal ou trimestral dos dos\u00edmetros n\u00e3o recebidos<\/li>\n<li>Tratamento dos casos de perda de informa\u00e7\u00e3o dosim\u00e9trica<\/li>\n<\/ul>\n","protected":false},"excerpt":{"rendered":"<p>Os principais processos dos servi\u00e7os realizados na \u00e1rea t\u00e9cnica s\u00e3o: Desenho e fabrica\u00e7\u00e3o dos dos\u00edmetros: Inicializa\u00e7\u00e3o do uso de dos\u00edmetros novos Reciclagem de dos\u00edmetros Etiqueta\u00e7\u00e3o de dos\u00edmetros Processos estrat\u00e9gicos do laborat\u00f3rio Gest\u00e3o com organismos reguladores (ITN e DGS) Seguimento e actualiza\u00e7\u00e3o de normativas do sector, qualidade, etc.. Investiga\u00e7\u00e3o e desenvolvimento cont\u00ednuo de produtos, processos e [&hellip;]<\/p>\n","protected":false},"author":22,"featured_media":0,"parent":1086,"menu_order":1,"comment_status":"closed","ping_status":"open","template":"","meta":{"_acf_changed":false,"footnotes":""},"class_list":["post-1295","page","type-page","status-publish","hentry"],"acf":[],"_links":{"self":[{"href":"https:\/\/www.dosimetria.com\/pt-pt\/wp-json\/wp\/v2\/pages\/1295"}],"collection":[{"href":"https:\/\/www.dosimetria.com\/pt-pt\/wp-json\/wp\/v2\/pages"}],"about":[{"href":"https:\/\/www.dosimetria.com\/pt-pt\/wp-json\/wp\/v2\/types\/page"}],"author":[{"embeddable":true,"href":"https:\/\/www.dosimetria.com\/pt-pt\/wp-json\/wp\/v2\/users\/22"}],"replies":[{"embeddable":true,"href":"https:\/\/www.dosimetria.com\/pt-pt\/wp-json\/wp\/v2\/comments?post=1295"}],"version-history":[{"count":0,"href":"https:\/\/www.dosimetria.com\/pt-pt\/wp-json\/wp\/v2\/pages\/1295\/revisions"}],"up":[{"embeddable":true,"href":"https:\/\/www.dosimetria.com\/pt-pt\/wp-json\/wp\/v2\/pages\/1086"}],"wp:attachment":[{"href":"https:\/\/www.dosimetria.com\/pt-pt\/wp-json\/wp\/v2\/media?parent=1295"}],"curies":[{"name":"wp","href":"https:\/\/api.w.org\/{rel}","templated":true}]}}