{"id":1298,"date":"2012-11-06T11:41:30","date_gmt":"2012-11-06T11:41:30","guid":{"rendered":"http:\/\/www.dosimetria.com\/laboratorio\/equipos\/"},"modified":"2014-06-11T11:39:31","modified_gmt":"2014-06-11T09:39:31","slug":"equipos","status":"publish","type":"page","link":"https:\/\/www.dosimetria.com\/pt-pt\/laboratorio\/equipos\/","title":{"rendered":"Equipamentos"},"content":{"rendered":"<p>O laborat\u00f3rio disp\u00f5e dos meios t\u00e9cnicos necess\u00e1rios para desenvolver os ensaios segundo as necessidades dos clientes, e cumpre com os requisitos definidos tanto pelo organismo regulador (DGS) como pela NORMA \u00a0ISO\/IEC 17025.<\/p>\n<p style=\"text-align: justify;\">Os<strong> equipamentos<\/strong> que comp\u00f5em o Sistema de Dosimetria TL s\u00e3o:<\/p>\n<ul style=\"text-align: justify;\">\n<li>5 Leitores autom\u00e1ticos de termoluminisc\u00eancia<\/li>\n<li>1 Leitor manual de termoluminisc\u00eancia dedicado \u00e0s avalia\u00e7\u00f5es especiais<\/li>\n<li>1 Equipamento Irradiador dedicado aos processos de controlo de qualidade<\/li>\n<li>2 Fornos onde efectuam-se tratamentos t\u00e9rmicos especiais dos detectores TL<\/li>\n<li>1 Esta\u00e7\u00e3o geradora de nitrog\u00e9nio<\/li>\n<\/ul>\n<p>Os principais<strong>\u00a0instrumentos<\/strong> utilizados para o seguimento, verifica\u00e7\u00e3o e manuten\u00e7\u00e3o,\u00a0tanto dos processos como das condi\u00e7\u00f5es ambientais da sala, s\u00e3o:<\/p>\n<ul style=\"text-align: justify;\">\n<li>Analisador de pureza de nitrog\u00e9nio<\/li>\n<li>PC\u00b4s e monitores de seguimento para cada leitor<\/li>\n<li>Equipamento de ar condicionado independente<\/li>\n<li>Term\u00f3metro, Bar\u00f3metro e Higr\u00f3metro<\/li>\n<li>Monitor de radia\u00e7\u00e3o ambiental<\/li>\n<\/ul>\n<p style=\"text-align: justify;\">As f<strong>erramentas<\/strong> utilizadas para a codifica\u00e7\u00e3o e rastreabilidade dos dos\u00edmetros s\u00e3o:<\/p>\n<ul style=\"text-align: justify;\">\n<li>Leitores de c\u00f3digos de barras<\/li>\n<li>Gravadora e furador<\/li>\n<li>Impressoras de etiquetas exclusiva para dos\u00edmetros<\/li>\n<\/ul>\n<p style=\"text-align: justify;\">\u00a0<strong>Tecnologia inform\u00e1tica<\/strong> baseada num ERP, Sistema Inform\u00e1tico Integrado com o resto das \u00e1reas do Servi\u00e7o de Dosimetria Pessoal, com um servidor independente para os equipamentos de leitura e c\u00f3pias de seguran\u00e7a, etc.<\/p>\n","protected":false},"excerpt":{"rendered":"<p>O laborat\u00f3rio disp\u00f5e dos meios t\u00e9cnicos necess\u00e1rios para desenvolver os ensaios segundo as necessidades dos clientes, e cumpre com os requisitos definidos tanto pelo organismo regulador (DGS) como pela NORMA \u00a0ISO\/IEC 17025. Os equipamentos que comp\u00f5em o Sistema de Dosimetria TL s\u00e3o: 5 Leitores autom\u00e1ticos de termoluminisc\u00eancia 1 Leitor manual de termoluminisc\u00eancia dedicado \u00e0s avalia\u00e7\u00f5es [&hellip;]<\/p>\n","protected":false},"author":22,"featured_media":0,"parent":1086,"menu_order":2,"comment_status":"closed","ping_status":"open","template":"","meta":{"_acf_changed":false,"footnotes":""},"class_list":["post-1298","page","type-page","status-publish","hentry"],"acf":[],"_links":{"self":[{"href":"https:\/\/www.dosimetria.com\/pt-pt\/wp-json\/wp\/v2\/pages\/1298"}],"collection":[{"href":"https:\/\/www.dosimetria.com\/pt-pt\/wp-json\/wp\/v2\/pages"}],"about":[{"href":"https:\/\/www.dosimetria.com\/pt-pt\/wp-json\/wp\/v2\/types\/page"}],"author":[{"embeddable":true,"href":"https:\/\/www.dosimetria.com\/pt-pt\/wp-json\/wp\/v2\/users\/22"}],"replies":[{"embeddable":true,"href":"https:\/\/www.dosimetria.com\/pt-pt\/wp-json\/wp\/v2\/comments?post=1298"}],"version-history":[{"count":0,"href":"https:\/\/www.dosimetria.com\/pt-pt\/wp-json\/wp\/v2\/pages\/1298\/revisions"}],"up":[{"embeddable":true,"href":"https:\/\/www.dosimetria.com\/pt-pt\/wp-json\/wp\/v2\/pages\/1086"}],"wp:attachment":[{"href":"https:\/\/www.dosimetria.com\/pt-pt\/wp-json\/wp\/v2\/media?parent=1298"}],"curies":[{"name":"wp","href":"https:\/\/api.w.org\/{rel}","templated":true}]}}